{"id":5985,"date":"2025-12-16T16:19:40","date_gmt":"2025-12-16T13:19:40","guid":{"rendered":"https:\/\/wristbandfactory.eu\/?post_type=product&#038;p=5985"},"modified":"2026-04-01T21:52:35","modified_gmt":"2026-04-01T18:52:35","slug":"custom-knitted-socks-with-logo-cotton-bamboo-merino-sports","status":"publish","type":"product","link":"https:\/\/displayproducts.eu\/sv\/p\/custom-knitted-socks-with-logo-cotton-bamboo-merino-sports\/","title":{"rendered":"Stickade strumpor med tryck"},"content":{"rendered":"<p data-path-to-node=\"10\">F\u00f6rvandla ett vardagsn\u00f6dv\u00e4ndigt plagg till ditt varum\u00e4rkes mest popul\u00e4ra vara. <b>Anpassade stickade strumpor<\/b> \u00e4r inte bara tryckta; de skapas fr\u00e5n grunden med jacquardv\u00e4vteknik. Det inneb\u00e4r att din logotyp och design stickas direkt i tyget med upp till 5 olika garnf\u00e4rger, vilket s\u00e4kerst\u00e4ller att designen aldrig flagnar eller bleknar.<\/p>\n<p data-path-to-node=\"11\">Oavsett om du beh\u00f6ver professionella f\u00f6retagspresenter, h\u00f6gpresterande sportutrustning eller milj\u00f6medvetna varor, t\u00e4cker v\u00e5r tillverkningskapacitet alla behov med l\u00e5ga minimikvantiteter.<\/p>\n<h2 data-path-to-node=\"12\">Materialalternativ<\/h2>\n<p data-path-to-node=\"13\">Vi erbjuder olika materialblandningar som passar just ditt \u00e4ndam\u00e5l:<\/p>\n<ul data-path-to-node=\"14\">\n<li>\n<p data-path-to-node=\"14,0,0\"><b>Klassisk bomullsblandning:<\/b> Branschstandarden f\u00f6r komfort och h\u00e5llbarhet. Perfekt f\u00f6r dagligt bruk och giveaways.<\/p>\n<ul data-path-to-node=\"14,0,1\">\n<li>\n<p data-path-to-node=\"14,0,1,0,0\"><i>Sammans\u00e4ttning:<\/i> 68% bomull, 29% polyester, 3% spandex (standard) eller 80% bomullsblandningar f\u00f6r EU-produktion.<\/p>\n<\/li>\n<\/ul>\n<\/li>\n<li>\n<p data-path-to-node=\"14,1,0\"><b>Premium bambu:<\/b> Ett h\u00e5llbart, mjukare val som \u00e4r naturligt hypoallergent.<\/p>\n<ul data-path-to-node=\"14,1,1\">\n<li>\n<p data-path-to-node=\"14,1,1,0,0\"><i>Sammans\u00e4ttning:<\/i> 65% bambu, 25% bomull, 8% polyester, 2% elastan.<\/p>\n<\/li>\n<\/ul>\n<\/li>\n<li>\n<p data-path-to-node=\"14,2,0\"><b>Merinoull (vinter och vandring):<\/b> Mjuk, andningsbar och luktabsorberande. Perfekt f\u00f6r utomhusm\u00e4rken och vinterg\u00e5vor.<\/p>\n<ul data-path-to-node=\"14,2,1\">\n<li>\n<p data-path-to-node=\"14,2,1,0,0\"><i>Sammans\u00e4ttning:<\/i> 43% merinoull, 25% polyamid, 29% akryl, 3% elastan.<\/p>\n<\/li>\n<\/ul>\n<\/li>\n<li>\n<p data-path-to-node=\"14,3,0\"><b>Blandning av prestandasporter:<\/b> H\u00f6gh\u00e5llfasta blandningar designade f\u00f6r l\u00f6pning och fotboll.<\/p>\n<ul data-path-to-node=\"14,3,1\">\n<li>\n<p data-path-to-node=\"14,3,1,0,0\"><i>Sammans\u00e4ttning:<\/i> Polyamid\/bomull\/elastanblandning med meshventilation.<\/p>\n<\/li>\n<\/ul>\n<\/li>\n<\/ul>\n<h2 data-path-to-node=\"15\">Tillg\u00e4ngliga stilar och snitt<\/h2>\n<p data-path-to-node=\"16\">Du kan till\u00e4mpa din design p\u00e5 vilken som helst av f\u00f6ljande snitt:<\/p>\n<ul data-path-to-node=\"17\">\n<li>\n<p data-path-to-node=\"17,0,0\"><b>Crew-strumpor:<\/b> Den klassiska vadl\u00e4ngden. Finns i alla material.<\/p>\n<\/li>\n<li>\n<p data-path-to-node=\"17,1,0\"><b>Ankel- och icke-synliga strumpor:<\/b> Diskreta och moderna snitt, perfekta f\u00f6r sommaren eller sneakers.<\/p>\n<\/li>\n<li>\n<p data-path-to-node=\"17,2,0\"><b>Sport- och tennisstrumpor:<\/b> Drag <b>360\u00b0 st\u00f6d f\u00f6r h\u00e5lfoten<\/b> och valfria vadderade (halvfrott\u00e9) sulor f\u00f6r st\u00f6td\u00e4mpning.<\/p>\n<\/li>\n<li>\n<p data-path-to-node=\"17,3,0\"><b>L\u00f6parstrumpor:<\/b> Avancerad stickning med ventilerande mesh p\u00e5 den \u00f6vre framfoten och pik\u00e9stickning p\u00e5 benet.<\/p>\n<\/li>\n<li>\n<p data-path-to-node=\"17,4,0\"><b>Fotbollsstrumpor:<\/b> L\u00e4ngd \u00f6ver vaden med n\u00e4tpaneler p\u00e5 vaden och ovandelen.<\/p>\n<\/li>\n<li>\n<p data-path-to-node=\"17,5,0\"><b>Yoga och halkskydd:<\/b> Har halkfria silikongrepp p\u00e5 sulan i ditt anpassade m\u00f6nster. Finns i hel eller t\u00e5l\u00f6s modell.<\/p>\n<\/li>\n<\/ul>\n<h2 data-path-to-node=\"18\">Specifikationer<\/h2>\n<ul data-path-to-node=\"19\">\n<li>\n<p data-path-to-node=\"19,0,0\"><b>Stickningsteknik:<\/b> Jacquard (m\u00f6nster v\u00e4vt in i tyget).<\/p>\n<\/li>\n<li>\n<p data-path-to-node=\"19,1,0\"><b>F\u00e4rger:<\/b> Upp till 5 f\u00e4rger per design.<\/p>\n<\/li>\n<li>\n<p data-path-to-node=\"19,2,0\"><b>Minsta orderkvantitet (MOQ):<\/b> B\u00f6rjar fr\u00e5n <b>25 par<\/b> f\u00f6r utvalda sportmodeller och <b>50 par<\/b> f\u00f6r standarddesigner.<\/p>\n<\/li>\n<li>\n<p data-path-to-node=\"19,3,0\"><b>Storlekar:<\/b> En storlek som passar de flesta eller specifika storlekar tillg\u00e4ngliga.<\/p>\n<\/li>\n<li>\n<p data-path-to-node=\"19,4,0\"><b>F\u00f6rpackning:<\/b> Valfria anpassade pappersetiketter i fullf\u00e4rg. <i>Obs: F\u00f6r flera storlekar med samma etikettdesign anv\u00e4nds storleksklisterm\u00e4rken f\u00f6r att minska kostnaderna.<\/i><\/p>\n<\/li>\n<li>\n<p data-path-to-node=\"19,5,0\"><b>Designanm\u00e4rkning:<\/b> V\u00e4nster och h\u00f6ger strumpor kan ha olika design (extra kostnad tillkommer). Logotyper p\u00e5 utsidan av b\u00e5da benen betraktas som separata designer p\u00e5 grund av orientering.<\/p>\n<\/li>\n<\/ul>\n<h2 data-path-to-node=\"20\">Anv\u00e4ndningsfall<\/h2>\n<ul data-path-to-node=\"21\">\n<li>\n<p data-path-to-node=\"21,0,0\"><b>F\u00f6retagsbyte:<\/b> Roliga och praktiska kontorspresenter som anst\u00e4llda faktiskt b\u00e4r.<\/p>\n<\/li>\n<li>\n<p data-path-to-node=\"21,1,0\"><b>Idrottslag:<\/b> Anpassade fotbolls-, basket- och l\u00f6parstrumpor med lagets f\u00e4rger.<\/p>\n<\/li>\n<li>\n<p data-path-to-node=\"21,2,0\"><b>Detaljhandel och merchandise:<\/b> H\u00f6gkvalitativa \u00e5terf\u00f6rs\u00e4ljningsartiklar f\u00f6r band, influencers och kl\u00e4dm\u00e4rken.<\/p>\n<\/li>\n<li>\n<p data-path-to-node=\"21,3,0\"><b>Wellnessstudior:<\/b> Halkfria strumpor med m\u00e4rkesdesign f\u00f6r yoga- och pilatesklasser.<\/p>\n<\/li>\n<\/ul>\n<p data-path-to-node=\"22\">","protected":false},"excerpt":{"rendered":"<ul>\n<li>\n<p data-path-to-node=\"9,0,0\"><b>Jacquardstickning:<\/b> Din design v\u00e4vs direkt in i tyget (upp till 5 f\u00e4rger) f\u00f6r h\u00e5llbarhet och ett exklusivt utseende.<\/p>\n<\/li>\n<li>\n<p data-path-to-node=\"9,1,0\"><b>Materialval:<\/b> Finns i standardbomull, milj\u00f6v\u00e4nlig bambu eller varm merinoull.<\/p>\n<\/li>\n<li>\n<p data-path-to-node=\"9,2,0\"><b>M\u00e5ngsidiga stilar:<\/b> Alternativ f\u00f6r yoga med rund krage, fotled, no-show, sport (valvst\u00f6d) och halkfria yogar.<\/p>\n<\/li>\n<li>\n<p data-path-to-node=\"9,3,0\"><b>Anpassade taggar:<\/b> Valfria pappersetiketter eller klisterm\u00e4rken i fullf\u00e4rg f\u00f6r detaljhandelsklar f\u00f6rpackning.<\/p>\n<\/li>\n<\/ul>","protected":false},"featured_media":6670,"comment_status":"closed","ping_status":"closed","template":"","meta":[],"product_brand":[],"product_cat":[129],"product_tag":[],"class_list":{"0":"post-5985","1":"product","2":"type-product","3":"status-publish","4":"has-post-thumbnail","6":"product_cat-leisure-lifestyle","8":"first","9":"instock","10":"shipping-taxable","11":"product-type-simple"},"_links":{"self":[{"href":"https:\/\/displayproducts.eu\/sv\/wp-json\/wp\/v2\/product\/5985","targetHints":{"allow":["GET"]}}],"collection":[{"href":"https:\/\/displayproducts.eu\/sv\/wp-json\/wp\/v2\/product"}],"about":[{"href":"https:\/\/displayproducts.eu\/sv\/wp-json\/wp\/v2\/types\/product"}],"replies":[{"embeddable":true,"href":"https:\/\/displayproducts.eu\/sv\/wp-json\/wp\/v2\/comments?post=5985"}],"wp:featuredmedia":[{"embeddable":true,"href":"https:\/\/displayproducts.eu\/sv\/wp-json\/wp\/v2\/media\/6670"}],"wp:attachment":[{"href":"https:\/\/displayproducts.eu\/sv\/wp-json\/wp\/v2\/media?parent=5985"}],"wp:term":[{"taxonomy":"product_brand","embeddable":true,"href":"https:\/\/displayproducts.eu\/sv\/wp-json\/wp\/v2\/product_brand?post=5985"},{"taxonomy":"product_cat","embeddable":true,"href":"https:\/\/displayproducts.eu\/sv\/wp-json\/wp\/v2\/product_cat?post=5985"},{"taxonomy":"product_tag","embeddable":true,"href":"https:\/\/displayproducts.eu\/sv\/wp-json\/wp\/v2\/product_tag?post=5985"}],"curies":[{"name":"wp","href":"https:\/\/api.w.org\/{rel}","templated":true}]}}