{"id":5963,"date":"2025-12-16T15:28:54","date_gmt":"2025-12-16T12:28:54","guid":{"rendered":"https:\/\/wristbandfactory.eu\/?post_type=product&#038;p=5963"},"modified":"2026-04-01T21:52:35","modified_gmt":"2026-04-01T18:52:35","slug":"custom-printed-bucket-hats-polyester-reversible-corduroy","status":"publish","type":"product","link":"https:\/\/displayproducts.eu\/sv\/p\/custom-printed-bucket-hats-polyester-reversible-corduroy\/","title":{"rendered":"Fiskarhattar med tryck"},"content":{"rendered":"<p data-path-to-node=\"11\"><b>Ikoniska huvudbonader f\u00f6r maximal varum\u00e4rkesexponering<\/b> V\u00e5r <b>Specialtryckta hinkhattar<\/b> \u00e4r det ultimata sommartillbeh\u00f6ret f\u00f6r festivaler, utomhusevenemang och f\u00f6retagskollektioner. Oavsett om du beh\u00f6ver en kostnadseffektiv giveaway eller en h\u00f6gkvalitativ detaljhandelsartikel, t\u00e4cker v\u00e5rt sortiment alla behov med livfulla fullf\u00e4rgstryck och premiumtygalternativ.<\/p>\n<p data-path-to-node=\"12\"><b>Tillg\u00e4ngliga modeller och stilar<\/b><\/p>\n<ul data-path-to-node=\"13\">\n<li>\n<p data-path-to-node=\"13,0,0\"><b>Standardf\u00e4rg (polyester)<\/b><\/p>\n<ul data-path-to-node=\"13,0,1\">\n<li>\n<p data-path-to-node=\"13,0,1,0,0\"><b>L\u00e4ttvikt:<\/b> 150 g\/m\u00b2 polyester. Perfekt f\u00f6r varma sommardagar och masskampanjer.<\/p>\n<\/li>\n<li>\n<p data-path-to-node=\"13,0,1,1,0\"><b>Tungvikt:<\/b>\u00a0260 g\/m\u00b2 polyester. En stadigare, strukturerad k\u00e4nsla f\u00f6r h\u00f6gre upplevt v\u00e4rde.<\/p>\n<\/li>\n<li>\n<p data-path-to-node=\"13,0,1,2,0\"><b>Detaljer:<\/b> Tryckt p\u00e5 utsidan och innerkanten. Svart svettband ing\u00e5r.<\/p>\n<\/li>\n<\/ul>\n<\/li>\n<li>\n<p data-path-to-node=\"13,1,0\"><b>V\u00e4ndbara &quot;2-i-1&quot;-kepsar<\/b><\/p>\n<ul data-path-to-node=\"13,1,1\">\n<li>\n<p data-path-to-node=\"13,1,1,0,0\"><b>(150 g\/m\u00b2) och (260 g\/m\u00b2):<\/b> Dubbelt s\u00e5 starkt varum\u00e4rke! Dessa hattar \u00e4r helt v\u00e4ndbara, vilket m\u00f6jligg\u00f6r tv\u00e5 helt olika designer p\u00e5 insidan och utsidan. V\u00e4nd bara hatten ut och in f\u00f6r att f\u00e5 en ny look.<\/p>\n<\/li>\n<\/ul>\n<\/li>\n<li>\n<p data-path-to-node=\"13,2,0\"><b>Premiumtextur (Manchester)<\/b><\/p>\n<ul data-path-to-node=\"13,2,1\">\n<li>\n<p data-path-to-node=\"13,2,1,0,0\"><b>Klassisk manchester:<\/b> 210 g\/m\u00b2 tyg med en distinkt ribbad struktur. Medelh\u00f6g profil.<\/p>\n<\/li>\n<li>\n<p data-path-to-node=\"13,2,1,1,0\"><b>Bomullsmanchester:<\/b> 200 gsm bomullsblandning f\u00f6r en mjukare och naturlig k\u00e4nsla.<\/p>\n<\/li>\n<li>\n<p data-path-to-node=\"13,2,1,2,0\"><b>Stil:<\/b> Retroinspirerad look, perfekt f\u00f6r moderiktiga m\u00e4rken och streetwear.<\/p>\n<\/li>\n<\/ul>\n<\/li>\n<li>\n<p data-path-to-node=\"13,3,0\"><b>Specialalternativ<\/b><\/p>\n<ul data-path-to-node=\"13,3,1\">\n<li>\n<p data-path-to-node=\"13,3,1,0,0\"><b>Stor br\u00e4tte:<\/b> 200 gsm polyester med f\u00f6rl\u00e4ngd br\u00e4tte f\u00f6r extra solskydd.<\/p>\n<\/li>\n<li>\n<p data-path-to-node=\"13,3,1,1,0\"><b>Broderat alternativ:<\/b> 170 gsm polyester speciellt utformad f\u00f6r broderi eller punkttryck.<\/p>\n<\/li>\n<\/ul>\n<\/li>\n<\/ul>\n<p data-path-to-node=\"14\"><b>Specifikationer och storlekar<\/b><\/p>\n<ul data-path-to-node=\"15\">\n<li>\n<p data-path-to-node=\"15,0,0\"><b>Utskrift:<\/b> Helsidig CMYK-sublimering (polyestermodeller). M\u00f6jligg\u00f6r fotorealistiska designer och helt\u00e4ckande m\u00f6nster.<\/p>\n<\/li>\n<li>\n<p data-path-to-node=\"15,1,0\"><b>Storlekar:<\/b><\/p>\n<ul data-path-to-node=\"15,1,1\">\n<li>\n<p data-path-to-node=\"15,1,1,0,0\"><b>Barn:<\/b> 55 cm<\/p>\n<\/li>\n<li>\n<p data-path-to-node=\"15,1,1,1,0\"><b>Standardvuxen:<\/b> 58 cm (Passar de flesta kvinnor och m\u00e4n)<\/p>\n<\/li>\n<li>\n<p data-path-to-node=\"15,1,1,2,0\"><b>Stor vuxen:<\/b> 60 cm (Avslappnad passform)<\/p>\n<\/li>\n<\/ul>\n<\/li>\n<li>\n<p data-path-to-node=\"15,2,0\"><b>Ventilation:<\/b> Matchande \u00f6ljetter (p\u00e5 standardmodeller av polyester) s\u00e4kerst\u00e4ller andningsf\u00f6rm\u00e5ga under varma tillf\u00e4llen.<\/p>\n<\/li>\n<li>\n<p data-path-to-node=\"15,3,0\"><b>Br\u00e4ttebredd:<\/b> Standardalternativ 5,5 cm eller 7,5 cm (beroende p\u00e5 modell).<\/p>\n<\/li>\n<\/ul>\n<p data-path-to-node=\"16\"><b>Anv\u00e4ndningsfall<\/b><\/p>\n<ul data-path-to-node=\"17\">\n<li>\n<p data-path-to-node=\"17,0,0\"><b>Festivaler och konserter:<\/b> Synliga varor som fansen \u00e4lskar att b\u00e4ra.<\/p>\n<\/li>\n<li>\n<p data-path-to-node=\"17,1,0\"><b>Idrottslag:<\/b> Enhetligt utseende f\u00f6r supportrar och klubbmedlemmar.<\/p>\n<\/li>\n<li>\n<p data-path-to-node=\"17,2,0\"><b>Studentevenemang:<\/b> Introduktionsdagar och universitetsvaror.<\/p>\n<\/li>\n<\/ul>","protected":false},"excerpt":{"rendered":"<ul>\n<li>\n<p data-path-to-node=\"9,0,0\"><b>Brett urval:<\/b> V\u00e4lj mellan l\u00e4tt (150 gsm) eller tung (260 gsm) polyester, v\u00e4ndbara modeller eller trendig manchester.<\/p>\n<\/li>\n<li>\n<p data-path-to-node=\"9,1,0\"><b>Fullst\u00e4ndig anpassning:<\/b> Kant-till-kant CMYK-sublimeringsutskrift f\u00f6r obegr\u00e4nsade f\u00e4rger och m\u00f6nster.<\/p>\n<\/li>\n<li>\n<p data-path-to-node=\"9,2,0\"><b>Perfekt passform:<\/b> Finns i storlekar f\u00f6r barn (55 cm), vuxna (58 cm) och stora (60 cm).<\/p>\n<\/li>\n<li>\n<p data-path-to-node=\"9,3,0\"><b>M\u00e5ngsidig:<\/b> Perfekt f\u00f6r sommarfestivaler, sportartiklar och streetwear-m\u00e4rken.<\/p>\n<\/li>\n<\/ul>","protected":false},"featured_media":6365,"comment_status":"closed","ping_status":"closed","template":"","meta":[],"product_brand":[],"product_cat":[130],"product_tag":[],"class_list":{"0":"post-5963","1":"product","2":"type-product","3":"status-publish","4":"has-post-thumbnail","6":"product_cat-custom-headwear","8":"first","9":"instock","10":"shipping-taxable","11":"purchasable","12":"product-type-simple"},"_links":{"self":[{"href":"https:\/\/displayproducts.eu\/sv\/wp-json\/wp\/v2\/product\/5963","targetHints":{"allow":["GET"]}}],"collection":[{"href":"https:\/\/displayproducts.eu\/sv\/wp-json\/wp\/v2\/product"}],"about":[{"href":"https:\/\/displayproducts.eu\/sv\/wp-json\/wp\/v2\/types\/product"}],"replies":[{"embeddable":true,"href":"https:\/\/displayproducts.eu\/sv\/wp-json\/wp\/v2\/comments?post=5963"}],"wp:featuredmedia":[{"embeddable":true,"href":"https:\/\/displayproducts.eu\/sv\/wp-json\/wp\/v2\/media\/6365"}],"wp:attachment":[{"href":"https:\/\/displayproducts.eu\/sv\/wp-json\/wp\/v2\/media?parent=5963"}],"wp:term":[{"taxonomy":"product_brand","embeddable":true,"href":"https:\/\/displayproducts.eu\/sv\/wp-json\/wp\/v2\/product_brand?post=5963"},{"taxonomy":"product_cat","embeddable":true,"href":"https:\/\/displayproducts.eu\/sv\/wp-json\/wp\/v2\/product_cat?post=5963"},{"taxonomy":"product_tag","embeddable":true,"href":"https:\/\/displayproducts.eu\/sv\/wp-json\/wp\/v2\/product_tag?post=5963"}],"curies":[{"name":"wp","href":"https:\/\/api.w.org\/{rel}","templated":true}]}}