{"id":5938,"date":"2025-12-16T15:04:12","date_gmt":"2025-12-16T12:04:12","guid":{"rendered":"https:\/\/wristbandfactory.eu\/?post_type=product&#038;p=5938"},"modified":"2026-04-01T21:52:35","modified_gmt":"2026-04-01T18:52:35","slug":"custom-printed-multifunctional-multiscarfs-tubular-bandanas","status":"publish","type":"product","link":"https:\/\/displayproducts.eu\/sv\/p\/custom-printed-multifunctional-multiscarfs-tubular-bandanas\/","title":{"rendered":"Multifunktionshalsdukar med tryck"},"content":{"rendered":"<p data-path-to-node=\"7\">F\u00e5 maximal synlighet f\u00f6r ditt varum\u00e4rke med v\u00e5ra specialtryckta multiscarfs, det ultimata multifunktionella tillbeh\u00f6ret f\u00f6r en aktiv livsstil. Dessa s\u00f6ml\u00f6sa tubbandanas, \u00e4ven k\u00e4nda som tubbandanas eller halsdukar, \u00e4r designade f\u00f6r komfort och anv\u00e4ndbarhet i alla v\u00e4derf\u00f6rh\u00e5llanden. Oavsett om det \u00e4r f\u00f6r ett maratonlopp, en skidort eller en f\u00f6retagsutflykt i sommar, st\u00e5r ditt varum\u00e4rke i centrum.<\/p>\n<p data-path-to-node=\"8\">V\u00e5ra multiscarfs \u00e4r tillverkade av h\u00f6gkvalitativa tyger som \u00e4r skr\u00e4ddarsydda f\u00f6r just din milj\u00f6. Fr\u00e5n l\u00e4tta, andningsbara mikrofibrer till specialiserad fukttransporterande teknik erbjuder vi den perfekta duken f\u00f6r din organisations identitet.<\/p>\n<h2 data-path-to-node=\"9\">Viktiga funktioner<\/h2>\n<ul data-path-to-node=\"10\">\n<li>\n<p data-path-to-node=\"10,0,0\"><b data-path-to-node=\"10,0,0\" data-index-in-node=\"0\">HD-sublimering:<\/b> Vi anv\u00e4nder CMYK-tryck i fullf\u00e4rg d\u00e4r bl\u00e4cket b\u00e4ddas in direkt i tygfibrerna, vilket s\u00e4kerst\u00e4ller att designen inte spricker, flagnar eller bleknar.<\/p>\n<\/li>\n<li>\n<p data-path-to-node=\"10,1,0\"><b data-path-to-node=\"10,1,0\" data-index-in-node=\"0\">S\u00f6ml\u00f6s konstruktion:<\/b> Den r\u00f6rformade designen \u00e4r tillverkad utan irriterande s\u00f6mmar, vilket ger maximal komfort f\u00f6r dagligt bruk och intensiv fysisk aktivitet.<\/p>\n<\/li>\n<li>\n<p data-path-to-node=\"10,2,0\"><b data-path-to-node=\"10,2,0\" data-index-in-node=\"0\">Exceptionell h\u00e5llbarhet:<\/b> Helt tv\u00e4ttbar och \u00e5teranv\u00e4ndbar, bibeh\u00e5ller form och f\u00e4rglivfullhet \u00e4ven efter upprepad intensiv anv\u00e4ndning.<\/p>\n<\/li>\n<li>\n<p data-path-to-node=\"10,3,0\"><b data-path-to-node=\"10,3,0\" data-index-in-node=\"0\">Skydd \u00e5ret runt:<\/b> Ger en barri\u00e4r mot vind, damm, kyla och UV-str\u00e5lar beroende p\u00e5 vald materialkonfiguration.<\/p>\n<\/li>\n<\/ul>\n<h2 data-path-to-node=\"11\">Specifikationer<\/h2>\n<ul data-path-to-node=\"12\">\n<li>\n<p data-path-to-node=\"12,0,0\"><b data-path-to-node=\"12,0,0\" data-index-in-node=\"0\">Material:<\/b> Standardpolyester, \u00e5tervunnen RPET, vinterfleece, COOLMAX\u00ae (fukttransporterande) eller lycra (UPF50+).<\/p>\n<\/li>\n<li>\n<p data-path-to-node=\"12,1,0\"><b data-path-to-node=\"12,1,0\" data-index-in-node=\"0\">Storlek:<\/b> Standardstorlek f\u00f6r vuxna (anpassade storlekar finns tillg\u00e4ngliga p\u00e5 beg\u00e4ran).<\/p>\n<\/li>\n<li>\n<p data-path-to-node=\"12,2,0\"><b data-path-to-node=\"12,2,0\" data-index-in-node=\"0\">Utskrift:<\/b> Sublimering i fullf\u00e4rg fr\u00e5n kant till kant.<\/p>\n<\/li>\n<li>\n<p data-path-to-node=\"12,3,0\"><b data-path-to-node=\"12,3,0\" data-index-in-node=\"0\">Minsta orderkvantitet:<\/b> 100 enheter.<\/p>\n<\/li>\n<li>\n<p data-path-to-node=\"12,4,0\"><b data-path-to-node=\"12,4,0\" data-index-in-node=\"0\">Underh\u00e5ll:<\/b> Maskintv\u00e4ttbar, snabbtorkande.<\/p>\n<\/li>\n<\/ul>\n<h2 data-path-to-node=\"13\">Anv\u00e4ndningsfall<\/h2>\n<ul data-path-to-node=\"14\">\n<li>\n<p data-path-to-node=\"14,0,0\"><b data-path-to-node=\"14,0,0\" data-index-in-node=\"0\">Sport och tr\u00e4ning:<\/b> Viktig utrustning f\u00f6r l\u00f6parklubbar, cykellag och gymprodukter.<\/p>\n<\/li>\n<li>\n<p data-path-to-node=\"14,1,0\"><b data-path-to-node=\"14,1,0\" data-index-in-node=\"0\">Utomhusevenemang och festivaler:<\/b> Praktiska och snygga presenter till konserter, vandringsgrupper och utomhusfestivaler.<\/p>\n<\/li>\n<li>\n<p data-path-to-node=\"14,2,0\"><b data-path-to-node=\"14,2,0\" data-index-in-node=\"0\">F\u00f6retagens sociala ansvar:<\/b> V\u00e4lj v\u00e5rt RPET-materialalternativ f\u00f6r h\u00e5llbara f\u00f6retagsg\u00e5vor som \u00f6verensst\u00e4mmer med milj\u00f6v\u00e4nliga v\u00e4rderingar.<\/p>\n<\/li>\n<li>\n<p data-path-to-node=\"14,3,0\"><b data-path-to-node=\"14,3,0\" data-index-in-node=\"0\">Vinterturism:<\/b> Perfekt f\u00f6r skidskolor, resorter och marknadsf\u00f6ring av vintersport.<\/p>\n<\/li>\n<\/ul>","protected":false},"excerpt":{"rendered":"<ul>\n<li>\n<p data-path-to-node=\"6,0,0\"><b data-path-to-node=\"6,0,0\" data-index-in-node=\"0\">10+ s\u00e4tt att b\u00e4ra:<\/b> Extremt m\u00e5ngsidig design som fungerar som halsv\u00e4rmare, pannband, ansiktsmask, m\u00f6ssa eller armband.<\/p>\n<\/li>\n<li>\n<p data-path-to-node=\"6,1,0\"><b data-path-to-node=\"6,1,0\" data-index-in-node=\"0\">Premiummaterialval:<\/b> V\u00e4lj mellan standardmikrofiber, milj\u00f6v\u00e4nlig RPET (\u00e5tervunnen plast), vinterfleece eller h\u00f6gpresterande Coolmax\u00ae.<\/p>\n<\/li>\n<li>\n<p data-path-to-node=\"6,2,0\"><b data-path-to-node=\"6,2,0\" data-index-in-node=\"0\">Anpassning av hela ytan:<\/b> Kant-till-kant-sublimeringsutskrift m\u00f6jligg\u00f6r obegr\u00e4nsade f\u00e4rger, gradienter och fotografiska detaljer som aldrig bleknar.<\/p>\n<\/li>\n<li>\n<p data-path-to-node=\"6,3,0\"><b data-path-to-node=\"6,3,0\" data-index-in-node=\"0\">Professionellt B2B-val:<\/b> Perfekt f\u00f6r sportlag, utomhusevenemang och f\u00f6retagspresenter med en l\u00e5g minsta orderkvantitet p\u00e5 100 enheter.<\/p>\n<\/li>\n<\/ul>","protected":false},"featured_media":6373,"comment_status":"closed","ping_status":"closed","template":"","meta":[],"product_brand":[],"product_cat":[123,118],"product_tag":[],"class_list":{"0":"post-5938","1":"product","2":"type-product","3":"status-publish","4":"has-post-thumbnail","6":"product_cat-fan-cheering-items","7":"product_cat-sports-fitness","9":"first","10":"instock","11":"shipping-taxable","12":"purchasable","13":"product-type-simple"},"_links":{"self":[{"href":"https:\/\/displayproducts.eu\/sv\/wp-json\/wp\/v2\/product\/5938","targetHints":{"allow":["GET"]}}],"collection":[{"href":"https:\/\/displayproducts.eu\/sv\/wp-json\/wp\/v2\/product"}],"about":[{"href":"https:\/\/displayproducts.eu\/sv\/wp-json\/wp\/v2\/types\/product"}],"replies":[{"embeddable":true,"href":"https:\/\/displayproducts.eu\/sv\/wp-json\/wp\/v2\/comments?post=5938"}],"wp:featuredmedia":[{"embeddable":true,"href":"https:\/\/displayproducts.eu\/sv\/wp-json\/wp\/v2\/media\/6373"}],"wp:attachment":[{"href":"https:\/\/displayproducts.eu\/sv\/wp-json\/wp\/v2\/media?parent=5938"}],"wp:term":[{"taxonomy":"product_brand","embeddable":true,"href":"https:\/\/displayproducts.eu\/sv\/wp-json\/wp\/v2\/product_brand?post=5938"},{"taxonomy":"product_cat","embeddable":true,"href":"https:\/\/displayproducts.eu\/sv\/wp-json\/wp\/v2\/product_cat?post=5938"},{"taxonomy":"product_tag","embeddable":true,"href":"https:\/\/displayproducts.eu\/sv\/wp-json\/wp\/v2\/product_tag?post=5938"}],"curies":[{"name":"wp","href":"https:\/\/api.w.org\/{rel}","templated":true}]}}