{"id":5824,"date":"2025-12-11T12:42:06","date_gmt":"2025-12-11T09:42:06","guid":{"rendered":"https:\/\/wristbandfactory.eu\/?post_type=product&#038;p=5824"},"modified":"2026-04-01T21:52:35","modified_gmt":"2026-04-01T18:52:35","slug":"embossed-silicone-wristbands-raised-3d-effect","status":"publish","type":"product","link":"https:\/\/displayproducts.eu\/sv\/p\/embossed-silicone-wristbands-raised-3d-effect\/","title":{"rendered":"Silikonarmb\u00e4nder \u2013 Relief \/ 3D-effekt"},"content":{"rendered":"<p data-path-to-node=\"10\"><b>Stick ut med en 3D-finish<\/b><\/p>\n<p data-path-to-node=\"11\"><b>Neds\u00e4nkt silikonarmband<\/b> erbjuder en unik twist p\u00e5 det klassiska v\u00e4lg\u00f6renhetsarmbandet. Ist\u00e4llet f\u00f6r att gravera texten in\u00e5t anv\u00e4nder vi en specialform f\u00f6r att h\u00f6ja din design upp\u00e5t fr\u00e5n armbandets yta. Detta skapar en sl\u00e5ende <b>3D-reliefeffekt<\/b> som \u00e4r b\u00e5de visuellt distinkt och taktil.<\/p>\n<p data-path-to-node=\"12\"><b>Hur det \u00e4r gjort<\/b> Vi tillverkar dessa armband med hj\u00e4lp av en specialiserad gjutningsprocess d\u00e4r silikonet pressas till en form som skapar upph\u00f6jda bokst\u00e4ver. Eftersom logotypen \u00e4r tillverkad av samma silikonmaterial som sj\u00e4lva armbandet \u00e4r det <b>fysiskt permanent<\/b> och kan inte spricka, flagna eller blekna bort.<\/p>\n<p data-path-to-node=\"13\"><b>Designstil<\/b> Neds\u00e4nkt band tillverkas vanligtvis i en enda f\u00e4rg (monoton), d\u00e4r den upph\u00f6jda texten skapar en subtil skuggeffekt. Detta resulterar i en <b>rent, modernt och diskret utseende<\/b> som \u00e4r popul\u00e4rt f\u00f6r f\u00f6retagsevenemang, gymmedlemskap och aktivering av premiumvarum\u00e4rken.<\/p>\n<p data-path-to-node=\"14\"><b>Anpassning<\/b><\/p>\n<ul data-path-to-node=\"15\">\n<li>\n<p data-path-to-node=\"15,0,0\"><b>F\u00e4rg:<\/b> Matcha bandet med valfri Pantone (PMS)-referens.<\/p>\n<\/li>\n<li>\n<p data-path-to-node=\"15,1,0\"><b>Text:<\/b> B\u00e4st l\u00e4mpad f\u00f6r fetstil och otryckta logotyper (fina detaljer \u00e4r sv\u00e5rare att lyfta fram).<\/p>\n<\/li>\n<\/ul>\n<p data-path-to-node=\"16\"><b>Viktiga funktioner:<\/b><\/p>\n<ul data-path-to-node=\"17\">\n<li>\n<p data-path-to-node=\"17,0,0\"><b>Stil:<\/b> Pr\u00e4glad (upph\u00f6jd 3D).<\/p>\n<\/li>\n<li>\n<p data-path-to-node=\"17,1,0\"><b>Material:<\/b> 100% medicinsk silikon.<\/p>\n<\/li>\n<li>\n<p data-path-to-node=\"17,2,0\"><b>Varaktighet:<\/b> Extrem (Inget bl\u00e4ck att gnugga bort).<\/p>\n<\/li>\n<li>\n<p data-path-to-node=\"17,3,0\"><b>Effekt:<\/b> Avancerad, subtil varum\u00e4rkesbyggande.<\/p>\n<\/li>\n<\/ul>","protected":false},"excerpt":{"rendered":"<ul>\n<li>\n<p data-path-to-node=\"8,0,0\"><b>Upph\u00f6jd 3D-effekt:<\/b> Din logotyp och text syns tydligt fr\u00e5n armbandets yta.<\/p>\n<\/li>\n<li>\n<p data-path-to-node=\"8,1,0\"><b>Taktil upplevelse:<\/b> Erbjuder en unik, &quot;gropig&quot; konsistens som anv\u00e4ndarna kan k\u00e4nna.<\/p>\n<\/li>\n<li>\n<p data-path-to-node=\"8,2,0\"><b>Permanent varum\u00e4rkesbyggande:<\/b> Designen \u00e4r gjuten i bandet, s\u00e5 den kommer aldrig att blekna eller slitas av.<\/p>\n<\/li>\n<li>\n<p data-path-to-node=\"8,3,0\"><b>Subtilt och premium:<\/b> Perfekt f\u00f6r varum\u00e4rken som vill ha en sofistikerad, monoton look utan bl\u00e4ck<\/p>\n<\/li>\n<\/ul>","protected":false},"featured_media":5825,"comment_status":"closed","ping_status":"closed","template":"","meta":[],"product_brand":[],"product_cat":[49],"product_tag":[],"class_list":{"0":"post-5824","1":"product","2":"type-product","3":"status-publish","4":"has-post-thumbnail","6":"product_cat-silicone","8":"first","9":"instock","10":"shipping-taxable","11":"purchasable","12":"product-type-simple"},"_links":{"self":[{"href":"https:\/\/displayproducts.eu\/sv\/wp-json\/wp\/v2\/product\/5824","targetHints":{"allow":["GET"]}}],"collection":[{"href":"https:\/\/displayproducts.eu\/sv\/wp-json\/wp\/v2\/product"}],"about":[{"href":"https:\/\/displayproducts.eu\/sv\/wp-json\/wp\/v2\/types\/product"}],"replies":[{"embeddable":true,"href":"https:\/\/displayproducts.eu\/sv\/wp-json\/wp\/v2\/comments?post=5824"}],"wp:featuredmedia":[{"embeddable":true,"href":"https:\/\/displayproducts.eu\/sv\/wp-json\/wp\/v2\/media\/5825"}],"wp:attachment":[{"href":"https:\/\/displayproducts.eu\/sv\/wp-json\/wp\/v2\/media?parent=5824"}],"wp:term":[{"taxonomy":"product_brand","embeddable":true,"href":"https:\/\/displayproducts.eu\/sv\/wp-json\/wp\/v2\/product_brand?post=5824"},{"taxonomy":"product_cat","embeddable":true,"href":"https:\/\/displayproducts.eu\/sv\/wp-json\/wp\/v2\/product_cat?post=5824"},{"taxonomy":"product_tag","embeddable":true,"href":"https:\/\/displayproducts.eu\/sv\/wp-json\/wp\/v2\/product_tag?post=5824"}],"curies":[{"name":"wp","href":"https:\/\/api.w.org\/{rel}","templated":true}]}}