{"id":5822,"date":"2025-12-11T12:39:16","date_gmt":"2025-12-11T09:39:16","guid":{"rendered":"https:\/\/wristbandfactory.eu\/?post_type=product&#038;p=5822"},"modified":"2026-04-01T21:52:35","modified_gmt":"2026-04-01T18:52:35","slug":"debossed-silicone-wristbands-colour-filled-engraved","status":"publish","type":"product","link":"https:\/\/displayproducts.eu\/sv\/p\/debossed-silicone-wristbands-colour-filled-engraved\/","title":{"rendered":"Silikonarmband \u2013 Neds\u00e4nkt \/ F\u00e4rgfyllda"},"content":{"rendered":"<p data-path-to-node=\"10\"><b>Branschstandarden f\u00f6r l\u00e5ng livsl\u00e4ngd<\/b><\/p>\n<p data-path-to-node=\"11\"><b>Neds\u00e4nkt f\u00e4rgfyllda armband<\/b> \u00e4r premiumvalet f\u00f6r varum\u00e4rken och organisationer som kr\u00e4ver att ett armband ska h\u00e5lla l\u00e4nge. Till skillnad fr\u00e5n vanliga tryckta armband d\u00e4r bl\u00e4cket sitter p\u00e5 ytan, genomg\u00e5r dessa armband en tv\u00e5stegs tillverkningsprocess f\u00f6r att s\u00e4kerst\u00e4lla att ditt budskap varar lika l\u00e4nge som armbandet sj\u00e4lvt.<\/p>\n<p data-path-to-node=\"12\"><b>Hur det \u00e4r gjort<\/b><\/p>\n<ol start=\"1\" data-path-to-node=\"13\">\n<li>\n<p data-path-to-node=\"13,0,0\"><b>Gravyr (pr\u00e4gling):<\/b> Vi skapar en specialanpassad gjutform f\u00f6r att gravera din logotyp och text djupt in i silikonbandet.<\/p>\n<\/li>\n<li>\n<p data-path-to-node=\"13,1,0\"><b>F\u00e4rgfyllning:<\/b> De f\u00f6rdjupningar som finns fylls sedan manuellt med ett specialiserat, h\u00e5llbart silikonf\u00e4rg i en kontrasterande f\u00e4rg.<\/p>\n<\/li>\n<\/ol>\n<p data-path-to-node=\"14\"><b>Varf\u00f6r v\u00e4lja pr\u00e4glad?<\/b> Eftersom konstruktionen \u00e4r neds\u00e4nkt under ytan \u00e4r den fysiskt skyddad fr\u00e5n friktion och slitage. Detta g\u00f6r den till det enda g\u00e5ngbara alternativet f\u00f6r <b>l\u00e5ngsiktiga informationskampanjer, skolsprit och insamlingar<\/b> d\u00e4r armbandet b\u00e4rs dagligen i m\u00e5nader eller till och med \u00e5r.<\/p>\n<p data-path-to-node=\"15\"><b>Anpassning<\/b> Vi kan matcha silikonbandet till alla <b>Pantone (PMS)<\/b> f\u00e4rgl\u00e4gg och fyll den graverade texten med valfri kontrasterande Pantone-nyans f\u00f6r att matcha din varum\u00e4rkesidentitet perfekt.<\/p>\n<p data-path-to-node=\"16\"><b>Viktiga funktioner:<\/b><\/p>\n<ul data-path-to-node=\"17\">\n<li>\n<p data-path-to-node=\"17,0,0\"><b>Stil:<\/b> Pr\u00e4glad (inf\u00e4lld) och bl\u00e4ckfylld.<\/p>\n<\/li>\n<li>\n<p data-path-to-node=\"17,1,0\"><b>Material:<\/b> 100% medicinsk silikon.<\/p>\n<\/li>\n<li>\n<p data-path-to-node=\"17,2,0\"><b>Varaktighet:<\/b> Extrem (Slitstark design).<\/p>\n<\/li>\n<li>\n<p data-path-to-node=\"17,3,0\"><b>Storlekar:<\/b> Vuxen (202 mm) och ungdom (180 mm).<\/p>\n<\/li>\n<\/ul>","protected":false},"excerpt":{"rendered":"<ul>\n<li>\n<p data-path-to-node=\"8,0,0\"><b>Maximal h\u00e5llbarhet:<\/b> Din logotyp \u00e4r djupt graverad (pr\u00e4glad) i silikonen, vilket g\u00f6r den om\u00f6jlig att gnugga bort.<\/p>\n<\/li>\n<li>\n<p data-path-to-node=\"8,1,0\"><b>F\u00e4rgfylld:<\/b> Den graverade texten \u00e4r fylld med kontrasterande silikonbl\u00e4ck f\u00f6r ett livfullt och effektfullt utseende.<\/p>\n<\/li>\n<li>\n<p data-path-to-node=\"8,2,0\"><b>Premiumk\u00e4nsla:<\/b> Erbjuder en taktil 3D-finish som ofta f\u00f6rknippas med exklusiva v\u00e4lg\u00f6renhetskampanjer (t.ex. Livestrong).<\/p>\n<\/li>\n<li>\n<p data-path-to-node=\"8,3,0\"><b>Permanent varum\u00e4rkesbyggande:<\/b> Perfekt f\u00f6r l\u00e5ngvarigt bruk (m\u00e5nader eller \u00e5r) utan att blekna.<\/p>\n<\/li>\n<\/ul>","protected":false},"featured_media":5823,"comment_status":"closed","ping_status":"closed","template":"","meta":[],"product_brand":[],"product_cat":[49],"product_tag":[],"class_list":{"0":"post-5822","1":"product","2":"type-product","3":"status-publish","4":"has-post-thumbnail","6":"product_cat-silicone","8":"first","9":"instock","10":"shipping-taxable","11":"purchasable","12":"product-type-simple"},"_links":{"self":[{"href":"https:\/\/displayproducts.eu\/sv\/wp-json\/wp\/v2\/product\/5822","targetHints":{"allow":["GET"]}}],"collection":[{"href":"https:\/\/displayproducts.eu\/sv\/wp-json\/wp\/v2\/product"}],"about":[{"href":"https:\/\/displayproducts.eu\/sv\/wp-json\/wp\/v2\/types\/product"}],"replies":[{"embeddable":true,"href":"https:\/\/displayproducts.eu\/sv\/wp-json\/wp\/v2\/comments?post=5822"}],"wp:featuredmedia":[{"embeddable":true,"href":"https:\/\/displayproducts.eu\/sv\/wp-json\/wp\/v2\/media\/5823"}],"wp:attachment":[{"href":"https:\/\/displayproducts.eu\/sv\/wp-json\/wp\/v2\/media?parent=5822"}],"wp:term":[{"taxonomy":"product_brand","embeddable":true,"href":"https:\/\/displayproducts.eu\/sv\/wp-json\/wp\/v2\/product_brand?post=5822"},{"taxonomy":"product_cat","embeddable":true,"href":"https:\/\/displayproducts.eu\/sv\/wp-json\/wp\/v2\/product_cat?post=5822"},{"taxonomy":"product_tag","embeddable":true,"href":"https:\/\/displayproducts.eu\/sv\/wp-json\/wp\/v2\/product_tag?post=5822"}],"curies":[{"name":"wp","href":"https:\/\/api.w.org\/{rel}","templated":true}]}}