{"id":5820,"date":"2025-12-11T12:35:46","date_gmt":"2025-12-11T09:35:46","guid":{"rendered":"https:\/\/wristbandfactory.eu\/?post_type=product&#038;p=5820"},"modified":"2026-04-01T21:52:03","modified_gmt":"2026-04-01T18:52:03","slug":"printed-silicone-wristbands-custom-screen-print","status":"publish","type":"product","link":"https:\/\/displayproducts.eu\/sv\/p\/printed-silicone-wristbands-custom-screen-print\/","title":{"rendered":"Silikonarmband \u2013 Med tryck"},"content":{"rendered":"<p data-path-to-node=\"12\"><b>Det klassiska valet f\u00f6r reklamvarum\u00e4rkesbyggande<\/b><\/p>\n<p data-path-to-node=\"13\"><b>Tryckta silikonarmband<\/b> \u00e4r det popul\u00e4raste valet f\u00f6r marknadsf\u00f6ringskampanjer, m\u00e4ssor och evenemang d\u00e4r synlighet och budget \u00e4r viktiga prioriteringar. Till skillnad fr\u00e5n graverade armband har dessa din design <b>screentryckt direkt p\u00e5 den sl\u00e4ta ytan<\/b> av silikonen, vilket ger en skarp, ren finish som drar uppm\u00e4rksamhet.<\/p>\n<p data-path-to-node=\"14\"><b>Obegr\u00e4nsade f\u00e4rgalternativ<\/b> Vi erbjuder fullst\u00e4ndig flexibilitet f\u00f6r anpassning. Du kan v\u00e4lja vilken som helst <b>Pantone-f\u00e4rg (PMS)<\/b> f\u00f6r sj\u00e4lva silikonbandet och v\u00e4lj en kontrasterande bl\u00e4ckf\u00e4rg f\u00f6r din logotyp och text. Detta s\u00e4kerst\u00e4ller att den f\u00f6ljs av din f\u00f6retagsidentitet.<\/p>\n<p data-path-to-node=\"15\"><b>Material och komfort<\/b> Tillverkad av <b>100% h\u00f6gkvalitativ, latexfri silikon<\/b>, Dessa armband \u00e4r vattent\u00e4ta, v\u00e4rmebest\u00e4ndiga och tillr\u00e4ckligt bekv\u00e4ma f\u00f6r att kunna b\u00e4ras hela dagen. De \u00e4r tillr\u00e4ckligt h\u00e5llbara f\u00f6r flerdagarsevenemang men \u00e4r fr\u00e4mst utformade som kostnadseffektiva reklamprodukter.<\/p>\n<p data-path-to-node=\"16\"><i>Obs: F\u00f6r l\u00e5ngvarigt dagligt bruk (m\u00e5nader\/\u00e5r) rekommenderar vi v\u00e5ra &quot;neds\u00e4nkt&quot; armband, eftersom yttrycket s\u00e5 sm\u00e5ningom kan slitas ner vid kraftig friktion.<\/i><\/p>\n<p data-path-to-node=\"17\"><b>Viktiga funktioner:<\/b><\/p>\n<ul data-path-to-node=\"18\">\n<li>\n<p data-path-to-node=\"18,0,0\"><b>Metod:<\/b> H\u00f6gprecisions silkscreentryck.<\/p>\n<\/li>\n<li>\n<p data-path-to-node=\"18,1,0\"><b>Material:<\/b> 100% Mjuk silikon (giftfri).<\/p>\n<\/li>\n<li>\n<p data-path-to-node=\"18,2,0\"><b>Storlek:<\/b> Standard vuxen (202x12x2mm) och ungdom (180x12x2mm).<\/p>\n<\/li>\n<li>\n<p data-path-to-node=\"18,3,0\"><b>Anv\u00e4ndningsfall:<\/b> Utlottningar, informationskampanjer, festivaler.<\/p>\n<\/li>\n<\/ul>","protected":false},"excerpt":{"rendered":"<ul data-path-to-node=\"10\">\n<li>\n<p data-path-to-node=\"10,0,0\"><b>H\u00f6g synlighet:<\/b> Skarpt silkscreentryck g\u00f6r att din logotyp framtr\u00e4der tydligt p\u00e5 ytan.<\/p>\n<\/li>\n<li>\n<p data-path-to-node=\"10,1,0\"><b>Pantone-matchning:<\/b> Vi matchar b\u00e5de silikonbandet och bl\u00e4ckf\u00e4rgen efter era varum\u00e4rkesriktlinjer.<\/p>\n<\/li>\n<li>\n<p data-path-to-node=\"10,2,0\"><b>Kostnadseffektiv:<\/b> Det mest budgetv\u00e4nliga alternativet f\u00f6r storskaliga kampanjer och giveaways.<\/p>\n<\/li>\n<li>\n<p data-path-to-node=\"10,3,0\"><b>Snabb leveranstid:<\/b> Snabbare produktionstider j\u00e4mf\u00f6rt med neds\u00e4nkt eller reliefformar.<\/p>\n<\/li>\n<\/ul>","protected":false},"featured_media":5821,"comment_status":"closed","ping_status":"closed","template":"","meta":[],"product_brand":[],"product_cat":[49],"product_tag":[],"class_list":{"0":"post-5820","1":"product","2":"type-product","3":"status-publish","4":"has-post-thumbnail","6":"product_cat-silicone","8":"first","9":"instock","10":"shipping-taxable","11":"purchasable","12":"product-type-simple"},"_links":{"self":[{"href":"https:\/\/displayproducts.eu\/sv\/wp-json\/wp\/v2\/product\/5820","targetHints":{"allow":["GET"]}}],"collection":[{"href":"https:\/\/displayproducts.eu\/sv\/wp-json\/wp\/v2\/product"}],"about":[{"href":"https:\/\/displayproducts.eu\/sv\/wp-json\/wp\/v2\/types\/product"}],"replies":[{"embeddable":true,"href":"https:\/\/displayproducts.eu\/sv\/wp-json\/wp\/v2\/comments?post=5820"}],"wp:featuredmedia":[{"embeddable":true,"href":"https:\/\/displayproducts.eu\/sv\/wp-json\/wp\/v2\/media\/5821"}],"wp:attachment":[{"href":"https:\/\/displayproducts.eu\/sv\/wp-json\/wp\/v2\/media?parent=5820"}],"wp:term":[{"taxonomy":"product_brand","embeddable":true,"href":"https:\/\/displayproducts.eu\/sv\/wp-json\/wp\/v2\/product_brand?post=5820"},{"taxonomy":"product_cat","embeddable":true,"href":"https:\/\/displayproducts.eu\/sv\/wp-json\/wp\/v2\/product_cat?post=5820"},{"taxonomy":"product_tag","embeddable":true,"href":"https:\/\/displayproducts.eu\/sv\/wp-json\/wp\/v2\/product_tag?post=5820"}],"curies":[{"name":"wp","href":"https:\/\/api.w.org\/{rel}","templated":true}]}}