{"id":5819,"date":"2025-12-11T12:22:13","date_gmt":"2025-12-11T09:22:13","guid":{"rendered":"https:\/\/wristbandfactory.eu\/?post_type=product&#038;p=5819"},"modified":"2026-04-01T21:52:35","modified_gmt":"2026-04-01T18:52:35","slug":"linen-fabric-wristbands-custom-woven-printed","status":"publish","type":"product","link":"https:\/\/displayproducts.eu\/sv\/p\/linen-fabric-wristbands-custom-woven-printed\/","title":{"rendered":"Tygarmband (Linne) \u2013 Med tryck"},"content":{"rendered":"<p data-path-to-node=\"10\"><b>Elegans m\u00f6ter h\u00e5llbarhet<\/b><\/p>\n<p data-path-to-node=\"11\">F\u00f6r evenemang som kr\u00e4ver sofistikering utan att kompromissa med milj\u00f6v\u00e4rden, <b>Armband i linnetyg<\/b> \u00e4r det ultimata valet. Linne \u00e4r tillverkat av linplantans fibrer och en av v\u00e4rldens \u00e4ldsta och mest h\u00e5llbara textilier, uppskattad f\u00f6r sin styrka, absorberingsf\u00f6rm\u00e5ga och svalka.<\/p>\n<p data-path-to-node=\"12\"><b>Ett unikt, texturerat utseende<\/b> Linne utm\u00e4rker sig med sin naturliga, n\u00e5got oregelbundna v\u00e4v och matta finish. Denna &quot;perfekt ofullkomliga&quot; textur ger armbandet en autentisk, organisk karakt\u00e4r som syntetiska material inte kan efterlikna. Det \u00e4r det f\u00f6redragna valet f\u00f6r <b>lyxbr\u00f6llop, boutiquefestivaler och exklusiva f\u00f6retagsresor<\/b>.<\/p>\n<p data-path-to-node=\"13\"><b>Varum\u00e4rkesbyggande och design<\/b> F\u00f6r att komplettera tygets naturliga \u00e5dring rekommenderar vi:<\/p>\n<ul data-path-to-node=\"14\">\n<li>\n<p data-path-to-node=\"14,0,0\"><b>Silkscreentryck:<\/b> Anv\u00e4nd m\u00f6rka otryckta tryck (som marinbl\u00e5tt, svart eller skogsgr\u00f6nt) f\u00f6r en skarp kontrast mot den naturligt benvita eller f\u00e4rgade linnebakgrunden.<\/p>\n<\/li>\n<li>\n<p data-path-to-node=\"14,1,0\"><b>V\u00e4vd (Broderi):<\/b> En subtil, tonal v\u00e4v skapar en diskret och elegant varum\u00e4rkeseffekt.<\/p>\n<\/li>\n<\/ul>\n<p data-path-to-node=\"15\"><b>S\u00e4kert och milj\u00f6v\u00e4nligt<\/b> Koppla ihop med v\u00e5r <b>Bambu Eco-Lock<\/b> f\u00f6r att bibeh\u00e5lla en plastfri 100%-profil. F\u00f6r s\u00e4ker \u00e5tkomstkontroll \u00e4r \u00e4ven standard h\u00f6gs\u00e4kerhetsskjutreglage kompatibla.<\/p>\n<p data-path-to-node=\"16\"><b>Viktiga funktioner:<\/b><\/p>\n<ul data-path-to-node=\"17\">\n<li>\n<p data-path-to-node=\"17,0,0\"><b>Material:<\/b> 100% Naturligt linne (lin).<\/p>\n<\/li>\n<li>\n<p data-path-to-node=\"17,1,0\"><b>K\u00e4nsla:<\/b> Sval vid ber\u00f6ring, blir mjukare med anv\u00e4ndning.<\/p>\n<\/li>\n<li>\n<p data-path-to-node=\"17,2,0\"><b>Milj\u00f6klassificering:<\/b> L\u00e5gt vattenavtryck, biologiskt nedbrytbar.<\/p>\n<\/li>\n<li>\n<p data-path-to-node=\"17,3,0\"><b>Varaktighet:<\/b> Starkare \u00e4n bomull, mycket motst\u00e5ndskraftig mot rivningar.<\/p>\n<\/li>\n<\/ul>","protected":false},"excerpt":{"rendered":"<ul>\n<li>\n<p data-path-to-node=\"8,0,0\"><b>Premium naturfiber:<\/b> Tillverkad av h\u00f6gkvalitativa linfibrer, vilket ger ett sofistikerat, matt utseende.<\/p>\n<\/li>\n<li>\n<p data-path-to-node=\"8,1,0\"><b>Andningsbar komfort:<\/b> Exceptionell luftgenomsl\u00e4pplighet g\u00f6r det till det svalaste alternativet f\u00f6r sommarevenemang.<\/p>\n<\/li>\n<li>\n<p data-path-to-node=\"8,2,0\"><b>Unik textur:<\/b> Har den klassiska &quot;slubby&quot;-strukturen av \u00e4kta linne som k\u00e4nns organisk och exklusiv.<\/p>\n<\/li>\n<li>\n<p data-path-to-node=\"8,3,0\"><b>100% H\u00e5llbar:<\/b> Helt biologiskt nedbrytbar och odlad med minimal vattenf\u00f6rbrukning.<\/p>\n<\/li>\n<\/ul>","protected":false},"featured_media":5826,"comment_status":"closed","ping_status":"closed","template":"","meta":[],"product_brand":[],"product_cat":[133,47],"product_tag":[],"class_list":{"0":"post-5819","1":"product","2":"type-product","3":"status-publish","4":"has-post-thumbnail","6":"product_cat-eco-friendly-wristbands","7":"product_cat-fabric-wristbands","9":"first","10":"instock","11":"shipping-taxable","12":"purchasable","13":"product-type-simple"},"_links":{"self":[{"href":"https:\/\/displayproducts.eu\/sv\/wp-json\/wp\/v2\/product\/5819","targetHints":{"allow":["GET"]}}],"collection":[{"href":"https:\/\/displayproducts.eu\/sv\/wp-json\/wp\/v2\/product"}],"about":[{"href":"https:\/\/displayproducts.eu\/sv\/wp-json\/wp\/v2\/types\/product"}],"replies":[{"embeddable":true,"href":"https:\/\/displayproducts.eu\/sv\/wp-json\/wp\/v2\/comments?post=5819"}],"wp:featuredmedia":[{"embeddable":true,"href":"https:\/\/displayproducts.eu\/sv\/wp-json\/wp\/v2\/media\/5826"}],"wp:attachment":[{"href":"https:\/\/displayproducts.eu\/sv\/wp-json\/wp\/v2\/media?parent=5819"}],"wp:term":[{"taxonomy":"product_brand","embeddable":true,"href":"https:\/\/displayproducts.eu\/sv\/wp-json\/wp\/v2\/product_brand?post=5819"},{"taxonomy":"product_cat","embeddable":true,"href":"https:\/\/displayproducts.eu\/sv\/wp-json\/wp\/v2\/product_cat?post=5819"},{"taxonomy":"product_tag","embeddable":true,"href":"https:\/\/displayproducts.eu\/sv\/wp-json\/wp\/v2\/product_tag?post=5819"}],"curies":[{"name":"wp","href":"https:\/\/api.w.org\/{rel}","templated":true}]}}