{"id":5818,"date":"2025-12-11T12:18:31","date_gmt":"2025-12-11T09:18:31","guid":{"rendered":"https:\/\/wristbandfactory.eu\/?post_type=product&#038;p=5818"},"modified":"2026-04-01T21:52:35","modified_gmt":"2026-04-01T18:52:35","slug":"hemp-fabric-wristbands-custom-woven-printed","status":"publish","type":"product","link":"https:\/\/displayproducts.eu\/sv\/p\/hemp-fabric-wristbands-custom-woven-printed\/","title":{"rendered":"Tygarmband (Hampa) \u2013 Med tryck"},"content":{"rendered":"<p data-path-to-node=\"11\"><b>Det starkaste naturliga valet<\/b><\/p>\n<p data-path-to-node=\"12\">G\u00f6r ett dj\u00e4rvt uttalande med <b>Armband i hampatyg<\/b>, det mest h\u00e5llbara alternativet i v\u00e5rt milj\u00f6v\u00e4nliga sortiment. Hampafibrer \u00e4r k\u00e4nda f\u00f6r sin dragh\u00e5llfasthet, vilket g\u00f6r dessa band perfekta f\u00f6r utomhusfestivaler, \u00e4ventyrsevenemang eller anv\u00e4ndning i flera veckor d\u00e4r slitage \u00e4r ett problem.<\/p>\n<p data-path-to-node=\"13\"><b>Distinkt &quot;jordn\u00e4ra&quot; utseende<\/b> Till skillnad fr\u00e5n den sl\u00e4ta ytan hos rPET eller mjukheten hos bambu, erbjuder hampa en <b>strukturerad, granul\u00e4r textur<\/b>. Detta ger armbandet en f\u00f6rstklassig &quot;handgjord&quot; k\u00e4nsla som omedelbart kommunicerar h\u00e5llbarhet och \u00e4kthet till dina g\u00e4ster.<\/p>\n<p data-path-to-node=\"14\"><b>Varum\u00e4rkesrekommendationer<\/b> P\u00e5 grund av hampafibrernas gr\u00f6vre struktur:<\/p>\n<ul data-path-to-node=\"15\">\n<li>\n<p data-path-to-node=\"15,0,0\"><b>Silkscreentryck:<\/b> Vi rekommenderar dj\u00e4rva, otryckta tryck (som svart eller m\u00f6rkgr\u00f6nt) som kontrasterar vackert mot fiberns naturligt beige\/bruna bakgrund.<\/p>\n<\/li>\n<li>\n<p data-path-to-node=\"15,1,0\"><b>V\u00e4vd (Broderi):<\/b> Enkel text och logotyper kan v\u00e4vas direkt in i bandet f\u00f6r en permanent finish.<\/p>\n<\/li>\n<\/ul>\n<p data-path-to-node=\"16\"><b>Milj\u00f6v\u00e4nlig h\u00e5rdvara<\/b> Komplettera looken med v\u00e5r <b>Bambu Eco-Lock<\/b> eller en \u00e5teranv\u00e4ndbar <b>Tr\u00e4p\u00e4rla<\/b>. Standards\u00e4kra plastskjutd\u00f6rrar finns ocks\u00e5 tillg\u00e4ngliga om strikt \u00e5tkomstkontroll kr\u00e4vs.<\/p>\n<p data-path-to-node=\"17\"><b>Viktiga funktioner:<\/b><\/p>\n<ul data-path-to-node=\"18\">\n<li>\n<p data-path-to-node=\"18,0,0\"><b>Material:<\/b> 100% Naturlig hampafiber.<\/p>\n<\/li>\n<li>\n<p data-path-to-node=\"18,1,0\"><b>Konsistens:<\/b> Grov, naturlig och taktil.<\/p>\n<\/li>\n<li>\n<p data-path-to-node=\"18,2,0\"><b>Varaktighet:<\/b> H\u00f6g motst\u00e5ndskraft mot str\u00e4ckning och vatten.<\/p>\n<\/li>\n<li>\n<p data-path-to-node=\"18,3,0\"><b>Milj\u00f6klassificering:<\/b> Kolnegativ tillv\u00e4xtcykel, biologiskt nedbrytbar.<\/p>\n<\/li>\n<\/ul>","protected":false},"excerpt":{"rendered":"<ul data-path-to-node=\"9\">\n<li>\n<p data-path-to-node=\"9,0,0\"><b>Ultra-h\u00e5llbar:<\/b> Hampa \u00e4r en av de starkaste naturfibrerna, perfekt f\u00f6r tuffa eller l\u00e5ngvariga evenemang.<\/p>\n<\/li>\n<li>\n<p data-path-to-node=\"9,1,0\"><b>Rustik estetik:<\/b> Erbjuder en distinkt texturerad, jordn\u00e4ra look som sticker ut fr\u00e5n sl\u00e4ta syntetmaterial.<\/p>\n<\/li>\n<li>\n<p data-path-to-node=\"9,2,0\"><b>100% H\u00e5llbar:<\/b> Odlad utan bek\u00e4mpningsmedel och helt biologiskt nedbrytbar.<\/p>\n<\/li>\n<li>\n<p data-path-to-node=\"9,3,0\"><b>Anpassad varum\u00e4rkesbyggande:<\/b> B\u00e4st l\u00e4mpad f\u00f6r dj\u00e4rvt silkscreentryck eller otryckta v\u00e4vda m\u00f6nster.<\/p>\n<\/li>\n<\/ul>","protected":false},"featured_media":5827,"comment_status":"closed","ping_status":"closed","template":"","meta":[],"product_brand":[],"product_cat":[133,47],"product_tag":[],"class_list":{"0":"post-5818","1":"product","2":"type-product","3":"status-publish","4":"has-post-thumbnail","6":"product_cat-eco-friendly-wristbands","7":"product_cat-fabric-wristbands","9":"first","10":"instock","11":"shipping-taxable","12":"purchasable","13":"product-type-simple"},"_links":{"self":[{"href":"https:\/\/displayproducts.eu\/sv\/wp-json\/wp\/v2\/product\/5818","targetHints":{"allow":["GET"]}}],"collection":[{"href":"https:\/\/displayproducts.eu\/sv\/wp-json\/wp\/v2\/product"}],"about":[{"href":"https:\/\/displayproducts.eu\/sv\/wp-json\/wp\/v2\/types\/product"}],"replies":[{"embeddable":true,"href":"https:\/\/displayproducts.eu\/sv\/wp-json\/wp\/v2\/comments?post=5818"}],"wp:featuredmedia":[{"embeddable":true,"href":"https:\/\/displayproducts.eu\/sv\/wp-json\/wp\/v2\/media\/5827"}],"wp:attachment":[{"href":"https:\/\/displayproducts.eu\/sv\/wp-json\/wp\/v2\/media?parent=5818"}],"wp:term":[{"taxonomy":"product_brand","embeddable":true,"href":"https:\/\/displayproducts.eu\/sv\/wp-json\/wp\/v2\/product_brand?post=5818"},{"taxonomy":"product_cat","embeddable":true,"href":"https:\/\/displayproducts.eu\/sv\/wp-json\/wp\/v2\/product_cat?post=5818"},{"taxonomy":"product_tag","embeddable":true,"href":"https:\/\/displayproducts.eu\/sv\/wp-json\/wp\/v2\/product_tag?post=5818"}],"curies":[{"name":"wp","href":"https:\/\/api.w.org\/{rel}","templated":true}]}}