{"id":5816,"date":"2025-12-11T12:14:13","date_gmt":"2025-12-11T09:14:13","guid":{"rendered":"https:\/\/wristbandfactory.eu\/?post_type=product&#038;p=5816"},"modified":"2026-04-01T21:52:35","modified_gmt":"2026-04-01T18:52:35","slug":"bamboo-fabric-wristbands-custom-woven-printed","status":"publish","type":"product","link":"https:\/\/displayproducts.eu\/sv\/p\/bamboo-fabric-wristbands-custom-woven-printed\/","title":{"rendered":"Tygarmband (Bambu) \u2013 Med tryck"},"content":{"rendered":"<p data-path-to-node=\"10\"><b>Det mjukaste valet f\u00f6r h\u00e5llbara evenemang<\/b><\/p>\n<p data-path-to-node=\"11\">Erbjud dina VIP-g\u00e4ster och milj\u00f6medvetna deltagare den ultimata komforten med v\u00e5r <b>Armband i bambutyg<\/b>. Dessa armband \u00e4r tillverkade av en av v\u00e4rldens snabbast v\u00e4xande f\u00f6rnybara resurser och kombinerar h\u00e5llbarhet med en premium, silkeslen textur som k\u00e4nns \u00f6verl\u00e4gsen syntetiska alternativ.<\/p>\n<p data-path-to-node=\"12\"><b>Varf\u00f6r v\u00e4lja bambu?<\/b> Bambufiber \u00e4r naturligt <b>antibakteriell, hypoallergen och fukttransporterande<\/b>. Detta g\u00f6r den till det perfekta valet f\u00f6r flerdagarsfestivaler i varma klimat eller f\u00f6r g\u00e4ster med k\u00e4nslig hud. Till skillnad fr\u00e5n plast andas den naturligt och \u00e4r helt biologiskt nedbrytbar i slutet av sin livscykel.<\/p>\n<p data-path-to-node=\"13\"><b>Varum\u00e4rkesbyggande och anpassning<\/b> P\u00e5 grund av bambuns naturliga matta struktur rekommenderar vi:<\/p>\n<ul data-path-to-node=\"14\">\n<li>\n<p data-path-to-node=\"14,0,0\"><b>V\u00e4vd (Broderi):<\/b> Att v\u00e4va din logotyp direkt i tyget (upp till 8 f\u00e4rger) skapar en klassisk och exklusiv look.<\/p>\n<\/li>\n<li>\n<p data-path-to-node=\"14,1,0\"><b>Silkscreentryck:<\/b> B\u00e4st f\u00f6r design som kr\u00e4ver skarp text eller specifika dekorf\u00e4rger p\u00e5 ytan.<\/p>\n<\/li>\n<\/ul>\n<p data-path-to-node=\"15\"><b>S\u00e4kert och milj\u00f6v\u00e4nligt<\/b> Maximera dina gr\u00f6na meriter genom att para ihop dessa armband med v\u00e5ra <b>Bambu Eco-Lock<\/b> (50% mindre plast). Vi erbjuder \u00e4ven standard h\u00f6gs\u00e4kerhetsreglage och \u00e5teranv\u00e4ndbara tr\u00e4p\u00e4rlor.<\/p>\n<p data-path-to-node=\"16\"><b>Viktiga funktioner:<\/b><\/p>\n<ul data-path-to-node=\"17\">\n<li>\n<p data-path-to-node=\"17,0,0\"><b>Material:<\/b> 100% Bambufiber.<\/p>\n<\/li>\n<li>\n<p data-path-to-node=\"17,1,0\"><b>K\u00e4nsla:<\/b> Lyxig, mjuk och satinliknande.<\/p>\n<\/li>\n<li>\n<p data-path-to-node=\"17,2,0\"><b>Milj\u00f6klassificering:<\/b> Mycket f\u00f6rnybar och biologiskt nedbrytbar.<\/p>\n<\/li>\n<li>\n<p data-path-to-node=\"17,3,0\"><b>Anv\u00e4ndande:<\/b> Perfekt f\u00f6r VIP-\u00e5tkomst, ekotoppm\u00f6ten och lyxiga retreater.<\/p>\n<\/li>\n<\/ul>","protected":false},"excerpt":{"rendered":"<ul>\n<li>\n<p data-path-to-node=\"8,0,0\"><b>Premiummaterial:<\/b> Tillverkad av snabbv\u00e4xande, biologiskt nedbrytbar bambufiber enligt 100%.<\/p>\n<\/li>\n<li>\n<p data-path-to-node=\"8,1,0\"><b>Silkeslen komfort:<\/b> Det mjukaste armbandsalternativet som finns; naturligt antibakteriellt och hypoallergent.<\/p>\n<\/li>\n<li>\n<p data-path-to-node=\"8,2,0\"><b>Anpassad varum\u00e4rkesbyggande:<\/b> Finns som v\u00e4vd (broderi) eller screentryckt (Pantone-matchning).<\/p>\n<\/li>\n<li>\n<p data-path-to-node=\"8,3,0\"><b>H\u00e5llbar:<\/b> En f\u00f6rnybar resurs som inte kr\u00e4ver n\u00e5gra bek\u00e4mpningsmedel f\u00f6r att odlas.<\/p>\n<\/li>\n<\/ul>","protected":false},"featured_media":5828,"comment_status":"closed","ping_status":"closed","template":"","meta":[],"product_brand":[],"product_cat":[133,47],"product_tag":[],"class_list":{"0":"post-5816","1":"product","2":"type-product","3":"status-publish","4":"has-post-thumbnail","6":"product_cat-eco-friendly-wristbands","7":"product_cat-fabric-wristbands","9":"first","10":"instock","11":"shipping-taxable","12":"purchasable","13":"product-type-simple"},"_links":{"self":[{"href":"https:\/\/displayproducts.eu\/sv\/wp-json\/wp\/v2\/product\/5816","targetHints":{"allow":["GET"]}}],"collection":[{"href":"https:\/\/displayproducts.eu\/sv\/wp-json\/wp\/v2\/product"}],"about":[{"href":"https:\/\/displayproducts.eu\/sv\/wp-json\/wp\/v2\/types\/product"}],"replies":[{"embeddable":true,"href":"https:\/\/displayproducts.eu\/sv\/wp-json\/wp\/v2\/comments?post=5816"}],"wp:featuredmedia":[{"embeddable":true,"href":"https:\/\/displayproducts.eu\/sv\/wp-json\/wp\/v2\/media\/5828"}],"wp:attachment":[{"href":"https:\/\/displayproducts.eu\/sv\/wp-json\/wp\/v2\/media?parent=5816"}],"wp:term":[{"taxonomy":"product_brand","embeddable":true,"href":"https:\/\/displayproducts.eu\/sv\/wp-json\/wp\/v2\/product_brand?post=5816"},{"taxonomy":"product_cat","embeddable":true,"href":"https:\/\/displayproducts.eu\/sv\/wp-json\/wp\/v2\/product_cat?post=5816"},{"taxonomy":"product_tag","embeddable":true,"href":"https:\/\/displayproducts.eu\/sv\/wp-json\/wp\/v2\/product_tag?post=5816"}],"curies":[{"name":"wp","href":"https:\/\/api.w.org\/{rel}","templated":true}]}}