{"id":5814,"date":"2025-12-11T12:06:41","date_gmt":"2025-12-11T09:06:41","guid":{"rendered":"https:\/\/wristbandfactory.eu\/?post_type=product&#038;p=5814"},"modified":"2026-04-01T21:52:35","modified_gmt":"2026-04-01T18:52:35","slug":"organic-cotton-wristbands-custom-woven-printed","status":"publish","type":"product","link":"https:\/\/displayproducts.eu\/sv\/p\/organic-cotton-wristbands-custom-woven-printed\/","title":{"rendered":"Tygarmband (Bomull) \u2013 Med tryck"},"content":{"rendered":"<p data-path-to-node=\"11\"><b>Det naturliga valet f\u00f6r h\u00e5llbara evenemang<\/b><\/p>\n<p data-path-to-node=\"12\">H\u00f6j ditt varum\u00e4rkes milj\u00f6profil med v\u00e5ra <b>Armband i ekologisk bomull<\/b>. Till skillnad fr\u00e5n syntetiska material \u00e4r dessa armband tillverkade av 100% naturfibrer, vilket ger ett matt, rustikt utseende och en exceptionellt mjuk k\u00e4nsla mot huden. De \u00e4r den perfekta l\u00f6sningen f\u00f6r flerdagarsfestivaler, VIP-retreater och varum\u00e4rken som vill projicera en &quot;plastfri&quot; image.<\/p>\n<p data-path-to-node=\"13\"><b>Komfort m\u00f6ter h\u00e5llbarhet<\/b> Bomull \u00e4r naturligt andningsbart och hypoallergent, vilket g\u00f6r det till det bekv\u00e4maste alternativet f\u00f6r l\u00e4ngre tids anv\u00e4ndning. Det orsakar inte irritation eller svettning, vilket garanterar en f\u00f6rstklassig upplevelse f\u00f6r dina g\u00e4ster.<\/p>\n<p data-path-to-node=\"14\"><b>Varum\u00e4rkesalternativ<\/b> P\u00e5 grund av den naturliga fiberstrukturen rekommenderar vi tv\u00e5 olika anpassningsmetoder:<\/p>\n<ul data-path-to-node=\"15\">\n<li>\n<p data-path-to-node=\"15,0,0\"><b>V\u00e4vd (Broderi):<\/b> Din logotyp sys direkt i tyget med upp till 8 tr\u00e5df\u00e4rger. Detta skapar en slitstark och h\u00f6gkvalitativ finish som inte bleknar.<\/p>\n<\/li>\n<li>\n<p data-path-to-node=\"15,1,0\"><b>Silkscreentryck:<\/b> Perfekt f\u00f6r specifik Pantone-f\u00e4rgmatchning p\u00e5 armbandets yta.<\/p>\n<\/li>\n<\/ul>\n<p data-path-to-node=\"16\"><b>S\u00e4ker och h\u00e5llbar h\u00e5rdvara<\/b> Kombinera dessa naturliga band med v\u00e5ra <b>Bambu Eco-Lock<\/b> (50% bambukomposit) f\u00f6r att skapa en helt milj\u00f6v\u00e4nlig armbandsl\u00f6sning. Standard h\u00f6gs\u00e4kerhetsreglage och \u00e5teranv\u00e4ndbara tr\u00e4p\u00e4rlor finns ocks\u00e5 tillg\u00e4ngliga.<\/p>\n<p data-path-to-node=\"17\"><b>Viktiga funktioner:<\/b><\/p>\n<ul data-path-to-node=\"18\">\n<li>\n<p data-path-to-node=\"18,0,0\"><b>Material:<\/b> 100% Ekologisk bomull.<\/p>\n<\/li>\n<li>\n<p data-path-to-node=\"18,1,0\"><b>Milj\u00f6klassificering:<\/b> Biologiskt nedbrytbar och f\u00f6rnybar.<\/p>\n<\/li>\n<li>\n<p data-path-to-node=\"18,2,0\"><b>Konsistens:<\/b> Mjuk, matt finish (ej blank).<\/p>\n<\/li>\n<li>\n<p data-path-to-node=\"18,3,0\"><b>M\u00e5tt:<\/b> Standardm\u00e5tt 340 mm x 15 mm.<\/p>\n<\/li>\n<\/ul>","protected":false},"excerpt":{"rendered":"<ul>\n<li>\n<p data-path-to-node=\"9,0,0\"><b>Naturmaterial:<\/b> Tillverkad av 100% biologiskt nedbrytbara ekologiska bomullsfibrer.<\/p>\n<\/li>\n<li>\n<p data-path-to-node=\"9,1,0\"><b>Premiumkomfort:<\/b> Mjuk, andningsbar och allergiv\u00e4nlig (perfekt f\u00f6r k\u00e4nslig hud).<\/p>\n<\/li>\n<li>\n<p data-path-to-node=\"9,2,0\"><b>Anpassad varum\u00e4rkesbyggande:<\/b> V\u00e4lj mellan h\u00f6gkvalitativt broderi (v\u00e4vt) eller silkscreentryck.<\/p>\n<\/li>\n<li>\n<p data-path-to-node=\"9,3,0\"><b>Plastfri:<\/b> Ett helt h\u00e5llbart val som \u00e4r kompatibelt med Bamboo Eco-Locks.<\/p>\n<\/li>\n<\/ul>","protected":false},"featured_media":5829,"comment_status":"closed","ping_status":"closed","template":"","meta":[],"product_brand":[],"product_cat":[133,47],"product_tag":[],"class_list":{"0":"post-5814","1":"product","2":"type-product","3":"status-publish","4":"has-post-thumbnail","6":"product_cat-eco-friendly-wristbands","7":"product_cat-fabric-wristbands","9":"first","10":"instock","11":"shipping-taxable","12":"purchasable","13":"product-type-simple"},"_links":{"self":[{"href":"https:\/\/displayproducts.eu\/sv\/wp-json\/wp\/v2\/product\/5814","targetHints":{"allow":["GET"]}}],"collection":[{"href":"https:\/\/displayproducts.eu\/sv\/wp-json\/wp\/v2\/product"}],"about":[{"href":"https:\/\/displayproducts.eu\/sv\/wp-json\/wp\/v2\/types\/product"}],"replies":[{"embeddable":true,"href":"https:\/\/displayproducts.eu\/sv\/wp-json\/wp\/v2\/comments?post=5814"}],"wp:featuredmedia":[{"embeddable":true,"href":"https:\/\/displayproducts.eu\/sv\/wp-json\/wp\/v2\/media\/5829"}],"wp:attachment":[{"href":"https:\/\/displayproducts.eu\/sv\/wp-json\/wp\/v2\/media?parent=5814"}],"wp:term":[{"taxonomy":"product_brand","embeddable":true,"href":"https:\/\/displayproducts.eu\/sv\/wp-json\/wp\/v2\/product_brand?post=5814"},{"taxonomy":"product_cat","embeddable":true,"href":"https:\/\/displayproducts.eu\/sv\/wp-json\/wp\/v2\/product_cat?post=5814"},{"taxonomy":"product_tag","embeddable":true,"href":"https:\/\/displayproducts.eu\/sv\/wp-json\/wp\/v2\/product_tag?post=5814"}],"curies":[{"name":"wp","href":"https:\/\/api.w.org\/{rel}","templated":true}]}}