{"id":5810,"date":"2025-12-11T11:26:33","date_gmt":"2025-12-11T08:26:33","guid":{"rendered":"https:\/\/wristbandfactory.eu\/?post_type=product&#038;p=5810"},"modified":"2026-04-01T21:52:03","modified_gmt":"2026-04-01T18:52:03","slug":"recycled-fabric-wristbands-rpet-full-colour-printed","status":"publish","type":"product","link":"https:\/\/displayproducts.eu\/sv\/p\/recycled-fabric-wristbands-rpet-full-colour-printed\/","title":{"rendered":"Tygarmband (rPET) \u2013 Med tryck"},"content":{"rendered":"<p data-path-to-node=\"10\"><b>H\u00e5llbart varum\u00e4rke utan kompromisser<\/b><\/p>\n<p data-path-to-node=\"11\">Byt till ett gr\u00f6nare alternativ med v\u00e5r <b>Armband av \u00e5tervunnet tyg (rPET)<\/b>. Dessa armband \u00e4r designade f\u00f6r festivaler, konferenser och f\u00f6retagsevenemang och kombinerar effektfull varum\u00e4rkesbyggande med milj\u00f6ansvar.<\/p>\n<p data-path-to-node=\"12\"><b>Fr\u00e5n avfall till armband<\/b> Till skillnad fr\u00e5n vanlig polyester tillverkas v\u00e5ra rPET-band av garn spunnet fr\u00e5n certifierade \u00e5tervunna plastflaskor. Denna process minskar plastavfall och koldioxidutsl\u00e4pp avsev\u00e4rt samtidigt som den bibeh\u00e5ller h\u00e5llbarheten och den mjuka, satinliknande k\u00e4nslan hos premiumtyg.<\/p>\n<p data-path-to-node=\"13\"><b>Anpassning av h\u00f6g uppl\u00f6sning<\/b> Den sl\u00e4ta ytan hos rPET-materialet \u00e4r konstruerad f\u00f6r <b>f\u00e4rgsublimeringstryck<\/b>. Detta m\u00f6jligg\u00f6r fotorealistiska detaljer, gradienter och invecklade sponsorlogotyper att tryckas kant i kant p\u00e5 b\u00e5da sidor av armbandet.<\/p>\n<p data-path-to-node=\"14\"><b>L\u00e5smekanismer f\u00f6r alla behov<\/b> Anpassa din s\u00e4kerhetsniv\u00e5 med v\u00e5rt breda utbud av st\u00e4ngningar:<\/p>\n<ul data-path-to-node=\"15\">\n<li>\n<p data-path-to-node=\"15,0,0\"><b>H\u00f6gs\u00e4kerhetsreglage:<\/b> F\u00f6rmonterade l\u00e5sreglage (t\u00e4nder eller enkelriktade) f\u00f6r strikt \u00e5tkomstkontroll.<\/p>\n<\/li>\n<li>\n<p data-path-to-node=\"15,1,0\"><b>Bambu Eco-L\u00e5s:<\/b> Ett 50%-alternativ med reducerad plast som matchar det h\u00e5llbara bandet.<\/p>\n<\/li>\n<li>\n<p data-path-to-node=\"15,2,0\"><b>\u00c5teranv\u00e4ndbara vippor:<\/b> Justerbara p\u00e4rlor f\u00f6r personalpass eller reklamutlottningar.<\/p>\n<\/li>\n<\/ul>\n<p data-path-to-node=\"16\"><b>Viktiga funktioner:<\/b><\/p>\n<ul data-path-to-node=\"17\">\n<li>\n<p data-path-to-node=\"17,0,0\"><b>Material:<\/b> 100% \u00c5tervunnen polyetylentereftalat (rPET).<\/p>\n<\/li>\n<li>\n<p data-path-to-node=\"17,1,0\"><b>Utskriftsmetod:<\/b> CMYK-sublimering i fullf\u00e4rg (fram- och baksida).<\/p>\n<\/li>\n<li>\n<p data-path-to-node=\"17,2,0\"><b>Storlek:<\/b> Standard 340 mm x 15 mm (anpassade storlekar finns tillg\u00e4ngliga).<\/p>\n<\/li>\n<li>\n<p data-path-to-node=\"17,3,0\"><b>F\u00f6rpackning:<\/b> Bulkf\u00f6rpackade i polyp\u00e5sar om 50 st f\u00f6r enkel distribution.<\/p>\n<\/li>\n<\/ul>","protected":false},"excerpt":{"rendered":"<ul>\n<li>\n<p data-path-to-node=\"8,0,0\"><b>Milj\u00f6v\u00e4nlig:<\/b> Tillverkad av 100% \u00e5tervunna PET-plastflaskor (rPET).<\/p>\n<\/li>\n<li>\n<p data-path-to-node=\"8,1,0\"><b>Levande tryck:<\/b> Kant-till-kant fullf\u00e4rgssublimering f\u00f6r komplexa designer.<\/p>\n<\/li>\n<li>\n<p data-path-to-node=\"8,2,0\"><b>S\u00e4kert och flexibelt:<\/b> Val av eng\u00e5ngss\u00e4kerhetsl\u00e5s eller \u00e5teranv\u00e4ndbara p\u00e4rlor.<\/p>\n<\/li>\n<li>\n<p data-path-to-node=\"8,3,0\"><b>Snabb produktion:<\/b> Bulkpackad och redo f\u00f6r br\u00e5dskande evenemang.<\/p>\n<\/li>\n<\/ul>","protected":false},"featured_media":5830,"comment_status":"closed","ping_status":"closed","template":"","meta":[],"product_brand":[],"product_cat":[133,47],"product_tag":[],"class_list":{"0":"post-5810","1":"product","2":"type-product","3":"status-publish","4":"has-post-thumbnail","6":"product_cat-eco-friendly-wristbands","7":"product_cat-fabric-wristbands","9":"first","10":"instock","11":"shipping-taxable","12":"purchasable","13":"product-type-simple"},"_links":{"self":[{"href":"https:\/\/displayproducts.eu\/sv\/wp-json\/wp\/v2\/product\/5810","targetHints":{"allow":["GET"]}}],"collection":[{"href":"https:\/\/displayproducts.eu\/sv\/wp-json\/wp\/v2\/product"}],"about":[{"href":"https:\/\/displayproducts.eu\/sv\/wp-json\/wp\/v2\/types\/product"}],"replies":[{"embeddable":true,"href":"https:\/\/displayproducts.eu\/sv\/wp-json\/wp\/v2\/comments?post=5810"}],"wp:featuredmedia":[{"embeddable":true,"href":"https:\/\/displayproducts.eu\/sv\/wp-json\/wp\/v2\/media\/5830"}],"wp:attachment":[{"href":"https:\/\/displayproducts.eu\/sv\/wp-json\/wp\/v2\/media?parent=5810"}],"wp:term":[{"taxonomy":"product_brand","embeddable":true,"href":"https:\/\/displayproducts.eu\/sv\/wp-json\/wp\/v2\/product_brand?post=5810"},{"taxonomy":"product_cat","embeddable":true,"href":"https:\/\/displayproducts.eu\/sv\/wp-json\/wp\/v2\/product_cat?post=5810"},{"taxonomy":"product_tag","embeddable":true,"href":"https:\/\/displayproducts.eu\/sv\/wp-json\/wp\/v2\/product_tag?post=5810"}],"curies":[{"name":"wp","href":"https:\/\/api.w.org\/{rel}","templated":true}]}}