{"id":5780,"date":"2025-12-10T15:24:17","date_gmt":"2025-12-10T12:24:17","guid":{"rendered":"https:\/\/wristbandfactory.eu\/?post_type=product&#038;p=5780"},"modified":"2026-04-01T21:52:35","modified_gmt":"2026-04-01T18:52:35","slug":"custom-neoprene-lanyards-ultra-soft-cushioned","status":"publish","type":"product","link":"https:\/\/displayproducts.eu\/sv\/p\/custom-neoprene-lanyards-ultra-soft-cushioned\/","title":{"rendered":"Nyckelband i neopren med tryck"},"content":{"rendered":"<p data-path-to-node=\"11\">Upplev \u00f6verl\u00e4gsen komfort med v\u00e5r <b>Anpassade neopren-nyckelband<\/b>. Om din personal eller dina deltagare klagar p\u00e5 tunna remmar som skaver i halsen, \u00e4r detta den premiumuppgradering du beh\u00f6ver.<\/p>\n<p data-path-to-node=\"12\"><b>Byggd som en v\u00e5tdr\u00e4kt<\/b> Dessa nyckelband \u00e4r tillverkade av h\u00f6gkvalitativ neopren och \u00e4r mjuka, flexibla och svettbest\u00e4ndiga. Materialet har en naturlig tjocklek (svampliknande k\u00e4rna) som fungerar som en st\u00f6td\u00e4mpare, vilket g\u00f6r dem till det f\u00f6redragna valet f\u00f6r gymtr\u00e4nare, guider f\u00f6r friluftsliv och underh\u00e5llspersonal som b\u00e4r tunga nycklar.<\/p>\n<p data-path-to-node=\"13\"><b>Sportig och professionell<\/b> Utseendet \u00e4r distinkt sportigt men \u00e4nd\u00e5 professionellt. Kanterna \u00e4r avslutade med f\u00e4rgmatchade eller kontrasterande s\u00f6mmar, vilket ger nyckelbandet ett exklusivt, skr\u00e4ddarsytt utseende. Oavsett om du v\u00e4ljer ett dj\u00e4rvt m\u00f6nster eller en elegant f\u00f6retagslogotyp \u00e4r resultatet alltid i\u00f6gonfallande.<\/p>\n<p data-path-to-node=\"14\"><b>Viktiga funktioner:<\/b><\/p>\n<ul data-path-to-node=\"15\">\n<li>\n<p data-path-to-node=\"15,0,0\"><b>Material:<\/b> Mjuk neopren med tygbekl\u00e4dnad.<\/p>\n<\/li>\n<li>\n<p data-path-to-node=\"15,1,0\"><b>Konstruktion:<\/b> R\u00f6rformade eller platta med sydda kanter.<\/p>\n<\/li>\n<li>\n<p data-path-to-node=\"15,2,0\"><b>Bilagor:<\/b> Kraftiga metallkrokar, O-ringar och avtagbara sp\u00e4nnen.<\/p>\n<\/li>\n<li>\n<p data-path-to-node=\"15,3,0\"><b>S\u00e4kerhet:<\/b> Plastsp\u00e4nnen med brytfunktion finns tillg\u00e4ngliga.<\/p>\n<\/li>\n<\/ul>","protected":false},"excerpt":{"rendered":"<ul>\n<li>\n<p data-path-to-node=\"9,0,0\"><b>Ultimat komfort:<\/b> Tillverkad av svampig neopren (v\u00e5tdr\u00e4ktsmaterial) som ger en d\u00e4mpad k\u00e4nsla och f\u00f6rhindrar nackirritation \u00e4ven med tung belastning.<\/p>\n<\/li>\n<li>\n<p data-path-to-node=\"9,1,0\"><b>H\u00e5llbar finish:<\/b> Har f\u00f6rst\u00e4rkta sydda kanter (overlock) f\u00f6r att f\u00f6rhindra fransning och f\u00f6rl\u00e4nga produktens livsl\u00e4ngd.<\/p>\n<\/li>\n<li>\n<p data-path-to-node=\"9,2,0\"><b>Tung belastning:<\/b> Den tjocka profilen g\u00f6r den idealisk f\u00f6r att b\u00e4ra tunga nyckelknippor, verktyg eller stora elektroniska apparater utan att sk\u00e4ra in i huden.<\/p>\n<\/li>\n<li>\n<p data-path-to-node=\"9,3,0\"><b>Livfull varum\u00e4rkesbyggande:<\/b> Finns med skarpt silkscreentryck eller sublimering i fullf\u00e4rg f\u00f6r m\u00f6nster som leopardm\u00f6nster.<\/p>\n<\/li>\n<\/ul>","protected":false},"featured_media":5797,"comment_status":"closed","ping_status":"closed","template":"","meta":[],"product_brand":[],"product_cat":[104,108,118],"product_tag":[],"class_list":{"0":"post-5780","1":"product","2":"type-product","3":"status-publish","4":"has-post-thumbnail","6":"product_cat-custom-printed-lanyards","7":"product_cat-multifunctional-lanyards","8":"product_cat-sports-fitness","10":"first","11":"instock","12":"shipping-taxable","13":"purchasable","14":"product-type-simple"},"_links":{"self":[{"href":"https:\/\/displayproducts.eu\/sv\/wp-json\/wp\/v2\/product\/5780","targetHints":{"allow":["GET"]}}],"collection":[{"href":"https:\/\/displayproducts.eu\/sv\/wp-json\/wp\/v2\/product"}],"about":[{"href":"https:\/\/displayproducts.eu\/sv\/wp-json\/wp\/v2\/types\/product"}],"replies":[{"embeddable":true,"href":"https:\/\/displayproducts.eu\/sv\/wp-json\/wp\/v2\/comments?post=5780"}],"wp:featuredmedia":[{"embeddable":true,"href":"https:\/\/displayproducts.eu\/sv\/wp-json\/wp\/v2\/media\/5797"}],"wp:attachment":[{"href":"https:\/\/displayproducts.eu\/sv\/wp-json\/wp\/v2\/media?parent=5780"}],"wp:term":[{"taxonomy":"product_brand","embeddable":true,"href":"https:\/\/displayproducts.eu\/sv\/wp-json\/wp\/v2\/product_brand?post=5780"},{"taxonomy":"product_cat","embeddable":true,"href":"https:\/\/displayproducts.eu\/sv\/wp-json\/wp\/v2\/product_cat?post=5780"},{"taxonomy":"product_tag","embeddable":true,"href":"https:\/\/displayproducts.eu\/sv\/wp-json\/wp\/v2\/product_tag?post=5780"}],"curies":[{"name":"wp","href":"https:\/\/api.w.org\/{rel}","templated":true}]}}