{"id":5772,"date":"2025-12-10T15:15:03","date_gmt":"2025-12-10T12:15:03","guid":{"rendered":"https:\/\/wristbandfactory.eu\/?post_type=product&#038;p=5772"},"modified":"2026-04-01T21:52:35","modified_gmt":"2026-04-01T18:52:35","slug":"custom-printed-suspenders-branded-y-back-braces","status":"publish","type":"product","link":"https:\/\/displayproducts.eu\/sv\/p\/custom-printed-suspenders-branded-y-back-braces\/","title":{"rendered":"H\u00e4ngslen med tryck \u2013 Y-rygg modell"},"content":{"rendered":"<p data-path-to-node=\"12\">L\u00e4gg till en touch av klass till din f\u00f6retagsuniform eller merchandisekollektion med v\u00e5r <b>Anpassade tryckta h\u00e4ngslen<\/b>. Oavsett om det \u00e4r f\u00f6r en trendig barpersonal, ett byggarbetsteam eller ett modem\u00e4rke, erbjuder dessa h\u00e4ngslen ett funktionellt och snyggt alternativ till b\u00e4lten.<\/p>\n<p data-path-to-node=\"13\"><b>Byggd f\u00f6r arbete och fritid<\/b> V\u00e5ra h\u00e4ngslen \u00e4r tillverkade av h\u00f6gkvalitativt elastiskt band som beh\u00e5ller sin stretch \u00f6ver tid. Metalldetaljerna \u00e4r robusta nog f\u00f6r industriella arbetskl\u00e4der men \u00e4nd\u00e5 polerade nog f\u00f6r formella evenemang.<\/p>\n<p data-path-to-node=\"14\"><b>Varum\u00e4rkesalternativ:<\/b><\/p>\n<ol start=\"1\" data-path-to-node=\"15\">\n<li>\n<p data-path-to-node=\"15,0,0\"><b>V\u00e4vd res\u00e5r:<\/b> Logotypen stickas direkt i tyget f\u00f6r ett exklusivt, texturerat utseende (t.ex. randiga m\u00f6nster).<\/p>\n<\/li>\n<li>\n<p data-path-to-node=\"15,1,0\"><b>L\u00e4derpr\u00e4gling:<\/b> En subtil, sofistikerad logotyp intryckt i l\u00e4derbakstycket.<\/p>\n<\/li>\n<\/ol>\n<p data-path-to-node=\"16\"><b>Rekommenderade anv\u00e4ndningsfall:<\/b><\/p>\n<ul data-path-to-node=\"17\">\n<li>\n<p data-path-to-node=\"17,0,0\"><b>Uniformer f\u00f6r hotell och restaurang:<\/b> Servit\u00f6rer och bartenders.<\/p>\n<\/li>\n<li>\n<p data-path-to-node=\"17,1,0\"><b>Bygg och handel:<\/b> St\u00f6d f\u00f6r verktygsb\u00e4lte med h\u00f6g synlighet eller kraftig utrustning.<\/p>\n<\/li>\n<li>\n<p data-path-to-node=\"17,2,0\"><b>F\u00f6retagsg\u00e5vor:<\/b> Ett unikt tillbeh\u00f6r f\u00f6r teambuilding eller golfevenemang.<\/p>\n<\/li>\n<\/ul>\n<p data-path-to-node=\"18\"><b>Viktiga funktioner:<\/b><\/p>\n<ul data-path-to-node=\"19\">\n<li>\n<p data-path-to-node=\"19,0,0\"><b>Material:<\/b> Elastisk polyester med h\u00f6g densitet.<\/p>\n<\/li>\n<li>\n<p data-path-to-node=\"19,1,0\"><b>Ryggstil:<\/b> Y-formad med l\u00e4derlapp.<\/p>\n<\/li>\n<li>\n<p data-path-to-node=\"19,2,0\"><b>Clips:<\/b> 3 eller 4 metallkl\u00e4mmor (nickel- eller svart finish).<\/p>\n<\/li>\n<li>\n<p data-path-to-node=\"19,3,0\"><b>Bredd:<\/b> Standard 25 mm, 35 mm eller 50 mm.<\/p>\n<\/li>\n<\/ul>","protected":false},"excerpt":{"rendered":"<ul>\n<li>\n<p data-path-to-node=\"10,0,0\"><b>Klassisk design:<\/b> Traditionell Y-rygg- eller X-ryggkonstruktion med ett kryssm\u00e4rke i premiuml\u00e4der f\u00f6r h\u00e5llbarhet och stil.<\/p>\n<\/li>\n<li>\n<p data-path-to-node=\"10,1,0\"><b>Starkt grepp:<\/b> Utrustade med kraftiga metallkl\u00e4mmor som h\u00e5ller byxorna s\u00e4kert p\u00e5 plats utan att skada tyget.<\/p>\n<\/li>\n<li>\n<p data-path-to-node=\"10,2,0\"><b>Helt justerbar:<\/b> Har metalljusteringsknappar f\u00f6r att s\u00e4kerst\u00e4lla en bekv\u00e4m passform f\u00f6r alla l\u00e4ngder.<\/p>\n<\/li>\n<li>\n<p data-path-to-node=\"10,3,0\"><b>Anpassad varum\u00e4rkesbyggande:<\/b> Din logotyp kan v\u00e4vas in i det elastiska bandet (jacquard) eller pr\u00e4glas p\u00e5 l\u00e4derlappen p\u00e5 baksidan.<\/p>\n<\/li>\n<\/ul>","protected":false},"featured_media":5808,"comment_status":"closed","ping_status":"closed","template":"","meta":[],"product_brand":[],"product_cat":[127],"product_tag":[],"class_list":{"0":"post-5772","1":"product","2":"type-product","3":"status-publish","4":"has-post-thumbnail","6":"product_cat-custom-straps-belts","8":"first","9":"instock","10":"shipping-taxable","11":"product-type-simple"},"_links":{"self":[{"href":"https:\/\/displayproducts.eu\/sv\/wp-json\/wp\/v2\/product\/5772","targetHints":{"allow":["GET"]}}],"collection":[{"href":"https:\/\/displayproducts.eu\/sv\/wp-json\/wp\/v2\/product"}],"about":[{"href":"https:\/\/displayproducts.eu\/sv\/wp-json\/wp\/v2\/types\/product"}],"replies":[{"embeddable":true,"href":"https:\/\/displayproducts.eu\/sv\/wp-json\/wp\/v2\/comments?post=5772"}],"wp:featuredmedia":[{"embeddable":true,"href":"https:\/\/displayproducts.eu\/sv\/wp-json\/wp\/v2\/media\/5808"}],"wp:attachment":[{"href":"https:\/\/displayproducts.eu\/sv\/wp-json\/wp\/v2\/media?parent=5772"}],"wp:term":[{"taxonomy":"product_brand","embeddable":true,"href":"https:\/\/displayproducts.eu\/sv\/wp-json\/wp\/v2\/product_brand?post=5772"},{"taxonomy":"product_cat","embeddable":true,"href":"https:\/\/displayproducts.eu\/sv\/wp-json\/wp\/v2\/product_cat?post=5772"},{"taxonomy":"product_tag","embeddable":true,"href":"https:\/\/displayproducts.eu\/sv\/wp-json\/wp\/v2\/product_tag?post=5772"}],"curies":[{"name":"wp","href":"https:\/\/api.w.org\/{rel}","templated":true}]}}