{"id":5765,"date":"2025-12-10T15:10:44","date_gmt":"2025-12-10T12:10:44","guid":{"rendered":"https:\/\/wristbandfactory.eu\/?post_type=product&#038;p=5765"},"modified":"2026-04-01T21:52:35","modified_gmt":"2026-04-01T18:52:35","slug":"custom-printed-shoelaces-flat-round-sneaker-laces","status":"publish","type":"product","link":"https:\/\/displayproducts.eu\/sv\/p\/custom-printed-shoelaces-flat-round-sneaker-laces\/","title":{"rendered":"Runda nyckelband med tryck \u2013 Platta och runda"},"content":{"rendered":"<p data-path-to-node=\"12\">F\u00f6rvandla varje steg till en varum\u00e4rkesm\u00f6jlighet med v\u00e5r <b>Anpassade tryckta runda nyckelband<\/b>. Oavsett om det \u00e4r f\u00f6r ett f\u00f6retagsmaratonlag, en lansering av ett sneakerm\u00e4rke eller unika universitetsprodukter, erbjuder dessa sn\u00f6ren ett roligt och funktionellt s\u00e4tt att visa upp din logotyp.<\/p>\n<p data-path-to-node=\"13\"><b>Stilar som matchar din sko:<\/b><\/p>\n<ol start=\"1\" data-path-to-node=\"14\">\n<li>\n<p data-path-to-node=\"14,0,0\"><b>Platta sn\u00f6ren:<\/b> Standarden f\u00f6r sneakers och skateskor. De erbjuder en bred duk (8 mm \u2013 15 mm) perfekt f\u00f6r att l\u00e4sa text och logotyper tydligt p\u00e5 avst\u00e5nd.<\/p>\n<\/li>\n<li>\n<p data-path-to-node=\"14,1,0\"><b>Runda sn\u00f6ren:<\/b> Perfekt f\u00f6r l\u00f6parskor, st\u00f6vlar och hoodies. Varum\u00e4rket v\u00e4vs vanligtvis in eller trycks p\u00e5 spetsarna f\u00f6r en subtil finish i detaljhandelskvalitet.<\/p>\n<\/li>\n<\/ol>\n<p data-path-to-node=\"15\"><b>Anpassade Aglets (Tips)<\/b> Ta det till n\u00e4sta niv\u00e5 genom att trycka ditt varum\u00e4rke eller din webbplats direkt p\u00e5 plast- eller metallspetsarna p\u00e5 runda nyckelbanda. Denna detalj ger ett betydande upplevt v\u00e4rde till produkten.<\/p>\n<p data-path-to-node=\"16\"><b>Rekommenderade anv\u00e4ndningsfall:<\/b><\/p>\n<ul data-path-to-node=\"17\">\n<li>\n<p data-path-to-node=\"17,0,0\"><b>Maratonlopp och 5 km-l\u00f6pningar:<\/b> Inkludera dem i deltagarnas &quot;goodiebag&quot;.\u201c<\/p>\n<\/li>\n<li>\n<p data-path-to-node=\"17,1,0\"><b>Medarbetarnas v\u00e4lbefinnande:<\/b> Perfekt f\u00f6r &quot;Stegr\u00e4kningsutmaningar&quot;.\u201c<\/p>\n<\/li>\n<li>\n<p data-path-to-node=\"17,2,0\"><b>Mode och detaljhandel:<\/b> S\u00e4lj dem som ett frist\u00e5ende tillbeh\u00f6r eller som present vid f\u00e5 offert.<\/p>\n<\/li>\n<\/ul>\n<p data-path-to-node=\"18\"><b>Viktiga funktioner:<\/b><\/p>\n<ul data-path-to-node=\"19\">\n<li>\n<p data-path-to-node=\"19,0,0\"><b>Material:<\/b> Slitstark polyester.<\/p>\n<\/li>\n<li>\n<p data-path-to-node=\"19,1,0\"><b>L\u00e4ngd:<\/b> Standardstorlekar (90 cm, 120 cm, 140 cm) eller specialstorlekar.<\/p>\n<\/li>\n<li>\n<p data-path-to-node=\"19,2,0\"><b>Skriva ut:<\/b> V\u00e4rme\u00f6verf\u00f6ring (sublimering) eller silkscreen.<\/p>\n<\/li>\n<li>\n<p data-path-to-node=\"19,3,0\"><b>F\u00f6rpackning:<\/b> Paren \u00e4r vanligtvis f\u00f6rpackade i en genomskinlig polyp\u00e5se eller specialdesignad korthuvud.<\/p>\n<\/li>\n<\/ul>","protected":false},"excerpt":{"rendered":"<ul>\n<li>\n<p data-path-to-node=\"10,0,0\"><b>Helt anpassningsbar:<\/b> Finns i klassisk platt stil f\u00f6r dj\u00e4rva helf\u00e4rgade m\u00f6nster eller rund sn\u00f6rmodell f\u00f6r en sportig look.<\/p>\n<\/li>\n<li>\n<p data-path-to-node=\"10,1,0\"><b>Helhetsinriktat varum\u00e4rkesbyggande:<\/b> Vi kan trycka din logotyp l\u00e4ngs hela spetsens l\u00e4ngd och till och med specialanpassa plast- eller metallspetsarna (aglets).<\/p>\n<\/li>\n<li>\n<p data-path-to-node=\"10,2,0\"><b>Livfulla designer:<\/b> Med hj\u00e4lp av sublimeringstryck kan vi uppn\u00e5 detaljerad grafik som hj\u00e4rtan, tecknade serier eller komplexa gradienter.<\/p>\n<\/li>\n<li>\n<p data-path-to-node=\"10,3,0\"><b>Klar f\u00f6r evenemang:<\/b> En v\u00e4rdefull utlottning f\u00f6r v\u00e4lg\u00f6renhetslopp, sportlag och sneakerm\u00e4ssor som mottagarna faktiskt anv\u00e4nder.<\/p>\n<\/li>\n<\/ul>","protected":false},"featured_media":5839,"comment_status":"closed","ping_status":"closed","template":"","meta":[],"product_brand":[],"product_cat":[127],"product_tag":[],"class_list":{"0":"post-5765","1":"product","2":"type-product","3":"status-publish","4":"has-post-thumbnail","6":"product_cat-custom-straps-belts","8":"first","9":"instock","10":"shipping-taxable","11":"product-type-simple"},"_links":{"self":[{"href":"https:\/\/displayproducts.eu\/sv\/wp-json\/wp\/v2\/product\/5765","targetHints":{"allow":["GET"]}}],"collection":[{"href":"https:\/\/displayproducts.eu\/sv\/wp-json\/wp\/v2\/product"}],"about":[{"href":"https:\/\/displayproducts.eu\/sv\/wp-json\/wp\/v2\/types\/product"}],"replies":[{"embeddable":true,"href":"https:\/\/displayproducts.eu\/sv\/wp-json\/wp\/v2\/comments?post=5765"}],"wp:featuredmedia":[{"embeddable":true,"href":"https:\/\/displayproducts.eu\/sv\/wp-json\/wp\/v2\/media\/5839"}],"wp:attachment":[{"href":"https:\/\/displayproducts.eu\/sv\/wp-json\/wp\/v2\/media?parent=5765"}],"wp:term":[{"taxonomy":"product_brand","embeddable":true,"href":"https:\/\/displayproducts.eu\/sv\/wp-json\/wp\/v2\/product_brand?post=5765"},{"taxonomy":"product_cat","embeddable":true,"href":"https:\/\/displayproducts.eu\/sv\/wp-json\/wp\/v2\/product_cat?post=5765"},{"taxonomy":"product_tag","embeddable":true,"href":"https:\/\/displayproducts.eu\/sv\/wp-json\/wp\/v2\/product_tag?post=5765"}],"curies":[{"name":"wp","href":"https:\/\/api.w.org\/{rel}","templated":true}]}}