{"id":5730,"date":"2025-12-10T13:44:29","date_gmt":"2025-12-10T10:44:29","guid":{"rendered":"https:\/\/wristbandfactory.eu\/?post_type=product&#038;p=5730"},"modified":"2026-04-01T21:52:35","modified_gmt":"2026-04-01T18:52:35","slug":"magnetic-elastic-cord-lanyards-modern-badge-holder","status":"publish","type":"product","link":"https:\/\/displayproducts.eu\/sv\/p\/magnetic-elastic-cord-lanyards-modern-badge-holder\/","title":{"rendered":"Elastiska nyckelband med magnet \u2013 Rund lina"},"content":{"rendered":"<p data-path-to-node=\"12\">Omfamna modern minimalism med v\u00e5r <b>Magnetiska elastiska sn\u00f6rband<\/b>. Denna produkt g\u00e5r ifr\u00e5n traditionella platta polyesterband och erbjuder en elegant, tekniskt fram\u00e5tblickande estetik som \u00e4r mycket popul\u00e4r bland startups, designbyr\u00e5er och exklusiva konferenser.<\/p>\n<p data-path-to-node=\"13\"><b>Magneternas magi<\/b> Mittpunkten i detta sn\u00f6re \u00e4r dess <b>magnetisk kontakt<\/b>. Ist\u00e4llet f\u00f6r att fumla med kl\u00e4mmor klickar de tv\u00e5 \u00e4ndarna helt enkelt ihop. Den \u00e4r tillfredsst\u00e4llande att anv\u00e4nda och fungerar \u00e4ven som en snabb s\u00e4kerhetsmekanism.<\/p>\n<p data-path-to-node=\"14\"><b>Subtil men effektiv varum\u00e4rkesbyggande<\/b> Ist\u00e4llet f\u00f6r att skriva ut text l\u00e4ngs sn\u00f6ret appliceras varum\u00e4rkesbyggande p\u00e5 en <b>rund plastreglage\/knapp<\/b>. Detta m\u00f6jligg\u00f6r en logotyp i fullf\u00e4rg (kupoltryck eller platt tryck) som sitter framtr\u00e4dande p\u00e5 br\u00f6stet, vilket s\u00e4kerst\u00e4ller att ditt varum\u00e4rke alltid \u00e4r synligt utan att det st\u00f6r designen.<\/p>\n<p data-path-to-node=\"15\"><b>Viktiga funktioner:<\/b><\/p>\n<ul data-path-to-node=\"16\">\n<li>\n<p data-path-to-node=\"16,0,0\"><b>Material:<\/b> Elastiskt runt sn\u00f6re (vit, svart eller specialf\u00e4rger).<\/p>\n<\/li>\n<li>\n<p data-path-to-node=\"16,1,0\"><b>Sp\u00e4nnealternativ:<\/b> Premiummetalltorped eller platt plast.<\/p>\n<\/li>\n<li>\n<p data-path-to-node=\"16,2,0\"><b>Logotypplacering:<\/b> Rund justeringsknapp i plast.<\/p>\n<\/li>\n<li>\n<p data-path-to-node=\"16,3,0\"><b>Stil:<\/b> Minimalistisk, sportig, teknisk.<\/p>\n<\/li>\n<\/ul>","protected":false},"excerpt":{"rendered":"<ul>\n<li>\n<p data-path-to-node=\"10,0,0\"><b>Smart magnetisk sp\u00e4nne:<\/b> Har en elegant magnetisk kontakt i metall eller plast som klickar ihop direkt f\u00f6r enkel anv\u00e4ndning.<\/p>\n<\/li>\n<li>\n<p data-path-to-node=\"10,1,0\"><b>Elastisk komfort:<\/b> Tillverkad av mjuk, stretchig rund sn\u00f6re som k\u00e4nns l\u00e4tt och bekv\u00e4m runt halsen hela dagen.<\/p>\n<\/li>\n<li>\n<p data-path-to-node=\"10,2,0\"><b>Knappm\u00e4rkning:<\/b> Din logotyp trycks p\u00e5 en anpassningsbar plastknapp, vilket ger en ren och minimalistisk design.<\/p>\n<\/li>\n<li>\n<p data-path-to-node=\"10,3,0\"><b>S\u00e4kerhetsfunktion:<\/b> Magnetsp\u00e4nnet fungerar ocks\u00e5 som en s\u00e4kerhetssp\u00e4nne och lossar vid sp\u00e4nning f\u00f6r att f\u00f6rhindra kv\u00e4vningsrisker.<\/p>\n<\/li>\n<\/ul>","protected":false},"featured_media":5870,"comment_status":"closed","ping_status":"closed","template":"","meta":[],"product_brand":[],"product_cat":[125,108,124],"product_tag":[],"class_list":{"0":"post-5730","1":"product","2":"type-product","3":"status-publish","4":"has-post-thumbnail","6":"product_cat-cord-lanyards","7":"product_cat-multifunctional-lanyards","8":"product_cat-id-solutions","10":"first","11":"instock","12":"shipping-taxable","13":"product-type-simple"},"_links":{"self":[{"href":"https:\/\/displayproducts.eu\/sv\/wp-json\/wp\/v2\/product\/5730","targetHints":{"allow":["GET"]}}],"collection":[{"href":"https:\/\/displayproducts.eu\/sv\/wp-json\/wp\/v2\/product"}],"about":[{"href":"https:\/\/displayproducts.eu\/sv\/wp-json\/wp\/v2\/types\/product"}],"replies":[{"embeddable":true,"href":"https:\/\/displayproducts.eu\/sv\/wp-json\/wp\/v2\/comments?post=5730"}],"wp:featuredmedia":[{"embeddable":true,"href":"https:\/\/displayproducts.eu\/sv\/wp-json\/wp\/v2\/media\/5870"}],"wp:attachment":[{"href":"https:\/\/displayproducts.eu\/sv\/wp-json\/wp\/v2\/media?parent=5730"}],"wp:term":[{"taxonomy":"product_brand","embeddable":true,"href":"https:\/\/displayproducts.eu\/sv\/wp-json\/wp\/v2\/product_brand?post=5730"},{"taxonomy":"product_cat","embeddable":true,"href":"https:\/\/displayproducts.eu\/sv\/wp-json\/wp\/v2\/product_cat?post=5730"},{"taxonomy":"product_tag","embeddable":true,"href":"https:\/\/displayproducts.eu\/sv\/wp-json\/wp\/v2\/product_tag?post=5730"}],"curies":[{"name":"wp","href":"https:\/\/api.w.org\/{rel}","templated":true}]}}