{"id":5714,"date":"2025-12-10T13:27:04","date_gmt":"2025-12-10T10:27:04","guid":{"rendered":"https:\/\/wristbandfactory.eu\/?post_type=product&#038;p=5714"},"modified":"2026-04-01T21:52:35","modified_gmt":"2026-04-01T18:52:35","slug":"custom-led-lanyards-flashing-light-up-straps","status":"publish","type":"product","link":"https:\/\/displayproducts.eu\/sv\/p\/custom-led-lanyards-flashing-light-up-straps\/","title":{"rendered":"Blinkande LED-nyckelband \u2013 Lyser i m\u00f6rkret"},"content":{"rendered":"<p data-path-to-node=\"12\">Elektrifiera din varum\u00e4rkesn\u00e4rvaro med v\u00e5r <b>Anpassade LED-snoddar<\/b>. Dessa \u00e4r inte bara funktionella ID-h\u00e5llare; de \u00e4r uppm\u00e4rksamhetsf\u00e5ngande tillbeh\u00f6r designade f\u00f6r synlighet och underh\u00e5llning i natten.<\/p>\n<p data-path-to-node=\"13\"><b>H\u00f6gteknologisk evenemangsvarum\u00e4rkesbyggande<\/b> Med hj\u00e4lp av avancerad LED-teknik och optiska fibrer (eller inb\u00e4ddade remsor) avger dessa nyckelband ett starkt, neonliknande sken. En inbyggd styrenhet l\u00e5ter anv\u00e4ndaren v\u00e4xla mellan blinkande l\u00e4gen eller ett fast ljus, vilket skapar en dynamisk atmosf\u00e4r p\u00e5 konserter, festivaler och lanseringsfester.<\/p>\n<p data-path-to-node=\"14\"><b>S\u00e4kerhet och synlighet<\/b> Ut\u00f6ver fester \u00e4r LED-snoddar ett utm\u00e4rkt s\u00e4kerhetsverktyg f\u00f6r nattpersonal, s\u00e4kerhetspersonal och kv\u00e4llsmaratonl\u00f6pare, vilket s\u00e4kerst\u00e4ller att de syns p\u00e5 avst\u00e5nd.<\/p>\n<p data-path-to-node=\"15\"><b>Anpassningsalternativ:<\/b><\/p>\n<ul data-path-to-node=\"16\">\n<li>\n<p data-path-to-node=\"16,0,0\"><b>Nylonv\u00e4vstil:<\/b> Ett traditionellt platt nyckelband med en LED-remsa inuti. Kan tryckas l\u00e4ngs tyget.<\/p>\n<\/li>\n<li>\n<p data-path-to-node=\"16,1,0\"><b>Optisk r\u00f6rstil:<\/b> Ett futuristiskt genomskinligt r\u00f6r som lyser intensivt. Varum\u00e4rkesm\u00e4rkningen placeras vanligtvis p\u00e5 batteripaketet.<\/p>\n<\/li>\n<\/ul>\n<p data-path-to-node=\"17\"><b>Viktiga funktioner:<\/b><\/p>\n<ul data-path-to-node=\"18\">\n<li>\n<p data-path-to-node=\"18,0,0\"><b>Driva:<\/b> Utbytbara knappcellsbatterier (ing\u00e5r).<\/p>\n<\/li>\n<li>\n<p data-path-to-node=\"18,1,0\"><b>L\u00e4gen:<\/b> Snabb blinkning \/ L\u00e5ngsam blinkning \/ Fast p\u00e5 \/ Av.<\/p>\n<\/li>\n<li>\n<p data-path-to-node=\"18,2,0\"><b>F\u00e4rger:<\/b> R\u00f6d, Bl\u00e5, Gr\u00f6n, Gul, Vit, Rosa, Flerf\u00e4rgad.<\/p>\n<\/li>\n<li>\n<p data-path-to-node=\"18,3,0\"><b>H\u00e5rdvara:<\/b> Plastkopplingsdosa + metallkrok.<\/p>\n<\/li>\n<\/ul>","protected":false},"excerpt":{"rendered":"<ul>\n<li>\n<p data-path-to-node=\"10,0,0\"><b>Aktiv belysning:<\/b> Drivs av batterier och lysdioder, vilket ger god synlighet i totalt m\u00f6rker (till skillnad fr\u00e5n passivt bl\u00e4ck som sj\u00e4lvlyser i m\u00f6rkret).<\/p>\n<\/li>\n<li>\n<p data-path-to-node=\"10,1,0\"><b>Flera l\u00e4gen:<\/b> Har en kontrollbrytare f\u00f6r att v\u00e4xla mellan l\u00e4gena Snabb blixt, L\u00e5ngsam blixt och Fast sken.<\/p>\n<\/li>\n<li>\n<p data-path-to-node=\"10,2,0\"><b>Fiberoptisk guide:<\/b> Anv\u00e4nder en klar optisk k\u00e4rna eller interna kablar f\u00f6r att f\u00f6rdela ljuset j\u00e4mnt \u00f6ver hela snoddens l\u00e4ngd.<\/p>\n<\/li>\n<li>\n<p data-path-to-node=\"10,3,0\"><b>Varum\u00e4rkesomr\u00e5den:<\/b> Logotypen kan tryckas p\u00e5 nylonremmen eller batterih\u00f6ljet i plast f\u00f6r maximal exponering.<\/p>\n<\/li>\n<\/ul>","protected":false},"featured_media":5884,"comment_status":"closed","ping_status":"closed","template":"","meta":[],"product_brand":[],"product_cat":[108,76,123],"product_tag":[],"class_list":{"0":"post-5714","1":"product","2":"type-product","3":"status-publish","4":"has-post-thumbnail","6":"product_cat-multifunctional-lanyards","7":"product_cat-glow-led-products","8":"product_cat-fan-cheering-items","10":"first","11":"instock","12":"shipping-taxable","13":"product-type-simple"},"_links":{"self":[{"href":"https:\/\/displayproducts.eu\/sv\/wp-json\/wp\/v2\/product\/5714","targetHints":{"allow":["GET"]}}],"collection":[{"href":"https:\/\/displayproducts.eu\/sv\/wp-json\/wp\/v2\/product"}],"about":[{"href":"https:\/\/displayproducts.eu\/sv\/wp-json\/wp\/v2\/types\/product"}],"replies":[{"embeddable":true,"href":"https:\/\/displayproducts.eu\/sv\/wp-json\/wp\/v2\/comments?post=5714"}],"wp:featuredmedia":[{"embeddable":true,"href":"https:\/\/displayproducts.eu\/sv\/wp-json\/wp\/v2\/media\/5884"}],"wp:attachment":[{"href":"https:\/\/displayproducts.eu\/sv\/wp-json\/wp\/v2\/media?parent=5714"}],"wp:term":[{"taxonomy":"product_brand","embeddable":true,"href":"https:\/\/displayproducts.eu\/sv\/wp-json\/wp\/v2\/product_brand?post=5714"},{"taxonomy":"product_cat","embeddable":true,"href":"https:\/\/displayproducts.eu\/sv\/wp-json\/wp\/v2\/product_cat?post=5714"},{"taxonomy":"product_tag","embeddable":true,"href":"https:\/\/displayproducts.eu\/sv\/wp-json\/wp\/v2\/product_tag?post=5714"}],"curies":[{"name":"wp","href":"https:\/\/api.w.org\/{rel}","templated":true}]}}