{"id":5694,"date":"2025-12-10T13:02:37","date_gmt":"2025-12-10T10:02:37","guid":{"rendered":"https:\/\/wristbandfactory.eu\/?post_type=product&#038;p=5694"},"modified":"2026-04-01T21:52:35","modified_gmt":"2026-04-01T18:52:35","slug":"custom-tubular-lanyards-soft-shoelace-style","status":"publish","type":"product","link":"https:\/\/displayproducts.eu\/sv\/p\/custom-tubular-lanyards-soft-shoelace-style\/","title":{"rendered":"Tubv\u00e4vda nyckelband \u2013 Mjuk skosn\u00f6re-modell"},"content":{"rendered":"<p data-path-to-node=\"12\">F\u00e5 den b\u00e4sta balansen mellan komfort och v\u00e4rde med v\u00e5r <b>Anpassade r\u00f6rformade nyckelband<\/b>. Dessa kallas ofta &quot;runda nyckelband och \u00e4r tillverkade av r\u00f6rs\u00f6mmad polyester, vilket skapar ett dubbelt lager tyg som \u00e4r ih\u00e5ligt p\u00e5 insidan.<\/p>\n<p data-path-to-node=\"13\"><b>Varf\u00f6r v\u00e4lja r\u00f6rformad?<\/b><\/p>\n<ol start=\"1\" data-path-to-node=\"14\">\n<li>\n<p data-path-to-node=\"14,0,0\"><b>Bekv\u00e4mlighet:<\/b> Eftersom det inte finns n\u00e5gra sydda kanter \u00e4r dessa de mjukaste nyckelbanden som finns, vilket g\u00f6r dem perfekta f\u00f6r volont\u00e4rer eller personal som b\u00e4r dem i 8+ timmar.<\/p>\n<\/li>\n<li>\n<p data-path-to-node=\"14,1,0\"><b>Pris:<\/b> Detta \u00e4r v\u00e5rt mest ekonomiska alternativ f\u00f6r specialanpassade nyckelband, vilket g\u00f6r det till branschstandarden f\u00f6r stora m\u00e4ssor, festivaler och skolor.<\/p>\n<\/li>\n<\/ol>\n<p data-path-to-node=\"15\"><b>Skriva ut anteckningar<\/b> Den r\u00f6rformade ytan ger en texturerad bakgrund. Vi rekommenderar <b>Silkscreentryck<\/b> f\u00f6r fet text och otryckta logotyper (1\u20132 f\u00e4rger) f\u00f6r att s\u00e4kerst\u00e4lla skarpaste resultat.<\/p>\n<p data-path-to-node=\"16\"><b>Rekommenderade anv\u00e4ndningsfall:<\/b><\/p>\n<ul data-path-to-node=\"17\">\n<li>\n<p data-path-to-node=\"17,0,0\"><b>Skolor och universitet:<\/b> H\u00e5llbara och billiga ID-h\u00e5llare f\u00f6r studenter.<\/p>\n<\/li>\n<li>\n<p data-path-to-node=\"17,1,0\"><b>Stora konferenser:<\/b> Kostnadseffektiv varum\u00e4rkesbyggande f\u00f6r tusentals deltagare.<\/p>\n<\/li>\n<li>\n<p data-path-to-node=\"17,2,0\"><b>Sportevenemang:<\/b> Den sportiga &quot;skosn\u00f6reslooken&quot; passar perfekt till atletiska teman.<\/p>\n<\/li>\n<\/ul>\n<p data-path-to-node=\"18\"><b>Viktiga funktioner:<\/b><\/p>\n<ul data-path-to-node=\"19\">\n<li>\n<p data-path-to-node=\"19,0,0\"><b>Material:<\/b> R\u00f6rformad v\u00e4vd polyester.<\/p>\n<\/li>\n<li>\n<p data-path-to-node=\"19,1,0\"><b>Bredd:<\/b> Standard 10 mm, 12 mm eller 15 mm (bredderna \u00e4r ungef\u00e4rliga p\u00e5 grund av r\u00f6rets form).<\/p>\n<\/li>\n<li>\n<p data-path-to-node=\"19,2,0\"><b>Skriva ut:<\/b> Silkscreen-varum\u00e4rkesbyggande.<\/p>\n<\/li>\n<li>\n<p data-path-to-node=\"19,3,0\"><b>Bilagor:<\/b> Kompatibel med alla vanliga krokar, kl\u00e4mmor och s\u00e4kerhetsbromsar.<\/p>\n<\/li>\n<\/ul>","protected":false},"excerpt":{"rendered":"<ul>\n<li>\n<p data-path-to-node=\"10,0,0\"><b>R\u00f6rkonstruktion:<\/b> V\u00e4vd till en ih\u00e5lig, r\u00f6rliknande form (liknande ett skosn\u00f6re), vilket eliminerar vassa kanter f\u00f6r maximal komfort.<\/p>\n<\/li>\n<li>\n<p data-path-to-node=\"10,1,0\"><b>Budgetv\u00e4nligt:<\/b> vanligtvis den mest kostnadseffektiva l\u00f6sningen f\u00f6r storskaliga evenemang och bemanning.<\/p>\n<\/li>\n<li>\n<p data-path-to-node=\"10,2,0\"><b>H\u00f6gkontrastutskrift:<\/b> Perfekt f\u00f6r fet silkscreentryckt text och logotyper som beh\u00f6ver synas mot en f\u00e4rgad bakgrund.<\/p>\n<\/li>\n<li>\n<p data-path-to-node=\"10,3,0\"><b>Mjuk och flexibel:<\/b> Den l\u00f6st v\u00e4vda polyestern erbjuder ett avslappnat och ledigt fall j\u00e4mf\u00f6rt med styva platta nyckelband.<\/p>\n<\/li>\n<\/ul>","protected":false},"featured_media":5898,"comment_status":"closed","ping_status":"closed","template":"","meta":[],"product_brand":[],"product_cat":[104],"product_tag":[],"class_list":{"0":"post-5694","1":"product","2":"type-product","3":"status-publish","4":"has-post-thumbnail","6":"product_cat-custom-printed-lanyards","8":"first","9":"instock","10":"shipping-taxable","11":"product-type-simple"},"_links":{"self":[{"href":"https:\/\/displayproducts.eu\/sv\/wp-json\/wp\/v2\/product\/5694","targetHints":{"allow":["GET"]}}],"collection":[{"href":"https:\/\/displayproducts.eu\/sv\/wp-json\/wp\/v2\/product"}],"about":[{"href":"https:\/\/displayproducts.eu\/sv\/wp-json\/wp\/v2\/types\/product"}],"replies":[{"embeddable":true,"href":"https:\/\/displayproducts.eu\/sv\/wp-json\/wp\/v2\/comments?post=5694"}],"wp:featuredmedia":[{"embeddable":true,"href":"https:\/\/displayproducts.eu\/sv\/wp-json\/wp\/v2\/media\/5898"}],"wp:attachment":[{"href":"https:\/\/displayproducts.eu\/sv\/wp-json\/wp\/v2\/media?parent=5694"}],"wp:term":[{"taxonomy":"product_brand","embeddable":true,"href":"https:\/\/displayproducts.eu\/sv\/wp-json\/wp\/v2\/product_brand?post=5694"},{"taxonomy":"product_cat","embeddable":true,"href":"https:\/\/displayproducts.eu\/sv\/wp-json\/wp\/v2\/product_cat?post=5694"},{"taxonomy":"product_tag","embeddable":true,"href":"https:\/\/displayproducts.eu\/sv\/wp-json\/wp\/v2\/product_tag?post=5694"}],"curies":[{"name":"wp","href":"https:\/\/api.w.org\/{rel}","templated":true}]}}