{"id":5689,"date":"2025-12-10T12:53:36","date_gmt":"2025-12-10T09:53:36","guid":{"rendered":"https:\/\/wristbandfactory.eu\/?post_type=product&#038;p=5689"},"modified":"2026-04-01T21:52:35","modified_gmt":"2026-04-01T18:52:35","slug":"custom-jacquard-woven-lanyards-embroidered-logo","status":"publish","type":"product","link":"https:\/\/displayproducts.eu\/sv\/p\/custom-jacquard-woven-lanyards-embroidered-logo\/","title":{"rendered":"Anpassade Jacquardv\u00e4vda nyckelband \u2013 Broderad logotyp"},"content":{"rendered":"<p data-path-to-node=\"11\">Uppgradera din f\u00f6retagsidentitet med v\u00e5r <b>Anpassade jacquardv\u00e4vda nyckelband<\/b>. Medan tryckta nyckelband \u00e4r utm\u00e4rkta f\u00f6r korta evenemang, \u00e4r v\u00e4vda nyckelband byggda f\u00f6r att h\u00e5lla i \u00e5ratal, vilket g\u00f6r dem till det b\u00e4sta valet f\u00f6r anst\u00e4lldas ID-brickor och s\u00e4kerhetskort.<\/p>\n<p data-path-to-node=\"12\"><b>Jacquard-skillnaden<\/b> Med hj\u00e4lp av en traditionell v\u00e4vprocess v\u00e4ver vi din logotyp direkt i tyget med f\u00e4rgade tr\u00e5dar. Detta skapar en design som \u00e4r en del av sj\u00e4lva materialet. Som i exemplet &quot;Crete Carrier&quot; resulterar detta i en professionell finish d\u00e4r logotypen syns p\u00e5 b\u00e5da sidor (med omv\u00e4nda f\u00e4rger p\u00e5 baksidan).<\/p>\n<p data-path-to-node=\"13\"><b>Varf\u00f6r v\u00e4lja v\u00e4vd?<\/b><\/p>\n<ul data-path-to-node=\"14\">\n<li>\n<p data-path-to-node=\"14,0,0\"><b>Varaktighet:<\/b> Designen \u00e4r permanent och t\u00e5l tv\u00e4tt och friktion.<\/p>\n<\/li>\n<li>\n<p data-path-to-node=\"14,1,0\"><b>Prestige:<\/b> Det texturerade, broderade utseendet f\u00f6rmedlar ett h\u00f6gre upplevt v\u00e4rde \u00e4n platt tryck.<\/p>\n<\/li>\n<\/ul>\n<p data-path-to-node=\"15\"><b>Rekommenderade anv\u00e4ndningsfall:<\/b><\/p>\n<ul data-path-to-node=\"16\">\n<li>\n<p data-path-to-node=\"16,0,0\"><b>Personal-ID:<\/b> F\u00f6r dagligt bruk p\u00e5 kontor och sjukhus.<\/p>\n<\/li>\n<li>\n<p data-path-to-node=\"16,1,0\"><b>Universitet:<\/b> H\u00e5llbara studentkort som r\u00e4cker ett helt l\u00e4s\u00e5r.<\/p>\n<\/li>\n<li>\n<p data-path-to-node=\"16,2,0\"><b>Premium-varor:<\/b> H\u00f6gkvalitativ fl\u00e4ktutrustning (t.ex. Yas Marina Circuit).<\/p>\n<\/li>\n<\/ul>\n<p data-path-to-node=\"17\"><b>Viktiga funktioner:<\/b><\/p>\n<ul data-path-to-node=\"18\">\n<li>\n<p data-path-to-node=\"18,0,0\"><b>Material:<\/b> H\u00f6gh\u00e5llfast v\u00e4vd polyester.<\/p>\n<\/li>\n<li>\n<p data-path-to-node=\"18,1,0\"><b>V\u00e4vstil:<\/b> Jacquard (max 2\u20133 f\u00e4rger rekommenderas f\u00f6r klarhet).<\/p>\n<\/li>\n<li>\n<p data-path-to-node=\"18,2,0\"><b>Bilagor:<\/b> Metallsnurrkrokar, delade ringar eller plastsp\u00e4nnen.<\/p>\n<\/li>\n<li>\n<p data-path-to-node=\"18,3,0\"><b>Bredd:<\/b> Standard 15 mm, 20 mm eller 25 mm.<\/p>\n<\/li>\n<\/ul>","protected":false},"excerpt":{"rendered":"<ul>\n<li>\n<p data-path-to-node=\"9,0,0\"><b>V\u00e4vd varum\u00e4rkesprofil:<\/b> Logotypen \u00e4r fastsydd i v\u00e4vstrukturen, inte tryckt ovanp\u00e5, vilket s\u00e4kerst\u00e4ller att den aldrig flagnar eller bleknar.<\/p>\n<\/li>\n<li>\n<p data-path-to-node=\"9,1,0\"><b>Premiumtextur:<\/b> Erbjuder en h\u00f6gkvalitativ, broderad k\u00e4nsla som \u00e4r tjockare och mer robust \u00e4n vanliga polyesterband.<\/p>\n<\/li>\n<li>\n<p data-path-to-node=\"9,2,0\"><b>Baksida:<\/b> Designen visas i omv\u00e4nda f\u00e4rger p\u00e5 baksidan, vilket bekr\u00e4ftar den autentiska v\u00e4vda konstruktionen.<\/p>\n<\/li>\n<li>\n<p data-path-to-node=\"9,3,0\"><b>Tung belastning:<\/b> Idealisk f\u00f6r l\u00e5ngvarig anv\u00e4ndning av personal, s\u00e4kerhetspersonal eller universitetsstudenter.<\/p>\n<\/li>\n<\/ul>","protected":false},"featured_media":5903,"comment_status":"closed","ping_status":"closed","template":"","meta":[],"product_brand":[],"product_cat":[104],"product_tag":[],"class_list":{"0":"post-5689","1":"product","2":"type-product","3":"status-publish","4":"has-post-thumbnail","6":"product_cat-custom-printed-lanyards","8":"first","9":"instock","10":"shipping-taxable","11":"product-type-simple"},"_links":{"self":[{"href":"https:\/\/displayproducts.eu\/sv\/wp-json\/wp\/v2\/product\/5689","targetHints":{"allow":["GET"]}}],"collection":[{"href":"https:\/\/displayproducts.eu\/sv\/wp-json\/wp\/v2\/product"}],"about":[{"href":"https:\/\/displayproducts.eu\/sv\/wp-json\/wp\/v2\/types\/product"}],"replies":[{"embeddable":true,"href":"https:\/\/displayproducts.eu\/sv\/wp-json\/wp\/v2\/comments?post=5689"}],"wp:featuredmedia":[{"embeddable":true,"href":"https:\/\/displayproducts.eu\/sv\/wp-json\/wp\/v2\/media\/5903"}],"wp:attachment":[{"href":"https:\/\/displayproducts.eu\/sv\/wp-json\/wp\/v2\/media?parent=5689"}],"wp:term":[{"taxonomy":"product_brand","embeddable":true,"href":"https:\/\/displayproducts.eu\/sv\/wp-json\/wp\/v2\/product_brand?post=5689"},{"taxonomy":"product_cat","embeddable":true,"href":"https:\/\/displayproducts.eu\/sv\/wp-json\/wp\/v2\/product_cat?post=5689"},{"taxonomy":"product_tag","embeddable":true,"href":"https:\/\/displayproducts.eu\/sv\/wp-json\/wp\/v2\/product_tag?post=5689"}],"curies":[{"name":"wp","href":"https:\/\/api.w.org\/{rel}","templated":true}]}}