{"id":5654,"date":"2025-12-10T12:17:37","date_gmt":"2025-12-10T09:17:37","guid":{"rendered":"https:\/\/wristbandfactory.eu\/?post_type=product&#038;p=5654"},"modified":"2026-04-01T21:52:35","modified_gmt":"2026-04-01T18:52:35","slug":"custom-printed-round-cord-lanyards-direct-text-branding","status":"publish","type":"product","link":"https:\/\/displayproducts.eu\/sv\/p\/custom-printed-round-cord-lanyards-direct-text-branding\/","title":{"rendered":"Runda nyckelband med tryck \u2013 Text p\u00e5 sn\u00f6ret"},"content":{"rendered":"<p data-path-to-node=\"12\">Stick ut fr\u00e5n m\u00e4ngden med v\u00e5r <b>Anpassade tryckta runda sn\u00f6rband<\/b>. Till skillnad fr\u00e5n traditionella sn\u00f6rband som anv\u00e4nder en separat PVC-bricka f\u00f6r varum\u00e4rkesbyggande, trycks din text eller logotyp direkt p\u00e5 sj\u00e4lva repets yta i detta premiumalternativ.<\/p>\n<p data-path-to-node=\"13\"><b>Minimalistisk och modern<\/b> Den h\u00e4r tekniken skapar en elegant och sportig look som \u00e4r popul\u00e4r bland teknikf\u00f6retag, friluftsm\u00e4rken och skolor. Den runda profilen (vanligtvis 5 mm eller 8 mm) \u00e4r bekv\u00e4m att b\u00e4ra hela dagen och vrids inte som platta band.<\/p>\n<p data-path-to-node=\"14\"><b>Elastisk kontra statisk<\/b> Du kan v\u00e4lja mellan:<\/p>\n<ol start=\"1\" data-path-to-node=\"15\">\n<li>\n<p data-path-to-node=\"15,0,0\"><b>R\u00f6rformad polyester:<\/b> Ett klassiskt, slitstarkt och icke-t\u00f6jbart alternativ, perfekt f\u00f6r ID-kort.<\/p>\n<\/li>\n<li>\n<p data-path-to-node=\"15,1,0\"><b>Elastisk sn\u00f6re:<\/b> Ett stretchigt &quot;bungee-material&quot; som ger ett unikt taktilt element och flexibilitet.<\/p>\n<\/li>\n<\/ol>\n<p data-path-to-node=\"16\"><b>Rekommenderade anv\u00e4ndningsfall:<\/b><\/p>\n<ul data-path-to-node=\"17\">\n<li>\n<p data-path-to-node=\"17,0,0\"><b>Sport och friluftsliv:<\/b> Den robusta repstilen passar perfekt till idrottsevenemang.<\/p>\n<\/li>\n<li>\n<p data-path-to-node=\"17,1,0\"><b>Skolor och universitet:<\/b> Otryckta, h\u00e5llbara ID-h\u00e5llare f\u00f6r studenter.<\/p>\n<\/li>\n<li>\n<p data-path-to-node=\"17,2,0\"><b>Tekniskt swag:<\/b> Ett modernt alternativ till den vanliga platta nyckelringen.<\/p>\n<\/li>\n<\/ul>\n<p data-path-to-node=\"18\"><b>Viktiga funktioner:<\/b><\/p>\n<ul data-path-to-node=\"19\">\n<li>\n<p data-path-to-node=\"19,0,0\"><b>Utskrift:<\/b> Silkscreentryck runt sn\u00f6rets kr\u00f6kning.<\/p>\n<\/li>\n<li>\n<p data-path-to-node=\"19,1,0\"><b>Diameter:<\/b> Finns i 5 mm, 8 mm eller specialtjocklekar.<\/p>\n<\/li>\n<li>\n<p data-path-to-node=\"19,2,0\"><b>Justerare:<\/b> Plastknappsreglage finns f\u00f6r storleksjustering.<\/p>\n<\/li>\n<li>\n<p data-path-to-node=\"19,3,0\"><b>Bilagor:<\/b> Kraftiga metallkrokar eller \u00f6mt\u00e5liga sn\u00f6r\u00f6glor.<\/p>\n<\/li>\n<\/ul>","protected":false},"excerpt":{"rendered":"<ul data-path-to-node=\"10\">\n<li>\n<p data-path-to-node=\"10,0,0\"><b>Direkt varum\u00e4rkesbyggande:<\/b> Din logotyp eller slogan screentrycks kontinuerligt l\u00e4ngs den runda sn\u00f6ret, vilket ger 360 graders synlighet.<\/p>\n<\/li>\n<li>\n<p data-path-to-node=\"10,1,0\"><b>Materialalternativ:<\/b> Finns i standard tubul\u00e4r polyester eller elastisk res\u00e5r f\u00f6r extra funktionalitet.<\/p>\n<\/li>\n<li>\n<p data-path-to-node=\"10,2,0\"><b>Smarta reglage:<\/b> Inkluderar justerbara plastreglage eller &quot;knappar&quot; f\u00f6r att reglera l\u00e4ngden eller h\u00e5lla sladden prydlig.<\/p>\n<\/li>\n<li>\n<p data-path-to-node=\"10,3,0\"><b>M\u00e5ngsidiga kl\u00e4mmor:<\/b> Kompatibel med metallkarbiner, vridkrokar eller mobiltelefon\u00f6glor.<\/p>\n<\/li>\n<\/ul>","protected":false},"featured_media":6805,"comment_status":"closed","ping_status":"closed","template":"","meta":[],"product_brand":[],"product_cat":[125,104,108],"product_tag":[],"class_list":{"0":"post-5654","1":"product","2":"type-product","3":"status-publish","4":"has-post-thumbnail","6":"product_cat-cord-lanyards","7":"product_cat-custom-printed-lanyards","8":"product_cat-multifunctional-lanyards","10":"first","11":"instock","12":"shipping-taxable","13":"product-type-simple"},"_links":{"self":[{"href":"https:\/\/displayproducts.eu\/sv\/wp-json\/wp\/v2\/product\/5654","targetHints":{"allow":["GET"]}}],"collection":[{"href":"https:\/\/displayproducts.eu\/sv\/wp-json\/wp\/v2\/product"}],"about":[{"href":"https:\/\/displayproducts.eu\/sv\/wp-json\/wp\/v2\/types\/product"}],"replies":[{"embeddable":true,"href":"https:\/\/displayproducts.eu\/sv\/wp-json\/wp\/v2\/comments?post=5654"}],"wp:featuredmedia":[{"embeddable":true,"href":"https:\/\/displayproducts.eu\/sv\/wp-json\/wp\/v2\/media\/6805"}],"wp:attachment":[{"href":"https:\/\/displayproducts.eu\/sv\/wp-json\/wp\/v2\/media?parent=5654"}],"wp:term":[{"taxonomy":"product_brand","embeddable":true,"href":"https:\/\/displayproducts.eu\/sv\/wp-json\/wp\/v2\/product_brand?post=5654"},{"taxonomy":"product_cat","embeddable":true,"href":"https:\/\/displayproducts.eu\/sv\/wp-json\/wp\/v2\/product_cat?post=5654"},{"taxonomy":"product_tag","embeddable":true,"href":"https:\/\/displayproducts.eu\/sv\/wp-json\/wp\/v2\/product_tag?post=5654"}],"curies":[{"name":"wp","href":"https:\/\/api.w.org\/{rel}","templated":true}]}}