{"id":5636,"date":"2025-12-10T11:51:32","date_gmt":"2025-12-10T08:51:32","guid":{"rendered":"https:\/\/wristbandfactory.eu\/?post_type=product&#038;p=5636"},"modified":"2026-04-01T21:52:35","modified_gmt":"2026-04-01T18:52:35","slug":"custom-camera-neck-straps-woven-printed-branding","status":"publish","type":"product","link":"https:\/\/displayproducts.eu\/sv\/p\/custom-camera-neck-straps-woven-printed-branding\/","title":{"rendered":"Egenda kameraremmar \u2013 V\u00e4vd eller tryckt design"},"content":{"rendered":"<p data-path-to-node=\"12\">Ut\u00f6ka din merchandisesamling med v\u00e5r <b>Anpassade kamerahalsremmar<\/b>. Dessa remmar \u00e4r designade f\u00f6r fotostudior, teknikm\u00e4rken och museibutiker och erbjuder ett v\u00e4rdefullt varum\u00e4rkesutrymme som syns varje g\u00e5ng ett foto tas.<\/p>\n<p data-path-to-node=\"13\">Till skillnad fr\u00e5n billiga giveaways \u00e4r dessa remmar av detaljhandelskvalitet. Du kan v\u00e4lja det material och den metod som passar ditt varum\u00e4rke:<\/p>\n<ol start=\"1\" data-path-to-node=\"14\">\n<li>\n<p data-path-to-node=\"14,0,0\"><b>Polyestersublimering:<\/b> Perfekt f\u00f6r komplex, f\u00e4rgglad grafik, \u00f6vertoningar och foton (t.ex. blommor eller djurtryck).<\/p>\n<\/li>\n<li>\n<p data-path-to-node=\"14,1,0\"><b>Jacquardv\u00e4v (v\u00e4vd):<\/b> Perfekt f\u00f6r &quot;vintage&quot;- eller &quot;boho&quot;-stilar d\u00e4r m\u00f6nstret \u00e4r v\u00e4vt in i tyget f\u00f6r textur och h\u00e5llbarhet.<\/p>\n<\/li>\n<\/ol>\n<p data-path-to-node=\"15\"><b>Varf\u00f6r s\u00e4lja kameraremmar med egna m\u00e4rken?<\/b> Fotografer \u00e4lskar att anpassa sin utrustning. En specialdesignad rem \u00e4r ett funktionellt tillbeh\u00f6r som ers\u00e4tter den tr\u00e5kiga standardremmen som f\u00f6ljer med kameran, vilket g\u00f6r den till ett utm\u00e4rkt f\u00f6rem\u00e5l f\u00f6r f\u00f6retagspresenter eller vidaref\u00f6rs\u00e4ljning.<\/p>\n<p data-path-to-node=\"16\"><b>Viktiga funktioner:<\/b><\/p>\n<ul data-path-to-node=\"17\">\n<li>\n<p data-path-to-node=\"17,0,0\"><b>Material:<\/b> Slitstarka blandningar av bomull, polyester eller nylon.<\/p>\n<\/li>\n<li>\n<p data-path-to-node=\"17,1,0\"><b>Bilagor:<\/b> Standard 10 mm band\u00f6glor eller vridbara metallkrokar.<\/p>\n<\/li>\n<li>\n<p data-path-to-node=\"17,2,0\"><b>Justerbar l\u00e4ngd:<\/b> Har robusta plastsp\u00e4nnen f\u00f6r justering f\u00f6r nacke- eller axelb\u00e4rning.<\/p>\n<\/li>\n<li>\n<p data-path-to-node=\"17,3,0\"><b>L\u00e4der\u00e4ndar:<\/b> PU- eller \u00e4kta l\u00e4derfinish f\u00f6r h\u00e5llbarhet och stil.<\/p>\n<\/li>\n<\/ul>","protected":false},"excerpt":{"rendered":"<ul>\n<li>\n<p data-path-to-node=\"10,0,0\"><b>Helt anpassningsbar:<\/b> V\u00e4lj mellan sublimeringstryck med h\u00f6g uppl\u00f6sning eller v\u00e4vda premiumm\u00f6nster.<\/p>\n<\/li>\n<li>\n<p data-path-to-node=\"10,1,0\"><b>Premiumfinish:<\/b> \u00c4ndarna \u00e4r f\u00f6rst\u00e4rkta med h\u00f6gkvalitativt PU-l\u00e4der eller \u00e4kta l\u00e4der f\u00f6r ett detaljhandelsklart utseende.<\/p>\n<\/li>\n<li>\n<p data-path-to-node=\"10,2,0\"><b>Universell passform:<\/b> Justerbara nylonv\u00e4vkopplingar passar n\u00e4stan alla systemkameror och spegell\u00f6sa kameror (Canon, Nikon, Sony, etc.).<\/p>\n<\/li>\n<li>\n<p data-path-to-node=\"10,3,0\"><b>M\u00e5ngsidiga stilar:<\/b> Finns i bohemisk, vintage eller modern f\u00f6retagsstil, skr\u00e4ddarsydda f\u00f6r din varum\u00e4rkesidentitet.<\/p>\n<\/li>\n<\/ul>","protected":false},"featured_media":5641,"comment_status":"closed","ping_status":"closed","template":"","meta":[],"product_brand":[],"product_cat":[127],"product_tag":[],"class_list":{"0":"post-5636","1":"product","2":"type-product","3":"status-publish","4":"has-post-thumbnail","6":"product_cat-custom-straps-belts","8":"first","9":"instock","10":"shipping-taxable","11":"product-type-simple"},"_links":{"self":[{"href":"https:\/\/displayproducts.eu\/sv\/wp-json\/wp\/v2\/product\/5636","targetHints":{"allow":["GET"]}}],"collection":[{"href":"https:\/\/displayproducts.eu\/sv\/wp-json\/wp\/v2\/product"}],"about":[{"href":"https:\/\/displayproducts.eu\/sv\/wp-json\/wp\/v2\/types\/product"}],"replies":[{"embeddable":true,"href":"https:\/\/displayproducts.eu\/sv\/wp-json\/wp\/v2\/comments?post=5636"}],"wp:featuredmedia":[{"embeddable":true,"href":"https:\/\/displayproducts.eu\/sv\/wp-json\/wp\/v2\/media\/5641"}],"wp:attachment":[{"href":"https:\/\/displayproducts.eu\/sv\/wp-json\/wp\/v2\/media?parent=5636"}],"wp:term":[{"taxonomy":"product_brand","embeddable":true,"href":"https:\/\/displayproducts.eu\/sv\/wp-json\/wp\/v2\/product_brand?post=5636"},{"taxonomy":"product_cat","embeddable":true,"href":"https:\/\/displayproducts.eu\/sv\/wp-json\/wp\/v2\/product_cat?post=5636"},{"taxonomy":"product_tag","embeddable":true,"href":"https:\/\/displayproducts.eu\/sv\/wp-json\/wp\/v2\/product_tag?post=5636"}],"curies":[{"name":"wp","href":"https:\/\/api.w.org\/{rel}","templated":true}]}}