{"id":5497,"date":"2025-11-15T16:43:25","date_gmt":"2025-11-15T13:43:25","guid":{"rendered":"https:\/\/wristbandfactory.eu\/?post_type=product&#038;p=5497"},"modified":"2026-04-01T21:52:35","modified_gmt":"2026-04-01T18:52:35","slug":"custom-printed-tyvek-wristbands","status":"publish","type":"product","link":"https:\/\/displayproducts.eu\/sv\/p\/custom-printed-tyvek-wristbands\/","title":{"rendered":"Anpassade tryckta Tyvek-armband (1-f\u00e4rgstryck)"},"content":{"rendered":"<p data-path-to-node=\"12\">S\u00e4kra ditt evenemang och effektivisera entr\u00e9hanteringen med v\u00e5r <b data-path-to-node=\"12\" data-index-in-node=\"84\">Anpassade tryckta Tyvek-armband (1 f\u00e4rg)<\/b>. Dessa band \u00e4r utformade f\u00f6r effektivitet och \u00f6verkomliga priser och \u00e4r branschstandarden f\u00f6r festivaler, konserter, klubbar och f\u00f6retagsevenemang som kr\u00e4ver tillf\u00f6rlitlig \u00e5tkomstkontroll.<\/p>\n<p data-path-to-node=\"13\">Till skillnad fr\u00e5n generiska alternativ l\u00e5ter v\u00e5r specialtryckstj\u00e4nst dig l\u00e4gga till din logotyp, evenemangsnamn eller anpassad text i skarpa f\u00e4rger. <b data-path-to-node=\"13\" data-index-in-node=\"117\">Svart eller vitt bl\u00e4ck<\/b>. Denna 1-f\u00e4rgs screentrycksmetod erbjuder den perfekta balansen mellan l\u00e5g kostnad och h\u00f6g synlighet, vilket g\u00f6r den till det perfekta valet f\u00f6r att klassificera deltagare (t.ex. VIP, personal, allm\u00e4n entr\u00e9) utan att spr\u00e4cka budgeten.<\/p>\n<h2 data-path-to-node=\"14\">Viktiga funktioner<\/h2>\n<ul data-path-to-node=\"15\">\n<li>\n<p data-path-to-node=\"15,0,0\"><b data-path-to-node=\"15,0,0\" data-index-in-node=\"0\">Ekonomisk utskriftsl\u00f6sning:<\/b> H\u00f6ghastighets 1-f\u00e4rgs screentryck (svartvitt) s\u00e4kerst\u00e4ller l\u00e5ga enhetskostnader, perfekt f\u00f6r storskaliga evenemang.<\/p>\n<\/li>\n<li>\n<p data-path-to-node=\"15,1,0\"><b data-path-to-node=\"15,1,0\" data-index-in-node=\"0\">S\u00e4kerhetss\u00e4ker s\u00e4kerhet:<\/b> Varje band har en stansad sj\u00e4lvh\u00e4ftande f\u00f6rslutning som strimlas om den f\u00f6rs\u00f6ks tas bort, vilket f\u00f6rhindrar \u00f6verf\u00f6ring och f\u00f6rlorade int\u00e4kter.<\/p>\n<\/li>\n<li>\n<p data-path-to-node=\"15,2,0\"><b data-path-to-node=\"15,2,0\" data-index-in-node=\"0\">Sekventiell numrering:<\/b> Alla band har f\u00f6rtryckta unika serienummer som hj\u00e4lper dig att sp\u00e5ra n\u00e4rvaro och granska biljettf\u00f6rs\u00e4ljning.<\/p>\n<\/li>\n<li>\n<p data-path-to-node=\"15,3,1\"><span data-path-to-node=\"15,3,1,0\"><b data-path-to-node=\"15,3,1,0\" data-index-in-node=\"0\"><span class=\"citation-19\">\u00c4kta DuPont\u2122 Tyvek\u00ae:<\/span><\/b><span class=\"citation-19\"> Vi anv\u00e4nder endast autentiska material som \u00e4r l\u00e4tta, helt vattent\u00e4ta och rivbest\u00e4ndiga i upp till 5 dagars anv\u00e4ndning. <\/span><\/span><\/p>\n<\/li>\n<li>\n<p data-path-to-node=\"15,4,0\"><b data-path-to-node=\"15,4,0\" data-index-in-node=\"0\">Brett f\u00e4rgomf\u00e5ng:<\/b> Det svarta trycket sticker ut tydligt mot v\u00e5rt breda urval av neon-, metallic- och otryckta basf\u00e4rger p\u00e5 armbandet.<\/p>\n<\/li>\n<\/ul>\n<h2 data-path-to-node=\"16\">Specifikationer<\/h2>\n<ul data-path-to-node=\"17\">\n<li>\n<p data-path-to-node=\"17,0,1\"><span data-path-to-node=\"17,0,1,0\"><b data-path-to-node=\"17,0,1,0\" data-index-in-node=\"0\"><span class=\"citation-18\">Material:<\/span><\/b><span class=\"citation-18\"> DuPont\u2122 Tyvek\u00ae (\u00e5tervinningsbar h\u00f6gdensitetspolyeten). <\/span><\/span><\/p>\n<\/li>\n<li>\n<p data-path-to-node=\"17,1,0\"><b data-path-to-node=\"17,1,0\" data-index-in-node=\"0\">Utskriftstyp:<\/b> 1-f\u00e4rgs screentryck (standard: svart bl\u00e4ck).<\/p>\n<\/li>\n<li>\n<p data-path-to-node=\"17,2,0\"><b data-path-to-node=\"17,2,0\" data-index-in-node=\"0\">Storlek:<\/b> Standardbredd 19 mm eller 25 mm (justerbar l\u00e4ngd).<\/p>\n<\/li>\n<li>\n<p data-path-to-node=\"17,3,0\"><b data-path-to-node=\"17,3,0\" data-index-in-node=\"0\">St\u00e4ngning:<\/b> Eng\u00e5ngsf\u00f6rseglat h\u00e4ft\u00e4mne.<\/p>\n<\/li>\n<li>\n<p data-path-to-node=\"17,4,0\"><b data-path-to-node=\"17,4,0\" data-index-in-node=\"0\">Varaktighet:<\/b> Vattent\u00e5lig, rivs\u00e4ker, l\u00e4mplig i 1\u20135 dagar.<\/p>\n<\/li>\n<\/ul>\n<h2 data-path-to-node=\"18\">Anv\u00e4ndningsfall<\/h2>\n<ul data-path-to-node=\"19\">\n<li>\n<p data-path-to-node=\"19,0,0\"><b data-path-to-node=\"19,0,0\" data-index-in-node=\"0\">Grindkontroll:<\/b> Snabb visuell identifiering av betalande g\u00e4ster p\u00e5 nattklubbar och barer.<\/p>\n<\/li>\n<li>\n<p data-path-to-node=\"19,1,0\"><b data-path-to-node=\"19,1,0\" data-index-in-node=\"0\">Folkmassahantering:<\/b> S\u00e4rskild text (t.ex. \u201cPERSONAL\u201d, \u201cKONSTN\u00c4R\u201d) f\u00f6r begr\u00e4nsade omr\u00e5den.<\/p>\n<\/li>\n<li>\n<p data-path-to-node=\"19,2,0\"><b data-path-to-node=\"19,2,0\" data-index-in-node=\"0\">Stora festivaler:<\/b> Det mest budgetv\u00e4nliga s\u00e4ttet att s\u00e4kra tusentals deltagare.<\/p>\n<\/li>\n<li>\n<p data-path-to-node=\"19,3,0\"><b data-path-to-node=\"19,3,0\" data-index-in-node=\"0\">Garderobskontroll och biljettf\u00f6rs\u00e4ljning:<\/b> Anv\u00e4nda l\u00f6pnummer f\u00f6r att verifiera kapacitet.<\/p>\n<\/li>\n<\/ul>","protected":false},"excerpt":{"rendered":"<ul>\n<li>\n<p data-path-to-node=\"11,0,1\"><span data-path-to-node=\"11,0,1,0\"><b data-path-to-node=\"11,0,1,0\" data-index-in-node=\"0\"><span class=\"citation-22\">Kostnadseffektiv varum\u00e4rkesbyggande:<\/span><\/b><span class=\"citation-22\"> Skarpt 1-f\u00e4rgs screentryck (svart eller vitt) perfekt f\u00f6r logotyper och text<\/span><\/span><\/p>\n<\/li>\n<li>\n<p data-path-to-node=\"11,1,1\"><span data-path-to-node=\"11,1,1,0\"><b data-path-to-node=\"11,1,1,0\" data-index-in-node=\"0\"><span class=\"citation-21\">H\u00f6g s\u00e4kerhet:<\/span><\/b><span class=\"citation-21\"> F\u00f6rnumrerade med sekventiella serienummer och manipuleringss\u00e4kert sj\u00e4lvh\u00e4ftande material. <\/span><\/span><\/p>\n<\/li>\n<li>\n<p data-path-to-node=\"11,2,1\"><span data-path-to-node=\"11,2,1,0\"><b data-path-to-node=\"11,2,1,0\" data-index-in-node=\"0\"><span class=\"citation-20\">Slitstarkt material:<\/span><\/b><span class=\"citation-20\"> Tillverkad av \u00e4kta DuPont\u2122 Tyvek\u00ae \u2013 vattent\u00e4t och rivbest\u00e4ndig. <\/span><\/span><\/p>\n<\/li>\n<li>\n<p data-path-to-node=\"11,3,0\"><b data-path-to-node=\"11,3,0\" data-index-in-node=\"0\">Snabb produktion:<\/b> Den snabbaste skr\u00e4ddarsydda l\u00f6sningen f\u00f6r sn\u00e4va deadlines.<\/p>\n<\/li>\n<\/ul>","protected":false},"featured_media":6108,"comment_status":"closed","ping_status":"closed","template":"","meta":[],"product_brand":[],"product_cat":[41],"product_tag":[],"class_list":{"0":"post-5497","1":"product","2":"type-product","3":"status-publish","4":"has-post-thumbnail","6":"product_cat-tyvek","8":"first","9":"instock","10":"shipping-taxable","11":"purchasable","12":"product-type-simple"},"_links":{"self":[{"href":"https:\/\/displayproducts.eu\/sv\/wp-json\/wp\/v2\/product\/5497","targetHints":{"allow":["GET"]}}],"collection":[{"href":"https:\/\/displayproducts.eu\/sv\/wp-json\/wp\/v2\/product"}],"about":[{"href":"https:\/\/displayproducts.eu\/sv\/wp-json\/wp\/v2\/types\/product"}],"replies":[{"embeddable":true,"href":"https:\/\/displayproducts.eu\/sv\/wp-json\/wp\/v2\/comments?post=5497"}],"wp:featuredmedia":[{"embeddable":true,"href":"https:\/\/displayproducts.eu\/sv\/wp-json\/wp\/v2\/media\/6108"}],"wp:attachment":[{"href":"https:\/\/displayproducts.eu\/sv\/wp-json\/wp\/v2\/media?parent=5497"}],"wp:term":[{"taxonomy":"product_brand","embeddable":true,"href":"https:\/\/displayproducts.eu\/sv\/wp-json\/wp\/v2\/product_brand?post=5497"},{"taxonomy":"product_cat","embeddable":true,"href":"https:\/\/displayproducts.eu\/sv\/wp-json\/wp\/v2\/product_cat?post=5497"},{"taxonomy":"product_tag","embeddable":true,"href":"https:\/\/displayproducts.eu\/sv\/wp-json\/wp\/v2\/product_tag?post=5497"}],"curies":[{"name":"wp","href":"https:\/\/api.w.org\/{rel}","templated":true}]}}