{"id":5416,"date":"2025-11-13T17:37:51","date_gmt":"2025-11-13T14:37:51","guid":{"rendered":"https:\/\/wristbandfactory.eu\/?post_type=product&#038;p=5416"},"modified":"2026-04-01T21:52:03","modified_gmt":"2026-04-01T18:52:03","slug":"usb-wristbands-custom-silicone","status":"publish","type":"product","link":"https:\/\/displayproducts.eu\/sv\/p\/usb-wristbands-custom-silicone\/","title":{"rendered":"USB-armband (anpassade silikon)"},"content":{"rendered":"<p>G\u00f6r ett best\u00e5ende intryck p\u00e5 ditt n\u00e4sta f\u00f6retagsevenemang eller m\u00e4ssa med v\u00e5ra anpassade silikon-USB-armband. Denna innovativa reklamprodukt kombinerar bekv\u00e4mligheten hos ett b\u00e4rbart armband med det praktiska hos ett USB-minne, vilket s\u00e4kerst\u00e4ller att ditt varum\u00e4rke stannar i \u00e5tanke l\u00e5ngt efter att evenemanget \u00e4r slut.<\/p>\n<p>Dessa USB-armband \u00e4r det perfekta verktyget f\u00f6r att distribuera digitala kataloger, presentationsmaterial eller marknadsf\u00f6ringsvideor till kunder och partners. Tillverkade av slitstark och bekv\u00e4m silikon kan de anpassas helt f\u00f6r att matcha din varum\u00e4rkesidentitet. V\u00e4lj din specifika f\u00e4rg och l\u00e4gg till din logotyp f\u00f6r maximal synlighet.<\/p>\n<p>Vi erbjuder ett m\u00e5ngsidigt utbud av lagringskapaciteter f\u00f6r att m\u00f6ta alla aff\u00e4rsbehov, fr\u00e5n 8 GB upp till 128 GB. Med en minsta best\u00e4llningskvantitet p\u00e5 100 stycken \u00e4r dessa USB-minnesarmband en skalbar och effektiv l\u00f6sning f\u00f6r marknadsf\u00f6ringskampanjer, intern utbildning eller evenemangsgiveaways.<\/p>\n<p><b>Viktiga funktioner:<\/b><\/p>\n<ul>\n<li><b>Dubbelfunktionsdesign:<\/b> Fungerar b\u00e5de som ett b\u00e4rbart silikonarmband och ett funktionellt USB-minne.<\/li>\n<li><b>Fullst\u00e4ndig anpassning:<\/b> Finns i valfri anpassad f\u00e4rg f\u00f6r att perfekt matcha ditt varum\u00e4rkes riktlinjer.<\/li>\n<li><b>M\u00e5ngsidig f\u00f6rvaring:<\/b> V\u00e4lj mellan ett brett utbud av kapaciteter (8 GB, 16 GB, 32 GB, 64 GB, 128 GB) f\u00f6r dina data.<\/li>\n<li><b>Storbest\u00e4llning klar:<\/b> Perfekt f\u00f6r storskaliga evenemang och kampanjer med en minsta best\u00e4llning p\u00e5 100 enheter.<\/li>\n<li><b>Slitstarkt material:<\/b> Tillverkad av flexibel och bekv\u00e4m silikon (20,5 x 1,7 cm) byggd f\u00f6r l\u00e4ngre tids anv\u00e4ndning.<\/li>\n<\/ul>","protected":false},"excerpt":{"rendered":"<ul>\n<li>En praktisk 2-i-1-reklamartikel: ett bekv\u00e4mt silikonarmband och ett USB-minne.<\/li>\n<li>Helt anpassningsbar med ert varum\u00e4rkes logotyp och specifika f\u00f6retagsf\u00e4rger.<\/li>\n<li>Finns i en m\u00e4ngd olika kapaciteter (8 GB till 128 GB) f\u00f6r att passa dina databehov.<\/li>\n<li>Perfekt f\u00f6r f\u00f6retagsevenemang, m\u00e4ssor och konferenser. Minsta best\u00e4llning: 100 st.<\/li>\n<\/ul>","protected":false},"featured_media":6253,"comment_status":"closed","ping_status":"closed","template":"","meta":[],"product_brand":[],"product_cat":[128,88],"product_tag":[],"class_list":{"0":"post-5416","1":"product","2":"type-product","3":"status-publish","4":"has-post-thumbnail","6":"product_cat-mobile-tech-accessories","7":"product_cat-smart-wristbands","9":"first","10":"instock","11":"shipping-taxable","12":"product-type-simple"},"_links":{"self":[{"href":"https:\/\/displayproducts.eu\/sv\/wp-json\/wp\/v2\/product\/5416","targetHints":{"allow":["GET"]}}],"collection":[{"href":"https:\/\/displayproducts.eu\/sv\/wp-json\/wp\/v2\/product"}],"about":[{"href":"https:\/\/displayproducts.eu\/sv\/wp-json\/wp\/v2\/types\/product"}],"replies":[{"embeddable":true,"href":"https:\/\/displayproducts.eu\/sv\/wp-json\/wp\/v2\/comments?post=5416"}],"wp:featuredmedia":[{"embeddable":true,"href":"https:\/\/displayproducts.eu\/sv\/wp-json\/wp\/v2\/media\/6253"}],"wp:attachment":[{"href":"https:\/\/displayproducts.eu\/sv\/wp-json\/wp\/v2\/media?parent=5416"}],"wp:term":[{"taxonomy":"product_brand","embeddable":true,"href":"https:\/\/displayproducts.eu\/sv\/wp-json\/wp\/v2\/product_brand?post=5416"},{"taxonomy":"product_cat","embeddable":true,"href":"https:\/\/displayproducts.eu\/sv\/wp-json\/wp\/v2\/product_cat?post=5416"},{"taxonomy":"product_tag","embeddable":true,"href":"https:\/\/displayproducts.eu\/sv\/wp-json\/wp\/v2\/product_tag?post=5416"}],"curies":[{"name":"wp","href":"https:\/\/api.w.org\/{rel}","templated":true}]}}