{"id":5409,"date":"2025-11-13T17:32:46","date_gmt":"2025-11-13T14:32:46","guid":{"rendered":"https:\/\/wristbandfactory.eu\/?post_type=product&#038;p=5409"},"modified":"2026-04-01T21:52:03","modified_gmt":"2026-04-01T18:52:03","slug":"charging-cable-with-rpet-phone-strap-60w-usb-c","status":"publish","type":"product","link":"https:\/\/displayproducts.eu\/sv\/p\/charging-cable-with-rpet-phone-strap-60w-usb-c\/","title":{"rendered":"Laddningskabel med rPET-telefonrem (60W USB-C)"},"content":{"rendered":"<p><span style=\"font-family: -apple-system, BlinkMacSystemFont, 'Segoe UI', Roboto, 'Helvetica Neue', Arial, 'Noto Sans', sans-serif, 'Apple Color Emoji', 'Segoe UI Emoji', 'Segoe UI Symbol', 'Noto Color Emoji';\">Erbjud en verkligt praktisk och h\u00e5llbar teknikprodukt p\u00e5 din n\u00e4sta m\u00e4ssa eller f\u00f6retagsevenemang. Denna innovativa 2-i-1-laddningskabel \u00e4r mer \u00e4n bara en str\u00f6mk\u00e4lla; det \u00e4r en h\u00e5llbar telefonrem som s\u00e4kerst\u00e4ller att ditt varum\u00e4rke f\u00f6rblir uppkopplat och synligt.<\/span><\/p>\n<p>K\u00e4rnan i den h\u00e4r produkten \u00e4r en h\u00f6gpresterande 60W USB Type-C till Type-C-kabel, som st\u00f6der b\u00e5de snabbladdning och h\u00f6ghastighetsdata\u00f6verf\u00f6ring. Den fl\u00e4tade kabeln \u00e4r tillverkad av \u00e5tervunnen PET (rPET), vilket tilltalar milj\u00f6medvetna kunder och partners. Dess sekund\u00e4ra funktion \u00e4r att anv\u00e4nda som en robust telefonrem som \u00e4r kompatibel med de flesta telefonfodral. Remmen \u00e4r l\u00e4tt, justerbar och imponerande h\u00e5llbar, testad f\u00f6r att h\u00e5lla upp till 8 kg.<\/p>\n<p>Denna multifunktionella laddningskabel \u00e4r ett utm\u00e4rkt marknadsf\u00f6ringsverktyg f\u00f6r teknikf\u00f6retag, f\u00f6retagskonferenser och marknadsf\u00f6ringsbyr\u00e5er. Genom att varum\u00e4rkesskydda det slitstarka aluminiumh\u00f6ljet ger du deltagarna en anv\u00e4ndbar produkt som de kommer att anv\u00e4nda l\u00e5ngt efter evenemanget, vilket maximerar varum\u00e4rkesexponeringen.<\/p>\n<p><b>Viktiga funktioner:<\/b><\/p>\n<ul>\n<li><b>60W snabbladdning:<\/b> H\u00f6ghastighets-USB-C till USB-C-kabel str\u00f6mf\u00f6rs\u00f6rjer enheter snabbt och st\u00f6der data\u00f6verf\u00f6ring.<\/li>\n<li><b>Slitstark telefonrem:<\/b> Fungerar som ett handsfree-handledsband, testat f\u00f6r att s\u00e4kert h\u00e5lla upp till 8 kg.<\/li>\n<li><b>Milj\u00f6v\u00e4nligt material:<\/b> Fl\u00e4tad kabel tillverkad av \u00e5tervunna rPET-flaskor, perfekt f\u00f6r h\u00e5llbarhetsfokuserad varum\u00e4rkesbyggande.<\/li>\n<li><b>Universell kompatibilitet:<\/b> Utformad f\u00f6r att fungera med de flesta telefonskal, enkel att f\u00e4sta f\u00f6r omedelbar anv\u00e4ndning.<\/li>\n<li><b>Premiumversion:<\/b> Har slitstarka aluminiumkontakth\u00f6ljen perfekta f\u00f6r lasergravering av din logotyp.<\/li>\n<\/ul>","protected":false},"excerpt":{"rendered":"<ul>\n<li>En 3-i-1-l\u00f6sning: telefonrem, 60W snabbladdningskabel och data\u00f6verf\u00f6ringskabel.<\/li>\n<li>Tillverkad av h\u00e5llbart fl\u00e4tat rPET-nylonmaterial.<\/li>\n<li>Har typ-C till typ-C-kontakter f\u00f6r moderna enheter.<\/li>\n<li>En mycket anv\u00e4ndbar reklamprodukt f\u00f6r teknikkonferenser och f\u00f6retagsevenemang.<\/li>\n<\/ul>","protected":false},"featured_media":6681,"comment_status":"closed","ping_status":"closed","template":"","meta":[],"product_brand":[],"product_cat":[128],"product_tag":[],"class_list":{"0":"post-5409","1":"product","2":"type-product","3":"status-publish","4":"has-post-thumbnail","6":"product_cat-mobile-tech-accessories","8":"first","9":"instock","10":"shipping-taxable","11":"purchasable","12":"product-type-simple"},"_links":{"self":[{"href":"https:\/\/displayproducts.eu\/sv\/wp-json\/wp\/v2\/product\/5409","targetHints":{"allow":["GET"]}}],"collection":[{"href":"https:\/\/displayproducts.eu\/sv\/wp-json\/wp\/v2\/product"}],"about":[{"href":"https:\/\/displayproducts.eu\/sv\/wp-json\/wp\/v2\/types\/product"}],"replies":[{"embeddable":true,"href":"https:\/\/displayproducts.eu\/sv\/wp-json\/wp\/v2\/comments?post=5409"}],"wp:featuredmedia":[{"embeddable":true,"href":"https:\/\/displayproducts.eu\/sv\/wp-json\/wp\/v2\/media\/6681"}],"wp:attachment":[{"href":"https:\/\/displayproducts.eu\/sv\/wp-json\/wp\/v2\/media?parent=5409"}],"wp:term":[{"taxonomy":"product_brand","embeddable":true,"href":"https:\/\/displayproducts.eu\/sv\/wp-json\/wp\/v2\/product_brand?post=5409"},{"taxonomy":"product_cat","embeddable":true,"href":"https:\/\/displayproducts.eu\/sv\/wp-json\/wp\/v2\/product_cat?post=5409"},{"taxonomy":"product_tag","embeddable":true,"href":"https:\/\/displayproducts.eu\/sv\/wp-json\/wp\/v2\/product_tag?post=5409"}],"curies":[{"name":"wp","href":"https:\/\/api.w.org\/{rel}","templated":true}]}}