{"id":5406,"date":"2025-11-13T17:14:36","date_gmt":"2025-11-13T14:14:36","guid":{"rendered":"https:\/\/wristbandfactory.eu\/?post_type=product&#038;p=5406"},"modified":"2026-04-01T21:52:03","modified_gmt":"2026-04-01T18:52:03","slug":"microfiber-wristbands-with-zipper","status":"publish","type":"product","link":"https:\/\/displayproducts.eu\/sv\/p\/microfiber-wristbands-with-zipper\/","title":{"rendered":"Mikrofiberarmband med dragkedja"},"content":{"rendered":"<p>F\u00f6rse dina evenemangsdeltagare eller ditt team med en praktisk och v\u00e4l synlig reklamartikel. <span class=\"citation-205 citation-end-205\">V\u00e5ra mikrofiberarmband har en integrerad ficka med dragkedja, vilket ger ett s\u00e4kert s\u00e4tt att b\u00e4ra nycklar, kontanter eller sm\u00e5 v\u00e4rdesaker under sport, festivaler och andra fritidsaktiviteter.<\/span>.<\/p>\n<p><span class=\"citation-204 citation-end-204\">Tillverkat av ett slitstarkt men mjukt mikrofibermaterial, ger detta armband en bekv\u00e4m och fast passform f\u00f6r anv\u00e4ndning hela dagen.<\/span>. <span class=\"citation-203 citation-end-203\">Fickan med dragkedja i matchande f\u00e4rg \u00e4r utformad f\u00f6r anpassning och erbjuder ett tryckomr\u00e5de p\u00e5 5,5 x 4 cm f\u00f6r din f\u00f6retagslogotyp eller evenemangsprofilering med hj\u00e4lp av screentryck eller en h\u00e5llbar screentryckstransfer.<\/span><\/p>\n<p>Perfekt f\u00f6r f\u00f6retagsh\u00e4lsoprogram, sponsring av gym, m\u00e4ssutlottningar eller som ett funktionellt f\u00f6rem\u00e5l f\u00f6r festivalbes\u00f6kare. Denna handledspl\u00e5nbok s\u00e4kerst\u00e4ller att ditt varum\u00e4rke syns \u00e4ven n\u00e4r du \u00e4r p\u00e5 spr\u00e5ng.<\/p>\n<p><b>Viktiga funktioner:<\/b><\/p>\n<ul>\n<li><b><span class=\"citation-202\">S\u00e4ker blixtl\u00e5sficka:<\/span><\/b><span class=\"citation-202 citation-end-202\"> Har en integrerad ficka med dragkedja i matchande f\u00e4rg f\u00f6r s\u00e4ker f\u00f6rvaring<\/span>.<\/li>\n<li><b><span class=\"citation-201\">Mjukt mikrofibermaterial:<\/span><\/b><span class=\"citation-201 citation-end-201\"> Tillverkad av slitstark och mjuk mikrofiber, designad f\u00f6r sport och fritid<\/span>.<\/li>\n<li><b><span class=\"citation-200\">Bekv\u00e4m, fast passform:<\/span><\/b><span class=\"citation-200 citation-end-200\"> M\u00e5tt 10 x 9 cm, vilket ger en bekv\u00e4m passform f\u00f6r aktiv anv\u00e4ndning<\/span>.<\/li>\n<li><b><span class=\"citation-199\">Anpassat varum\u00e4rkesomr\u00e5de:<\/span><\/b><span class=\"citation-199 citation-end-199\"> Erbjuder ett tryckomr\u00e5de p\u00e5 5,5 x 4 cm p\u00e5 fickan f\u00f6r din logotyp<\/span>.<\/li>\n<li><b><span class=\"citation-198\">Livfulla f\u00e4rger:<\/span><\/b><span class=\"citation-198 citation-end-198\"> Finns i flera ljusa toner f\u00f6r att matcha din varum\u00e4rkesidentitet<\/span>.<\/li>\n<\/ul>","protected":false},"excerpt":{"rendered":"<ul>\n<li><span class=\"citation-209 citation-end-209\">Har en s\u00e4ker ficka med dragkedja f\u00f6r nycklar, kontanter eller sm\u00e5 f\u00f6rem\u00e5l<\/span>.<\/li>\n<li><span class=\"citation-208 citation-end-208\">Tillverkad av mjuk, slitstark mikrofiber, perfekt f\u00f6r sport och aktiva evenemang<\/span>.<\/li>\n<li><span class=\"citation-207 citation-end-207\">Stort tryckomr\u00e5de p\u00e5 5,5 x 4 cm p\u00e5 fickan f\u00f6r din logotyp<\/span>.\n<div class=\"source-inline-chip-container ng-star-inserted\"><\/div>\n<\/li>\n<li><span class=\"citation-206 citation-end-206\">Finns i en rad ljusa f\u00e4rger som matchar ditt varum\u00e4rke<\/span><\/li>\n<\/ul>","protected":false},"featured_media":6414,"comment_status":"closed","ping_status":"closed","template":"","meta":[],"product_brand":[],"product_cat":[66,118,122],"product_tag":[],"class_list":{"0":"post-5406","1":"product","2":"type-product","3":"status-publish","4":"has-post-thumbnail","6":"product_cat-wristbands","7":"product_cat-sports-fitness","8":"product_cat-promotional-accessories","10":"first","11":"instock","12":"shipping-taxable","13":"purchasable","14":"product-type-simple"},"_links":{"self":[{"href":"https:\/\/displayproducts.eu\/sv\/wp-json\/wp\/v2\/product\/5406","targetHints":{"allow":["GET"]}}],"collection":[{"href":"https:\/\/displayproducts.eu\/sv\/wp-json\/wp\/v2\/product"}],"about":[{"href":"https:\/\/displayproducts.eu\/sv\/wp-json\/wp\/v2\/types\/product"}],"replies":[{"embeddable":true,"href":"https:\/\/displayproducts.eu\/sv\/wp-json\/wp\/v2\/comments?post=5406"}],"wp:featuredmedia":[{"embeddable":true,"href":"https:\/\/displayproducts.eu\/sv\/wp-json\/wp\/v2\/media\/6414"}],"wp:attachment":[{"href":"https:\/\/displayproducts.eu\/sv\/wp-json\/wp\/v2\/media?parent=5406"}],"wp:term":[{"taxonomy":"product_brand","embeddable":true,"href":"https:\/\/displayproducts.eu\/sv\/wp-json\/wp\/v2\/product_brand?post=5406"},{"taxonomy":"product_cat","embeddable":true,"href":"https:\/\/displayproducts.eu\/sv\/wp-json\/wp\/v2\/product_cat?post=5406"},{"taxonomy":"product_tag","embeddable":true,"href":"https:\/\/displayproducts.eu\/sv\/wp-json\/wp\/v2\/product_tag?post=5406"}],"curies":[{"name":"wp","href":"https:\/\/api.w.org\/{rel}","templated":true}]}}