{"id":5404,"date":"2025-11-13T17:06:02","date_gmt":"2025-11-13T14:06:02","guid":{"rendered":"https:\/\/wristbandfactory.eu\/?post_type=product&#038;p=5404"},"modified":"2026-04-01T21:52:03","modified_gmt":"2026-04-01T18:52:03","slug":"rpet-phone-strap-with-60w-data-cable","status":"publish","type":"product","link":"https:\/\/displayproducts.eu\/sv\/p\/rpet-phone-strap-with-60w-data-cable\/","title":{"rendered":"RPET-telefonrem med 60W datakabel"},"content":{"rendered":"<p>Erbjud en anv\u00e4ndbar och h\u00e5llbar reklamartikel p\u00e5 din n\u00e4sta teknikkonferens eller f\u00f6retagsevenemang. VRIST \u00e4r ett multifunktionellt armband designat f\u00f6r moderna yrkesverksamma, som kombinerar handsfree-bekv\u00e4mlighet med viktiga laddningsfunktioner.<\/p>\n<p>Den 45 cm l\u00e5nga remmen \u00e4r tillverkad av milj\u00f6v\u00e4nligt RPET-material (\u00e5tervunnet PET), vilket framh\u00e4ver ert varum\u00e4rkes engagemang f\u00f6r h\u00e5llbarhet. Den fungerar som en s\u00e4ker telefonh\u00e5llare som g\u00f6r att deltagarna kan h\u00e5lla sina enheter tillg\u00e4ngliga.<\/p>\n<p>Armbandets k\u00e4rnfunktion \u00e4r en kraftfull <b>60W Typ-C till Typ-C-kabel<\/b>, som st\u00f6der b\u00e5de h\u00f6ghastighetsladdning och <b>data\u00f6verf\u00f6ring<\/b>. Detta g\u00f6r den till en otroligt praktisk present f\u00f6r teknikkunniga m\u00e5lgrupper. Ett nyckelkl\u00e4mma ger extra funktionalitet. Denna produkt tillverkas i en Amfori BSCI-granskad fabrik, vilket s\u00e4kerst\u00e4ller en ansvarsfull leveranskedja.<\/p>\n<p><b>Viktiga funktioner:<\/b><\/p>\n<ul>\n<li><b>Multifunktionell design:<\/b> Fungerar som telefonh\u00e5llare, armband f\u00f6r h\u00f6ghastighetsdatakabel och nyckelkl\u00e4mma.<\/li>\n<li><b>Milj\u00f6v\u00e4nligt material:<\/b> Remmen \u00e4r tillverkad av \u00e5tervunnen PET (RPET), vilket visar p\u00e5 f\u00f6retagets h\u00e5llbarhet.<\/li>\n<li><b>60W effekt och data:<\/b> H\u00f6ghastighetskabel p\u00e5 60 W typ-C till typ-C st\u00f6der b\u00e5de snabbladdning och data\u00f6verf\u00f6ring.<\/li>\n<li><b>Handsfree-anv\u00e4ndning vid evenemang:<\/b> G\u00f6r det m\u00f6jligt f\u00f6r deltagarna att f\u00f6rvara telefoner och nycklar s\u00e4kra och tillg\u00e4ngliga.<\/li>\n<li><b>Ansvarsfull inf\u00e5 offert:<\/b> Tillverkad i en Amfori BSCI-granskad fabrik.<\/li>\n<\/ul>","protected":false},"excerpt":{"rendered":"<ul>\n<li>Milj\u00f6v\u00e4nligt armband tillverkat av \u00e5tervunnet PET-material (RPET).<\/li>\n<li>H\u00f6ghastighetskabel p\u00e5 60 W typ-C till typ-C f\u00f6r laddning och data\u00f6verf\u00f6ring.<\/li>\n<li>Fungerar som telefonh\u00e5llare f\u00f6r handsfree-funktion vid evenemang.<\/li>\n<li>Inkluderar ett nyckelkl\u00e4mma f\u00f6r extra anv\u00e4ndbarhet.<\/li>\n<\/ul>","protected":false},"featured_media":6666,"comment_status":"closed","ping_status":"closed","template":"","meta":[],"product_brand":[],"product_cat":[128],"product_tag":[],"class_list":{"0":"post-5404","1":"product","2":"type-product","3":"status-publish","4":"has-post-thumbnail","6":"product_cat-mobile-tech-accessories","8":"first","9":"instock","10":"shipping-taxable","11":"purchasable","12":"product-type-simple"},"_links":{"self":[{"href":"https:\/\/displayproducts.eu\/sv\/wp-json\/wp\/v2\/product\/5404","targetHints":{"allow":["GET"]}}],"collection":[{"href":"https:\/\/displayproducts.eu\/sv\/wp-json\/wp\/v2\/product"}],"about":[{"href":"https:\/\/displayproducts.eu\/sv\/wp-json\/wp\/v2\/types\/product"}],"replies":[{"embeddable":true,"href":"https:\/\/displayproducts.eu\/sv\/wp-json\/wp\/v2\/comments?post=5404"}],"wp:featuredmedia":[{"embeddable":true,"href":"https:\/\/displayproducts.eu\/sv\/wp-json\/wp\/v2\/media\/6666"}],"wp:attachment":[{"href":"https:\/\/displayproducts.eu\/sv\/wp-json\/wp\/v2\/media?parent=5404"}],"wp:term":[{"taxonomy":"product_brand","embeddable":true,"href":"https:\/\/displayproducts.eu\/sv\/wp-json\/wp\/v2\/product_brand?post=5404"},{"taxonomy":"product_cat","embeddable":true,"href":"https:\/\/displayproducts.eu\/sv\/wp-json\/wp\/v2\/product_cat?post=5404"},{"taxonomy":"product_tag","embeddable":true,"href":"https:\/\/displayproducts.eu\/sv\/wp-json\/wp\/v2\/product_tag?post=5404"}],"curies":[{"name":"wp","href":"https:\/\/api.w.org\/{rel}","templated":true}]}}