{"id":5402,"date":"2025-11-13T16:55:11","date_gmt":"2025-11-13T13:55:11","guid":{"rendered":"https:\/\/wristbandfactory.eu\/?post_type=product&#038;p=5402"},"modified":"2026-04-01T21:52:03","modified_gmt":"2026-04-01T18:52:03","slug":"floating-foam-wristband-keychains","status":"publish","type":"product","link":"https:\/\/displayproducts.eu\/sv\/p\/floating-foam-wristband-keychains\/","title":{"rendered":"Flytande skumarmbandsnyckelringar"},"content":{"rendered":"<p>Se till att dina kunders nycklar \u00e4r s\u00e4kra under f\u00f6retagsevenemang p\u00e5 vatten, i marinor eller p\u00e5 b\u00e5tturer med v\u00e5ra flytande nyckelringar i skum. Denna praktiska reklamartikel \u00e4r ett m\u00e5ste f\u00f6r alla f\u00f6retag som har med vatten, hotell och restaurang att g\u00f6ra eller b\u00e5tliv att g\u00f6ra.<\/p>\n<p>Denna nyckelring \u00e4r utformad f\u00f6r att b\u00e4ras bekv\u00e4mt p\u00e5 handleden och \u00e4r tillverkad av ett slitstarkt PET-polyestermaterial fyllt med skum. Denna konstruktion s\u00e4kerst\u00e4ller att den f\u00f6rblir flytande och f\u00f6rhindrar att vanliga nycklar sjunker om de tappas i vattnet. Dess ljusa PANTONE 298C-f\u00e4rg ger h\u00f6g synlighet och g\u00f6r den l\u00e4tt att uppt\u00e4cka.<\/p>\n<p>Perfekt f\u00f6r distribution p\u00e5 b\u00e5tm\u00e4ssor, som standardartikel f\u00f6r marinamedlemmar eller som en funktionell giveaway f\u00f6r rese- och hotellm\u00e4rken. Denna flytande nyckelring s\u00e4kerst\u00e4ller att ditt varum\u00e4rke f\u00f6rknippas med s\u00e4kerhet och praktisk anv\u00e4ndning.<\/p>\n<p><b>Viktiga funktioner:<\/b><\/p>\n<ul>\n<li><b>Flytande skumfylld design:<\/b> Flyter tillf\u00f6rlitligt och f\u00f6rhindrar att nycklar sjunker i vatten.<\/li>\n<li><b>Slitstarkt PET-material:<\/b> Tillverkad av slitstark polyester f\u00f6r l\u00e5ngvarig anv\u00e4ndning i marina milj\u00f6er.<\/li>\n<li><b>F\u00e4rg med h\u00f6g synlighet:<\/b> Levereras i en ljus PANTONE 298C f\u00f6r enkel synlighet i vatten.<\/li>\n<li><b>Handsfree-anv\u00e4ndning:<\/b> Fungerar b\u00e5de som armband och nyckelring f\u00f6r praktisk bekv\u00e4mlighet.<\/li>\n<li><b>Certifierad produktion:<\/b> Tillverkad i en Amfori BSCI-granskad fabrik, vilket s\u00e4kerst\u00e4ller ansvarsfulla inf\u00e5 offert.<\/li>\n<\/ul>","protected":false},"excerpt":{"rendered":"<ul>\n<li>F\u00f6rhindrar att nycklar sjunker, perfekt f\u00f6r b\u00e5tliv, marinor och evenemang vid vattnet.<\/li>\n<li>Tillverkad av slitstark skumfylld PET-polyester f\u00f6r p\u00e5litlig flytf\u00f6rm\u00e5ga.<\/li>\n<li>Erbjuder en synlig reklamartikel f\u00f6r vattenrelaterade varum\u00e4rken.<\/li>\n<li>Finns i en livfull PANTONE 298C-bl\u00e5 f\u00e4rg f\u00f6r enkel identifiering.<\/li>\n<\/ul>","protected":false},"featured_media":6411,"comment_status":"closed","ping_status":"closed","template":"","meta":[],"product_brand":[],"product_cat":[66,94],"product_tag":[],"class_list":{"0":"post-5402","1":"product","2":"type-product","3":"status-publish","4":"has-post-thumbnail","6":"product_cat-wristbands","7":"product_cat-keychains","9":"first","10":"instock","11":"shipping-taxable","12":"purchasable","13":"product-type-simple"},"_links":{"self":[{"href":"https:\/\/displayproducts.eu\/sv\/wp-json\/wp\/v2\/product\/5402","targetHints":{"allow":["GET"]}}],"collection":[{"href":"https:\/\/displayproducts.eu\/sv\/wp-json\/wp\/v2\/product"}],"about":[{"href":"https:\/\/displayproducts.eu\/sv\/wp-json\/wp\/v2\/types\/product"}],"replies":[{"embeddable":true,"href":"https:\/\/displayproducts.eu\/sv\/wp-json\/wp\/v2\/comments?post=5402"}],"wp:featuredmedia":[{"embeddable":true,"href":"https:\/\/displayproducts.eu\/sv\/wp-json\/wp\/v2\/media\/6411"}],"wp:attachment":[{"href":"https:\/\/displayproducts.eu\/sv\/wp-json\/wp\/v2\/media?parent=5402"}],"wp:term":[{"taxonomy":"product_brand","embeddable":true,"href":"https:\/\/displayproducts.eu\/sv\/wp-json\/wp\/v2\/product_brand?post=5402"},{"taxonomy":"product_cat","embeddable":true,"href":"https:\/\/displayproducts.eu\/sv\/wp-json\/wp\/v2\/product_cat?post=5402"},{"taxonomy":"product_tag","embeddable":true,"href":"https:\/\/displayproducts.eu\/sv\/wp-json\/wp\/v2\/product_tag?post=5402"}],"curies":[{"name":"wp","href":"https:\/\/api.w.org\/{rel}","templated":true}]}}