{"id":5393,"date":"2025-11-13T16:47:58","date_gmt":"2025-11-13T13:47:58","guid":{"rendered":"https:\/\/wristbandfactory.eu\/?post_type=product&#038;p=5393"},"modified":"2026-04-01T21:52:03","modified_gmt":"2026-04-01T18:52:03","slug":"silicone-wristbands-with-aluminium-plate","status":"publish","type":"product","link":"https:\/\/displayproducts.eu\/sv\/p\/silicone-wristbands-with-aluminium-plate\/","title":{"rendered":"Silikonarmband med aluminiumplatta"},"content":{"rendered":"<p><span class=\"citation-125 citation-end-125\">F\u00f6rh\u00f6j dina reklamprodukter med v\u00e5ra silikonarmband med en framtr\u00e4dande aluminiumplatta. <\/span><span class=\"citation-124 citation-end-124\">Denna modell kombinerar komforten och h\u00e5llbarheten hos silikon med en premiummetallplatta, vilket skapar den perfekta duken f\u00f6r din f\u00f6retagslogotyp. <\/span><\/p>\n<p><span class=\"citation-123 citation-end-123\">Till skillnad fr\u00e5n vanliga tryckta eller neds\u00e4nkt armband \u00e4r den silverf\u00e4rgade aluminiumplattan <\/span> \u00e4r utformad f\u00f6r lasergravering och erbjuder en skarp, permanent och h\u00f6gkvalitativ finish som inte slits av. Detta g\u00f6r den till ett utm\u00e4rkt val f\u00f6r f\u00f6retagsevenemang, VIP-\u00e5tkomst eller som en h\u00e5llbar reklamartikel som kunder och personal kommer att uppskatta.<\/p>\n<p><span class=\"citation-122 citation-end-122\">Sj\u00e4lva armbandet \u00e4r tillverkat av h\u00f6gkvalitativ, slitstark silikon, vilket garanterar en bekv\u00e4m passform f\u00f6r anv\u00e4ndning hela dagen p\u00e5 konferenser eller m\u00e4ssor. <\/span> Storleken 202 x 12 x 3 mm passar de flesta vuxna. Denna design i blandade material ger ett sofistikerat och modernt utseende f\u00f6r din n\u00e4sta marknadsf\u00f6ringskampanj.<\/p>\n<p><b>Viktiga funktioner:<\/b><\/p>\n<ul>\n<li><b><span class=\"citation-121\">Premium metallplatta:<\/span><\/b><span class=\"citation-121 citation-end-121\"> Har en blank silverf\u00e4rgad aluminiumplatta, perfekt f\u00f6r lasergravering. <\/span><\/li>\n<li><b><span class=\"citation-120\">Slitstarkt silikonband:<\/span><\/b><span class=\"citation-120 citation-end-120\"> Tillverkad av 100% h\u00f6gkvalitativ silikon f\u00f6r komfort och l\u00e5ng h\u00e5llbarhet. <\/span><\/li>\n<li><b>Avancerat varum\u00e4rke:<\/b> Erbjuder ett mer sofistikerat och h\u00e5llbart varum\u00e4rkesalternativ \u00e4n vanliga silikonarmband.<\/li>\n<li><b>Standardstorlek f\u00f6r vuxna:<\/b> M\u00e5tten 202 x 12 x 3 mm passar de flesta deltagare.<\/li>\n<li><b>L\u00e4ttvikt:<\/b> V\u00e4ger bara 8 g, vilket g\u00f6r den bekv\u00e4m att b\u00e4ra hela dagen.<\/li>\n<\/ul>","protected":false},"excerpt":{"rendered":"<ul>\n<li><span class=\"citation-127 citation-end-127\">Har en premium silverf\u00e4rgad aluminiumplatta f\u00f6r en h\u00e5llbar, graverad logotyp. <\/span><\/li>\n<li><span class=\"citation-126 citation-end-126\">Det slitstarka silikonbandet 100% \u00e4r bekv\u00e4mt f\u00f6r anv\u00e4ndning hela dagen p\u00e5 evenemang. <\/span><\/li>\n<li>Perfekt f\u00f6r f\u00f6retagsevenemang, insamlingar och som ett premiumreklammaterial.<\/li>\n<li>Standardstorleken 202 x 12 x 3 mm passar de flesta vuxna handleder.<\/li>\n<\/ul>","protected":false},"featured_media":5946,"comment_status":"closed","ping_status":"closed","template":"","meta":[],"product_brand":[],"product_cat":[49],"product_tag":[],"class_list":{"0":"post-5393","1":"product","2":"type-product","3":"status-publish","4":"has-post-thumbnail","6":"product_cat-silicone","8":"first","9":"instock","10":"shipping-taxable","11":"purchasable","12":"product-type-simple"},"_links":{"self":[{"href":"https:\/\/displayproducts.eu\/sv\/wp-json\/wp\/v2\/product\/5393","targetHints":{"allow":["GET"]}}],"collection":[{"href":"https:\/\/displayproducts.eu\/sv\/wp-json\/wp\/v2\/product"}],"about":[{"href":"https:\/\/displayproducts.eu\/sv\/wp-json\/wp\/v2\/types\/product"}],"replies":[{"embeddable":true,"href":"https:\/\/displayproducts.eu\/sv\/wp-json\/wp\/v2\/comments?post=5393"}],"wp:featuredmedia":[{"embeddable":true,"href":"https:\/\/displayproducts.eu\/sv\/wp-json\/wp\/v2\/media\/5946"}],"wp:attachment":[{"href":"https:\/\/displayproducts.eu\/sv\/wp-json\/wp\/v2\/media?parent=5393"}],"wp:term":[{"taxonomy":"product_brand","embeddable":true,"href":"https:\/\/displayproducts.eu\/sv\/wp-json\/wp\/v2\/product_brand?post=5393"},{"taxonomy":"product_cat","embeddable":true,"href":"https:\/\/displayproducts.eu\/sv\/wp-json\/wp\/v2\/product_cat?post=5393"},{"taxonomy":"product_tag","embeddable":true,"href":"https:\/\/displayproducts.eu\/sv\/wp-json\/wp\/v2\/product_tag?post=5393"}],"curies":[{"name":"wp","href":"https:\/\/api.w.org\/{rel}","templated":true}]}}