{"id":5312,"date":"2025-10-24T14:27:43","date_gmt":"2025-10-24T11:27:43","guid":{"rendered":"https:\/\/wristbandfactory.eu\/?post_type=product&#038;p=5312"},"modified":"2026-04-01T21:52:35","modified_gmt":"2026-04-01T18:52:35","slug":"eco-friendly-cardboard-lanyards-20mm","status":"publish","type":"product","link":"https:\/\/displayproducts.eu\/sv\/p\/eco-friendly-cardboard-lanyards-20mm\/","title":{"rendered":"Milj\u00f6v\u00e4nliga nyckelband i papper (Karton)"},"content":{"rendered":"<p data-path-to-node=\"11\">G\u00f6r ett tydligt och tydligt uttalande om din organisations milj\u00f6v\u00e4rderingar med v\u00e5ra <b>Milj\u00f6v\u00e4nliga kartongnyckelband<\/b>. Som den ultimata &quot;anti-plast&quot;-l\u00f6sningen \u00e4r dessa nyckelband utformade f\u00f6r evenemang med noll avfall, gr\u00f6na konferenser och varum\u00e4rken som vill leva upp till f\u00f6rv\u00e4ntningarna kring h\u00e5llbarhet.<\/p>\n<p data-path-to-node=\"12\">Tillverkad av <b>resistent \u00e5tervunnen kartong<\/b> (ett f\u00f6rst\u00e4rkt pappersmaterial) erbjuder dessa nyckelband ett h\u00e5llbart alternativ till polyester och nylon. \u00c4ven om de k\u00e4nns naturliga och l\u00e4tta som papper, \u00e4r de konstruerade f\u00f6r att vara tillr\u00e4ckligt h\u00e5llbara f\u00f6r att motst\u00e5 slitaget p\u00e5 en typisk m\u00e4ssa eller f\u00f6retagsevenemang. Deras distinkta &quot;kraftpapper&quot;-utseende f\u00f6rmedlar omedelbart ett budskap om bevarande till varje deltagare.<\/p>\n<p data-path-to-node=\"13\">Varje nyckelband har en standardbredd p\u00e5 20 mm f\u00f6r bekv\u00e4m passform och \u00e4r utrustat med en h\u00f6gkvalitativ <b>metall sv\u00e4ngbar karbinhake<\/b>. Detta s\u00e4kerst\u00e4ller att \u00e4ven din f\u00e4stmekanism \u00e4r h\u00e5llbar och p\u00e5litlig. Genom att v\u00e4lja denna &quot;Nature Line&quot;-produkt eliminerar du eng\u00e5ngsplast helt fr\u00e5n ditt evenemangs leveranskedja.<\/p>\n<p data-path-to-node=\"14\"><b>Viktiga funktioner:<\/b><\/p>\n<ul data-path-to-node=\"15\">\n<li>\n<p data-path-to-node=\"15,0,0\"><b>Material:<\/b> 100% Best\u00e4ndig \u00e5tervunnen kartong (pappersbaserad).<\/p>\n<\/li>\n<li>\n<p data-path-to-node=\"15,1,0\"><b>H\u00e5llbarhet:<\/b> Ett helt plastfritt alternativ f\u00f6r milj\u00f6medveten varum\u00e4rkesbyggande.<\/p>\n<\/li>\n<li>\n<p data-path-to-node=\"15,2,0\"><b>Varaktighet:<\/b> Utformad f\u00f6r att h\u00e5lla ID-brickor s\u00e4kert under vanliga evenemang.<\/p>\n<\/li>\n<li>\n<p data-path-to-node=\"15,3,0\"><b>H\u00e5rdvara:<\/b> Inkluderar en robust metallkarbinhake f\u00f6r enkel fasts\u00e4ttning.<\/p>\n<\/li>\n<li>\n<p data-path-to-node=\"15,4,0\"><b>Estetik:<\/b> Naturlig, matt finish som betonar det milj\u00f6v\u00e4nliga ursprunget.<\/p>\n<\/li>\n<\/ul>","protected":false},"excerpt":{"rendered":"<ul>\n<li>\n<p data-path-to-node=\"9,0,0\"><b>Nollplastl\u00f6sning:<\/b> Ett helt plastfritt nyckelband tillverkat av slitstarkt, \u00e5tervunnet pappersbaserat material.<\/p>\n<\/li>\n<li>\n<p data-path-to-node=\"9,1,0\"><b>Naturlinjen:<\/b> En del av v\u00e5rt exklusiva ekosortiment, som erbjuder en distinkt, naturlig estetik (kraftpappersutseende).<\/p>\n<\/li>\n<li>\n<p data-path-to-node=\"9,2,0\"><b>F\u00f6rv\u00e5nansv\u00e4rt h\u00e5llbar:<\/b> Konstruerad f\u00f6r att vara tillr\u00e4ckligt t\u00e5lig f\u00f6r endagsevenemang, konferenser och m\u00f6ten.<\/p>\n<\/li>\n<li>\n<p data-path-to-node=\"9,3,0\"><b>Standardpassform:<\/b> 20 mm bredd garanterar synlighet och komfort, utrustad med en robust metallkarbinhake.<\/p>\n<\/li>\n<\/ul>","protected":false},"featured_media":6697,"comment_status":"closed","ping_status":"closed","template":"","meta":[],"product_brand":[],"product_cat":[107,113],"product_tag":[],"class_list":{"0":"post-5312","1":"product","2":"type-product","3":"status-publish","4":"has-post-thumbnail","6":"product_cat-eco-friendly-lanyards","7":"product_cat-plain-lanyards","9":"first","10":"instock","11":"shipping-taxable","12":"purchasable","13":"product-type-simple"},"_links":{"self":[{"href":"https:\/\/displayproducts.eu\/sv\/wp-json\/wp\/v2\/product\/5312","targetHints":{"allow":["GET"]}}],"collection":[{"href":"https:\/\/displayproducts.eu\/sv\/wp-json\/wp\/v2\/product"}],"about":[{"href":"https:\/\/displayproducts.eu\/sv\/wp-json\/wp\/v2\/types\/product"}],"replies":[{"embeddable":true,"href":"https:\/\/displayproducts.eu\/sv\/wp-json\/wp\/v2\/comments?post=5312"}],"wp:featuredmedia":[{"embeddable":true,"href":"https:\/\/displayproducts.eu\/sv\/wp-json\/wp\/v2\/media\/6697"}],"wp:attachment":[{"href":"https:\/\/displayproducts.eu\/sv\/wp-json\/wp\/v2\/media?parent=5312"}],"wp:term":[{"taxonomy":"product_brand","embeddable":true,"href":"https:\/\/displayproducts.eu\/sv\/wp-json\/wp\/v2\/product_brand?post=5312"},{"taxonomy":"product_cat","embeddable":true,"href":"https:\/\/displayproducts.eu\/sv\/wp-json\/wp\/v2\/product_cat?post=5312"},{"taxonomy":"product_tag","embeddable":true,"href":"https:\/\/displayproducts.eu\/sv\/wp-json\/wp\/v2\/product_tag?post=5312"}],"curies":[{"name":"wp","href":"https:\/\/api.w.org\/{rel}","templated":true}]}}