{"id":5307,"date":"2025-10-24T14:13:39","date_gmt":"2025-10-24T11:13:39","guid":{"rendered":"https:\/\/wristbandfactory.eu\/?post_type=product&#038;p=5307"},"modified":"2026-04-01T21:52:35","modified_gmt":"2026-04-01T18:52:35","slug":"plantable-seed-paper-id-badges","status":"publish","type":"product","link":"https:\/\/displayproducts.eu\/sv\/p\/plantable-seed-paper-id-badges\/","title":{"rendered":"ID-brickor av papper f\u00f6r plantering av fr\u00f6"},"content":{"rendered":"<p>Standardidentifiering f\u00f6r evenemang bidrar ofta direkt till avfall fr\u00e5n deponier. V\u00e5ra ID-brickor av papper f\u00f6r plantering av fr\u00f6n f\u00f6rvandlar detta problem till ett kraftfullt och h\u00e5llbart marknadsf\u00f6ringsbudskap. Denna milj\u00f6v\u00e4nliga identifiering tj\u00e4nar inte bara sitt syfte under ditt evenemang utan ger ocks\u00e5 en minnesv\u00e4rd och avfallsfri takeaway.<\/p>\n<p>Varje m\u00e4rke \u00e4r tillverkat av \u00e5tervunnen kartong och inneh\u00e5ller ett specialkort med vildblomsfr\u00f6n. Efter konferensen eller m\u00e4ssan kan deltagarna plantera hela m\u00e4rket och f\u00f6rvandla det till en odlingsb\u00e4dd med olika vildblommor. Denna unika funktion f\u00f6rst\u00e4rker ditt varum\u00e4rkes engagemang f\u00f6r h\u00e5llbarhet l\u00e5ngt efter att evenemanget \u00e4r slut.<\/p>\n<p>Varje m\u00e4rke har tydliga planteringsinstruktioner och \u00e4r m\u00e4rkt med &quot;Made in Europe&quot;, vilket garanterar kvalitet och ett l\u00e4gre koldioxidavtryck. De \u00e4r det perfekta valet f\u00f6r gr\u00f6nt fokuserade f\u00f6retagsevenemang, milj\u00f6medvetna m\u00e4ssor och alla organisationer som vill g\u00f6ra ett konkret milj\u00f6uttalande.<\/p>\n<p><b>Viktiga funktioner:<\/b><\/p>\n<ul>\n<li><b>Milj\u00f6v\u00e4nligt material:<\/b> Huvudh\u00e5llaren \u00e4r tillverkad av \u00e5tervunnen kartong.<\/li>\n<li><b>Planterbart fr\u00f6papper:<\/b> Inkluderar ett kort inb\u00e4ddat med vildblomsfr\u00f6n som v\u00e4xer n\u00e4r de planteras.<\/li>\n<li><b>Noll avfallsl\u00f6sning:<\/b> Hela m\u00e4rket kan planteras, vilket g\u00f6r att inget avfall l\u00e4mnas kvar.<\/li>\n<li><b>Tillverkad i Europa:<\/b> B\u00e4r emblemet \u201cMade in Europe\u201d, vilket symboliserar kvalitet och minskat koldioxidavtryck.<\/li>\n<li><b>Inkluderar instruktioner:<\/b> Tydliga planteringsinstruktioner finns tryckta inuti.<\/li>\n<li><b>M\u00e5tt:<\/b> 11,3 x 9,3 cm.<\/li>\n<\/ul>","protected":false},"excerpt":{"rendered":"<ul>\n<li>Visa ditt engagemang f\u00f6r h\u00e5llbarhet p\u00e5 evenemang.<\/li>\n<li>Tillverkad av \u00e5tervunnen kartong med en medf\u00f6ljande kartong av vildblomsfr\u00f6n.<\/li>\n<li>Hela m\u00e4rket kan planteras efter evenemanget.<\/li>\n<li>\u201cMade in Europe\u201d garanterar kvalitet och ett l\u00e4gre koldioxidavtryck.<\/li>\n<\/ul>","protected":false},"featured_media":5308,"comment_status":"closed","ping_status":"closed","template":"","meta":[],"product_brand":[],"product_cat":[91],"product_tag":[],"class_list":{"0":"post-5307","1":"product","2":"type-product","3":"status-publish","4":"has-post-thumbnail","6":"product_cat-badge-holders","8":"first","9":"instock","10":"shipping-taxable","11":"purchasable","12":"product-type-simple"},"_links":{"self":[{"href":"https:\/\/displayproducts.eu\/sv\/wp-json\/wp\/v2\/product\/5307","targetHints":{"allow":["GET"]}}],"collection":[{"href":"https:\/\/displayproducts.eu\/sv\/wp-json\/wp\/v2\/product"}],"about":[{"href":"https:\/\/displayproducts.eu\/sv\/wp-json\/wp\/v2\/types\/product"}],"replies":[{"embeddable":true,"href":"https:\/\/displayproducts.eu\/sv\/wp-json\/wp\/v2\/comments?post=5307"}],"wp:featuredmedia":[{"embeddable":true,"href":"https:\/\/displayproducts.eu\/sv\/wp-json\/wp\/v2\/media\/5308"}],"wp:attachment":[{"href":"https:\/\/displayproducts.eu\/sv\/wp-json\/wp\/v2\/media?parent=5307"}],"wp:term":[{"taxonomy":"product_brand","embeddable":true,"href":"https:\/\/displayproducts.eu\/sv\/wp-json\/wp\/v2\/product_brand?post=5307"},{"taxonomy":"product_cat","embeddable":true,"href":"https:\/\/displayproducts.eu\/sv\/wp-json\/wp\/v2\/product_cat?post=5307"},{"taxonomy":"product_tag","embeddable":true,"href":"https:\/\/displayproducts.eu\/sv\/wp-json\/wp\/v2\/product_tag?post=5307"}],"curies":[{"name":"wp","href":"https:\/\/api.w.org\/{rel}","templated":true}]}}