{"id":5304,"date":"2025-10-24T13:51:56","date_gmt":"2025-10-24T10:51:56","guid":{"rendered":"https:\/\/wristbandfactory.eu\/?post_type=product&#038;p=5304"},"modified":"2026-04-01T21:52:35","modified_gmt":"2026-04-01T18:52:35","slug":"reusable-event-cups-extra-large-1-2l","status":"publish","type":"product","link":"https:\/\/displayproducts.eu\/sv\/p\/reusable-event-cups-extra-large-1-2l\/","title":{"rendered":"\u00c5teranv\u00e4ndbara evenemangsmuggar (extra stora 1,2 l)"},"content":{"rendered":"<p data-path-to-node=\"7\">Minska k\u00f6erna och maximera deltagarnas n\u00f6jdhet p\u00e5 ditt storskaliga evenemang med v\u00e5ra 1,2 liters extra stora \u00e5teranv\u00e4ndbara PP-muggar. Denna h\u00f6gkapacitetsmugg \u00e4r den perfekta l\u00f6sningen f\u00f6r arenor, stora festivaler och konserter, s\u00e5 att du kan servera st\u00f6rre portioner och avsev\u00e4rt minimera behovet av p\u00e5fyllning.<\/p>\n<p data-path-to-node=\"8\">Dessa koppar \u00e4r tillverkade av h\u00e5llbar men flexibel PP (polypropylen), \u00e4r brotts\u00e4kra och designade f\u00f6r upprepad anv\u00e4ndning, vilket erbjuder ett robust och milj\u00f6medvetet alternativ till eng\u00e5ngsplast.<\/p>\n<p data-path-to-node=\"9\">Den genomskinliga ytan ger en v\u00e4l synlig duk f\u00f6r din f\u00f6retagslogotyp eller evenemangsprofilering. En unik egenskap hos denna kopp \u00e4r dess specialformade bas, som \u00e4r utformad f\u00f6r att ge extra stabilitet n\u00e4r den placeras p\u00e5 underl\u00e4gg.<\/p>\n<p data-path-to-node=\"10\"><b>Viktiga funktioner:<\/b><\/p>\n<ul data-path-to-node=\"11\">\n<li>\n<p data-path-to-node=\"11,0,0\"><b>Extra stor 1,2 liters kapacitet:<\/b> Minimerar p\u00e5fyllningar p\u00e5 festivaler, arenor och konserter med h\u00f6g trafik.<\/p>\n<\/li>\n<li>\n<p data-path-to-node=\"11,1,0\"><b>Slitstarkt PP-material:<\/b> Flexibel, brotts\u00e4ker och helt \u00e5teranv\u00e4ndbar f\u00f6r flera evenemang.<\/p>\n<\/li>\n<li>\n<p data-path-to-node=\"11,2,0\"><b>Genomskinlig finish:<\/b> Ger en idealisk, v\u00e4l synlig yta f\u00f6r anpassad varum\u00e4rkesprofilering.<\/p>\n<\/li>\n<li>\n<p data-path-to-node=\"11,3,0\"><b>Stabil basdesign:<\/b> Speciellt formad vid basen f\u00f6r s\u00e4ker placering p\u00e5 underl\u00e4gg.<\/p>\n<\/li>\n<li>\n<p data-path-to-node=\"11,4,0\"><b>Stora m\u00e5tt:<\/b> M\u00e4ter 19 cm i h\u00f6jd med en diameter p\u00e5 10,7 cm.<\/p>\n<\/li>\n<\/ul>","protected":false},"excerpt":{"rendered":"<ul>\n<li>\n<p data-path-to-node=\"6,0,0\">Extra stor kapacitet p\u00e5 1,2 liter minimerar p\u00e5fyllningar vid storskaliga evenemang.<\/p>\n<\/li>\n<li>\n<p data-path-to-node=\"6,1,0\">Tillverkad av slitstarkt, flexibelt och brottbest\u00e4ndigt PP-material.<\/p>\n<\/li>\n<li>\n<p data-path-to-node=\"6,2,0\">Den genomskinliga ytan ger en tydlig yta f\u00f6r varum\u00e4rkesbyggande.<\/p>\n<\/li>\n<li>\n<p data-path-to-node=\"6,3,0\">Har en unik, stabil basdesign f\u00f6r anv\u00e4ndning med underl\u00e4gg.<\/p>\n<\/li>\n<li><\/li>\n<\/ul>","protected":false},"featured_media":6622,"comment_status":"closed","ping_status":"closed","template":"","meta":[],"product_brand":[],"product_cat":[111],"product_tag":[],"class_list":{"0":"post-5304","1":"product","2":"type-product","3":"status-publish","4":"has-post-thumbnail","6":"product_cat-reusable-event-cups","8":"first","9":"instock","10":"shipping-taxable","11":"product-type-simple"},"_links":{"self":[{"href":"https:\/\/displayproducts.eu\/sv\/wp-json\/wp\/v2\/product\/5304","targetHints":{"allow":["GET"]}}],"collection":[{"href":"https:\/\/displayproducts.eu\/sv\/wp-json\/wp\/v2\/product"}],"about":[{"href":"https:\/\/displayproducts.eu\/sv\/wp-json\/wp\/v2\/types\/product"}],"replies":[{"embeddable":true,"href":"https:\/\/displayproducts.eu\/sv\/wp-json\/wp\/v2\/comments?post=5304"}],"wp:featuredmedia":[{"embeddable":true,"href":"https:\/\/displayproducts.eu\/sv\/wp-json\/wp\/v2\/media\/6622"}],"wp:attachment":[{"href":"https:\/\/displayproducts.eu\/sv\/wp-json\/wp\/v2\/media?parent=5304"}],"wp:term":[{"taxonomy":"product_brand","embeddable":true,"href":"https:\/\/displayproducts.eu\/sv\/wp-json\/wp\/v2\/product_brand?post=5304"},{"taxonomy":"product_cat","embeddable":true,"href":"https:\/\/displayproducts.eu\/sv\/wp-json\/wp\/v2\/product_cat?post=5304"},{"taxonomy":"product_tag","embeddable":true,"href":"https:\/\/displayproducts.eu\/sv\/wp-json\/wp\/v2\/product_tag?post=5304"}],"curies":[{"name":"wp","href":"https:\/\/api.w.org\/{rel}","templated":true}]}}