{"id":5300,"date":"2025-10-24T12:52:28","date_gmt":"2025-10-24T09:52:28","guid":{"rendered":"https:\/\/wristbandfactory.eu\/?post_type=product&#038;p=5300"},"modified":"2026-04-01T21:52:35","modified_gmt":"2026-04-01T18:52:35","slug":"laser-engravable-rectangular-glass-trophies","status":"publish","type":"product","link":"https:\/\/displayproducts.eu\/sv\/p\/laser-engravable-rectangular-glass-trophies\/","title":{"rendered":"Lasergraverade rektangul\u00e4ra glastrof\u00e9er"},"content":{"rendered":"<p>G\u00f6r ett betydande intryck vid din n\u00e4sta prisutdelning eller f\u00f6retagsgala. V\u00e5r stora rektangul\u00e4ra glastrof\u00e9 \u00e4r en premium och subtil utm\u00e4rkelse som \u00e4r perfekt f\u00f6r att uppm\u00e4rksamma toppresen\u00e4rer, viktiga kunder eller t\u00e4vlingsvinnare.<\/p>\n<p>Denna trof\u00e9 \u00e4r 19 cm h\u00f6g och \u00e4r tillverkad av tjockt, h\u00f6gkvalitativt glas med en vikt p\u00e5 690 gram f\u00f6r en m\u00e4rkbart exklusiv k\u00e4nsla. Den rena, rektangul\u00e4ra designen erbjuder en stor, plan yta som \u00e4r speciellt utformad f\u00f6r h\u00f6gprecisionslaserutskrift (gravyr). Detta s\u00e4kerst\u00e4ller att din f\u00f6retagslogotyp, pristitel och mottagaruppgifter anpassas med exceptionell tydlighet. Perfekt f\u00f6r f\u00f6rs\u00e4ljningsutm\u00e4rkelser, m\u00e5nadens medarbetare-program eller f\u00f6r att tacka viktiga partners, varje trof\u00e9 levereras i ett individuellt skyddande fodral, vilket s\u00e4kerst\u00e4ller att den \u00e4r s\u00e4ker under transport och redo f\u00f6r presentation.<\/p>\n<p><b>Viktiga funktioner:<\/b><\/p>\n<ul>\n<li><b>Stor rektangul\u00e4r design:<\/b> \u00c4r 19 cm h\u00f6g, vilket ger gott om plats f\u00f6r specialgravyr.<\/li>\n<li><b>Premium tungviktsglas:<\/b> Med sina 690 g har denna trof\u00e9 en rej\u00e4l k\u00e4nsla, vilket f\u00f6rst\u00e4rker dess upplevda v\u00e4rde.<\/li>\n<li><b>Optimerad f\u00f6r lasergravering:<\/b> Specialdesignad yta m\u00f6jligg\u00f6r skarp, detaljerad lasertryckt anpassning.<\/li>\n<li><b>Stabil bas:<\/b> Har en t\u00e5lig, 4,5 cm djup glasbas f\u00f6r stadig placering p\u00e5 vilket skrivbord eller hylla som helst.<\/li>\n<li><b>Skyddsfodral ing\u00e5r:<\/b> Varje trof\u00e9 presenteras i ett individuellt fodral f\u00f6r s\u00e4ker transport och g\u00e5va.<\/li>\n<\/ul>\n<p>&nbsp;<\/p>","protected":false},"excerpt":{"rendered":"<ul>\n<li>Premium 19 cm h\u00f6g rektangul\u00e4r glasutm\u00e4rkelse.<\/li>\n<li>Rej\u00e4l vikt p\u00e5 690 g f\u00f6r en h\u00f6gkvalitativ k\u00e4nsla.<\/li>\n<li>Optimerad yta f\u00f6r exakt lasergravering av din logotyp.<\/li>\n<li>Inkluderar individuellt skyddande fodral f\u00f6r s\u00e4ker presentation.<\/li>\n<\/ul>","protected":false},"featured_media":6540,"comment_status":"closed","ping_status":"closed","template":"","meta":[],"product_brand":[],"product_cat":[79],"product_tag":[],"class_list":{"0":"post-5300","1":"product","2":"type-product","3":"status-publish","4":"has-post-thumbnail","6":"product_cat-awards","8":"first","9":"instock","10":"shipping-taxable","11":"purchasable","12":"product-type-simple"},"_links":{"self":[{"href":"https:\/\/displayproducts.eu\/sv\/wp-json\/wp\/v2\/product\/5300","targetHints":{"allow":["GET"]}}],"collection":[{"href":"https:\/\/displayproducts.eu\/sv\/wp-json\/wp\/v2\/product"}],"about":[{"href":"https:\/\/displayproducts.eu\/sv\/wp-json\/wp\/v2\/types\/product"}],"replies":[{"embeddable":true,"href":"https:\/\/displayproducts.eu\/sv\/wp-json\/wp\/v2\/comments?post=5300"}],"wp:featuredmedia":[{"embeddable":true,"href":"https:\/\/displayproducts.eu\/sv\/wp-json\/wp\/v2\/media\/6540"}],"wp:attachment":[{"href":"https:\/\/displayproducts.eu\/sv\/wp-json\/wp\/v2\/media?parent=5300"}],"wp:term":[{"taxonomy":"product_brand","embeddable":true,"href":"https:\/\/displayproducts.eu\/sv\/wp-json\/wp\/v2\/product_brand?post=5300"},{"taxonomy":"product_cat","embeddable":true,"href":"https:\/\/displayproducts.eu\/sv\/wp-json\/wp\/v2\/product_cat?post=5300"},{"taxonomy":"product_tag","embeddable":true,"href":"https:\/\/displayproducts.eu\/sv\/wp-json\/wp\/v2\/product_tag?post=5300"}],"curies":[{"name":"wp","href":"https:\/\/api.w.org\/{rel}","templated":true}]}}