{"id":5296,"date":"2025-10-24T12:46:54","date_gmt":"2025-10-24T09:46:54","guid":{"rendered":"https:\/\/wristbandfactory.eu\/?post_type=product&#038;p=5296"},"modified":"2026-04-01T21:52:35","modified_gmt":"2026-04-01T18:52:35","slug":"laser-engravable-circular-glass-trophies","status":"publish","type":"product","link":"https:\/\/displayproducts.eu\/sv\/p\/laser-engravable-circular-glass-trophies\/","title":{"rendered":"Lasergraverade cirkul\u00e4ra glastrof\u00e9er"},"content":{"rendered":"<p>Bel\u00f6na enast\u00e5ende prestationer och milstolpar med en premiumutm\u00e4rkelse. V\u00e5r runda glastrof\u00e9 erbjuder en modern och elegant l\u00f6sning f\u00f6r f\u00f6retagserk\u00e4nnande, s\u00e4ljkickoffs och teamframg\u00e5ngar.<\/p>\n<p>Denna trof\u00e9 \u00e4r tillverkad av tjockt, h\u00f6gkvalitativt glas och har en tidl\u00f6s cirkul\u00e4r plakettdesign placerad p\u00e5 en stabil fyrkantig bas. Vikten p\u00e5 400 gram ger den en rej\u00e4l och v\u00e4rdefull k\u00e4nsla, perfekt f\u00f6r visning. Den \u00e4r speciellt konstruerad f\u00f6r lasertryck (gravering), vilket m\u00f6jligg\u00f6r skarp och exakt anpassning av din logotyp, text och prisdetaljer. Varje trof\u00e9 presenteras i sitt eget individuella skyddsfodral, vilket s\u00e4kerst\u00e4ller att den anl\u00e4nder s\u00e4kert och \u00e4r redo f\u00f6r presentation.<\/p>\n<p><b>Viktiga funktioner:<\/b><\/p>\n<ul>\n<li><b>Premiumglaskonstruktion:<\/b> Tjockt, tungt glas (400 gr) f\u00f6r ett h\u00f6gt upplevt v\u00e4rde.<\/li>\n<li><b>Optimerad f\u00f6r lasergravering:<\/b> Specialdesignad yta f\u00f6r skarpa, detaljerade lasertryckta logotyper och text.<\/li>\n<li><b>Elegant cirkul\u00e4r design:<\/b> En modern rund plakett (10 cm) p\u00e5 en solid fyrkantig bas (6 cm).<\/li>\n<li><b>Presentationsklar:<\/b> Varje utm\u00e4rkelse levereras i ett individuellt skyddande fodral f\u00f6r s\u00e4ker hantering och presentation.<\/li>\n<\/ul>","protected":false},"excerpt":{"rendered":"<ul>\n<li>Premium rund glastrof\u00e9 p\u00e5 en solid fyrkantig bas.<\/li>\n<li>Speciellt utformad f\u00f6r h\u00f6gprecisionslasergravering.<\/li>\n<li>Perfekt f\u00f6r f\u00f6retagserk\u00e4nnande, f\u00f6rs\u00e4ljningsutm\u00e4rkelser och evenemang.<\/li>\n<li>Levereras i ett individuellt skyddsfodral f\u00f6r s\u00e4ker transport.<\/li>\n<\/ul>","protected":false},"featured_media":6535,"comment_status":"closed","ping_status":"closed","template":"","meta":[],"product_brand":[],"product_cat":[79],"product_tag":[],"class_list":{"0":"post-5296","1":"product","2":"type-product","3":"status-publish","4":"has-post-thumbnail","6":"product_cat-awards","8":"first","9":"instock","10":"shipping-taxable","11":"purchasable","12":"product-type-simple"},"_links":{"self":[{"href":"https:\/\/displayproducts.eu\/sv\/wp-json\/wp\/v2\/product\/5296","targetHints":{"allow":["GET"]}}],"collection":[{"href":"https:\/\/displayproducts.eu\/sv\/wp-json\/wp\/v2\/product"}],"about":[{"href":"https:\/\/displayproducts.eu\/sv\/wp-json\/wp\/v2\/types\/product"}],"replies":[{"embeddable":true,"href":"https:\/\/displayproducts.eu\/sv\/wp-json\/wp\/v2\/comments?post=5296"}],"wp:featuredmedia":[{"embeddable":true,"href":"https:\/\/displayproducts.eu\/sv\/wp-json\/wp\/v2\/media\/6535"}],"wp:attachment":[{"href":"https:\/\/displayproducts.eu\/sv\/wp-json\/wp\/v2\/media?parent=5296"}],"wp:term":[{"taxonomy":"product_brand","embeddable":true,"href":"https:\/\/displayproducts.eu\/sv\/wp-json\/wp\/v2\/product_brand?post=5296"},{"taxonomy":"product_cat","embeddable":true,"href":"https:\/\/displayproducts.eu\/sv\/wp-json\/wp\/v2\/product_cat?post=5296"},{"taxonomy":"product_tag","embeddable":true,"href":"https:\/\/displayproducts.eu\/sv\/wp-json\/wp\/v2\/product_tag?post=5296"}],"curies":[{"name":"wp","href":"https:\/\/api.w.org\/{rel}","templated":true}]}}