{"id":5292,"date":"2025-10-24T12:42:32","date_gmt":"2025-10-24T09:42:32","guid":{"rendered":"https:\/\/wristbandfactory.eu\/?post_type=product&#038;p=5292"},"modified":"2026-04-01T21:52:35","modified_gmt":"2026-04-01T18:52:35","slug":"window-name-badges-with-clip-and-pin","status":"publish","type":"product","link":"https:\/\/displayproducts.eu\/sv\/p\/window-name-badges-with-clip-and-pin\/","title":{"rendered":"F\u00f6nsternamnskyltar med kl\u00e4mma och n\u00e5l"},"content":{"rendered":"<p>Ge tydlig och professionell identifiering f\u00f6r ditt team, konferensdeltagare eller evenemangspersonal med dessa \u00e5teranv\u00e4ndbara namnskyltar i f\u00f6nster. Dessa namnskyltar har en ren, modern design med en gl\u00e4nsande finish, vilket ger ett polerat utseende f\u00f6r alla f\u00f6retagsmilj\u00f6er.<\/p>\n<p>F\u00f6nster\u00f6ppningen p\u00e5 framsidan m\u00f6jligg\u00f6r snabbt byte av tryckta visitkort, vilket g\u00f6r dem till en kostnadseffektiv och flexibel l\u00f6sning f\u00f6r bes\u00f6kshantering, tillf\u00e4llig personal eller \u00e5terkommande evenemang. Baksidan av visitkortsskylten \u00e4r utrustad med ett robust dubbelt f\u00e4stsystem. Denna dubbla f\u00e4stanordning, med b\u00e5de ett metallkl\u00e4mma och en s\u00e4kerhetsn\u00e5l, s\u00e4kerst\u00e4ller en s\u00e4ker och stabil justering p\u00e5 alla typer av kl\u00e4der, fr\u00e5n kavajer till uniformer.<\/p>\n<p><b>Viktiga funktioner:<\/b><\/p>\n<ul>\n<li><b>\u00c5teranv\u00e4ndbar f\u00f6nsterdesign:<\/b> M\u00f6jligg\u00f6r snabbt och enkelt byte av namninsatser.<\/li>\n<li><b>Dubbelt f\u00e4stsystem:<\/b> Utrustad med b\u00e5de ett metallkl\u00e4mma och en s\u00e4kerhetsn\u00e5l f\u00f6r s\u00e4ker och m\u00e5ngsidig fasts\u00e4ttning.<\/li>\n<li><b>Professionell gl\u00e4nsande finish:<\/b> Ger ett modernt, elegant utseende som passar f\u00f6r f\u00f6retagsmilj\u00f6er.<\/li>\n<li><b>Kompakta m\u00e5tt:<\/b> M\u00e5tt 6,8 x 3,4 cm f\u00f6r tydlig sikt utan att vara otymplig.<\/li>\n<\/ul>","protected":false},"excerpt":{"rendered":"<ul>\n<li>Professionell gl\u00e4nsande finish f\u00f6r ett modernt f\u00f6retagsutseende.<\/li>\n<li>M\u00e5ngsidig dubbelf\u00e4ste: har b\u00e5de ett metallkl\u00e4mma och en s\u00e4kerhetsn\u00e5l.<\/li>\n<li>\u00c5teranv\u00e4ndbar f\u00f6nsterdesign f\u00f6r enkel ins\u00e4ttning av visitkort.<\/li>\n<li>Perfekt f\u00f6r storf\u00e5 offert f\u00f6r evenemang, personal och m\u00e4ssor.<\/li>\n<\/ul>","protected":false},"featured_media":5293,"comment_status":"closed","ping_status":"closed","template":"","meta":[],"product_brand":[],"product_cat":[91],"product_tag":[],"class_list":{"0":"post-5292","1":"product","2":"type-product","3":"status-publish","4":"has-post-thumbnail","6":"product_cat-badge-holders","8":"first","9":"instock","10":"shipping-taxable","11":"purchasable","12":"product-type-simple"},"_links":{"self":[{"href":"https:\/\/displayproducts.eu\/sv\/wp-json\/wp\/v2\/product\/5292","targetHints":{"allow":["GET"]}}],"collection":[{"href":"https:\/\/displayproducts.eu\/sv\/wp-json\/wp\/v2\/product"}],"about":[{"href":"https:\/\/displayproducts.eu\/sv\/wp-json\/wp\/v2\/types\/product"}],"replies":[{"embeddable":true,"href":"https:\/\/displayproducts.eu\/sv\/wp-json\/wp\/v2\/comments?post=5292"}],"wp:featuredmedia":[{"embeddable":true,"href":"https:\/\/displayproducts.eu\/sv\/wp-json\/wp\/v2\/media\/5293"}],"wp:attachment":[{"href":"https:\/\/displayproducts.eu\/sv\/wp-json\/wp\/v2\/media?parent=5292"}],"wp:term":[{"taxonomy":"product_brand","embeddable":true,"href":"https:\/\/displayproducts.eu\/sv\/wp-json\/wp\/v2\/product_brand?post=5292"},{"taxonomy":"product_cat","embeddable":true,"href":"https:\/\/displayproducts.eu\/sv\/wp-json\/wp\/v2\/product_cat?post=5292"},{"taxonomy":"product_tag","embeddable":true,"href":"https:\/\/displayproducts.eu\/sv\/wp-json\/wp\/v2\/product_tag?post=5292"}],"curies":[{"name":"wp","href":"https:\/\/api.w.org\/{rel}","templated":true}]}}