{"id":5288,"date":"2025-10-24T12:36:41","date_gmt":"2025-10-24T09:36:41","guid":{"rendered":"https:\/\/wristbandfactory.eu\/?post_type=product&#038;p=5288"},"modified":"2026-04-01T21:52:35","modified_gmt":"2026-04-01T18:52:35","slug":"aluminium-name-badges-with-clip-and-pin","status":"publish","type":"product","link":"https:\/\/displayproducts.eu\/sv\/p\/aluminium-name-badges-with-clip-and-pin\/","title":{"rendered":"Namnskyltar i aluminium med kl\u00e4mma och n\u00e5l"},"content":{"rendered":"<p>S\u00e4kerst\u00e4ll professionell och konsekvent personalidentifiering p\u00e5 f\u00f6retagsevenemang, m\u00e4ssor och p\u00e5 kontoret med dessa \u00e5teranv\u00e4ndbara namnskyltar i aluminium. Den eleganta, anodiserade aluminiumramen ger en h\u00e5llbar och premiumfinish som f\u00f6rst\u00e4rker ditt f\u00f6retags image.<\/p>\n<p>Dessa namnskyltar \u00e4r utformade f\u00f6r flexibilitet och m\u00f6jligg\u00f6r snabbt och enkelt byte av pappersinl\u00e4gg, vilket g\u00f6r dem perfekta f\u00f6r tillf\u00e4llig personal, konferensdeltagare eller f\u00f6retag med h\u00f6g personaloms\u00e4ttning. Baksidan har en robust, dubbelfunktionell f\u00e4stanordning med b\u00e5de ett kl\u00e4mma och en n\u00e5l, vilket ger anv\u00e4ndarna valet av hur de s\u00e4kert ska f\u00e4sta m\u00e4rket p\u00e5 vilket plagg som helst. Denna m\u00e5ngsidiga och kostnadseffektiva l\u00f6sning finns tillg\u00e4nglig i bulk f\u00f6r alla dina identifieringsbehov.<\/p>\n<p><b>Viktiga funktioner:<\/b><\/p>\n<ul>\n<li><b>H\u00e5llbar aluminiumram:<\/b> Har en h\u00f6gkvalitativ anodiserad finish f\u00f6r ett professionellt och l\u00e5ngvarigt utseende.<\/li>\n<li><b>Dubbelt f\u00e4stsystem:<\/b> Inkluderar b\u00e5de ett kl\u00e4mma och en n\u00e5l p\u00e5 baksidan f\u00f6r m\u00e5ngsidig och s\u00e4ker fasts\u00e4ttning p\u00e5 alla kl\u00e4der.<\/li>\n<li><b>\u00c5teranv\u00e4ndbar och kostnadseffektiv:<\/b> Utformad f\u00f6r att h\u00e5lla vanliga pappersinl\u00e4gg (ing\u00e5r ej), vilket m\u00f6jligg\u00f6r otryckta uppdateringar f\u00f6r ny personal eller evenemang.<\/li>\n<li><b>Eleganta m\u00e5tt:<\/b> M\u00e5tten \u00e4r 70 x 25 mm, vilket ger en tydlig och synlig namnmarkering utan att vara p\u00e5tr\u00e4ngande.<\/li>\n<\/ul>","protected":false},"excerpt":{"rendered":"<ul>\n<li>Professionell anodiserad aluminiumram f\u00f6r ett exklusivt utseende.<\/li>\n<li>M\u00e5ngsidig dubbelkl\u00e4mma och stiftf\u00e4ste f\u00f6r s\u00e4ker fasts\u00e4ttning.<\/li>\n<li>\u00c5teranv\u00e4ndbar design: skriv enkelt ut och s\u00e4tt i nya visitkort.<\/li>\n<li>Perfekt f\u00f6r bulkbest\u00e4llningar f\u00f6r f\u00f6retagspersonal, evenemang och m\u00e4ssor.<\/li>\n<\/ul>","protected":false},"featured_media":5289,"comment_status":"closed","ping_status":"closed","template":"","meta":[],"product_brand":[],"product_cat":[91],"product_tag":[],"class_list":{"0":"post-5288","1":"product","2":"type-product","3":"status-publish","4":"has-post-thumbnail","6":"product_cat-badge-holders","8":"first","9":"instock","10":"shipping-taxable","11":"purchasable","12":"product-type-simple"},"_links":{"self":[{"href":"https:\/\/displayproducts.eu\/sv\/wp-json\/wp\/v2\/product\/5288","targetHints":{"allow":["GET"]}}],"collection":[{"href":"https:\/\/displayproducts.eu\/sv\/wp-json\/wp\/v2\/product"}],"about":[{"href":"https:\/\/displayproducts.eu\/sv\/wp-json\/wp\/v2\/types\/product"}],"replies":[{"embeddable":true,"href":"https:\/\/displayproducts.eu\/sv\/wp-json\/wp\/v2\/comments?post=5288"}],"wp:featuredmedia":[{"embeddable":true,"href":"https:\/\/displayproducts.eu\/sv\/wp-json\/wp\/v2\/media\/5289"}],"wp:attachment":[{"href":"https:\/\/displayproducts.eu\/sv\/wp-json\/wp\/v2\/media?parent=5288"}],"wp:term":[{"taxonomy":"product_brand","embeddable":true,"href":"https:\/\/displayproducts.eu\/sv\/wp-json\/wp\/v2\/product_brand?post=5288"},{"taxonomy":"product_cat","embeddable":true,"href":"https:\/\/displayproducts.eu\/sv\/wp-json\/wp\/v2\/product_cat?post=5288"},{"taxonomy":"product_tag","embeddable":true,"href":"https:\/\/displayproducts.eu\/sv\/wp-json\/wp\/v2\/product_tag?post=5288"}],"curies":[{"name":"wp","href":"https:\/\/api.w.org\/{rel}","templated":true}]}}