{"id":5279,"date":"2025-10-23T23:25:16","date_gmt":"2025-10-23T20:25:16","guid":{"rendered":"https:\/\/wristbandfactory.eu\/?post_type=product&#038;p=5279"},"modified":"2026-04-01T21:52:35","modified_gmt":"2026-04-01T18:52:35","slug":"extendable-id-holder-with-carabiner","status":"publish","type":"product","link":"https:\/\/displayproducts.eu\/sv\/p\/extendable-id-holder-with-carabiner\/","title":{"rendered":"Utdragbar ID-h\u00e5llare med karbinhake"},"content":{"rendered":"<p>Effektivisera \u00e5tkomstkontrollen och f\u00f6rb\u00e4ttra s\u00e4kerheten p\u00e5 din arbetsplats, konferens eller m\u00e4ssa. V\u00e5r utdragbara ID-h\u00e5llare s\u00e4kerst\u00e4ller att inloggningsuppgifter alltid finns till hands utan att vara i v\u00e4gen, vilket ger en professionell l\u00f6sning f\u00f6r personal och deltagare.<\/p>\n<p>Denna h\u00e5llare har en sober, funktionell design med en stark metallkarbinhake som f\u00e4sts s\u00e4kert p\u00e5 b\u00e4ltesh\u00e4llor, nyckelband eller v\u00e4skor. Den 75 cm utdragbara mekanismen m\u00f6jligg\u00f6r smidig indragning, vilket g\u00f6r det enkelt att skanna ID-kort vid \u00e5tkomstpunkter.<\/p>\n<p>En knappst\u00e4ngning s\u00e4krar ID-korts- eller korth\u00e5llaren. Med en gener\u00f6s tryckyta p\u00e5 20 x 20 mm \u00e4r denna ID-h\u00e5llare perfekt f\u00f6r att anpassa med din f\u00f6retagslogotyp via tampongtryck (upp till 4 f\u00e4rger), vilket f\u00f6rst\u00e4rker varum\u00e4rkesidentiteten vid alla f\u00f6retagsevenemang.<\/p>\n<p><b>Viktiga funktioner:<\/b><\/p>\n<ul>\n<li>Utdragbar mekanism upp till 75 cm<\/li>\n<li>Slitstarkt karbinhakekl\u00e4mma i metall<\/li>\n<li>S\u00e4ker knappst\u00e4ngning f\u00f6r ID-f\u00e4ste<\/li>\n<li>Brett utskriftsomr\u00e5de (20 x 20 mm)<\/li>\n<li>Idealisk f\u00f6r tampongtryck (upp till 4 f\u00e4rger)<\/li>\n<\/ul>","protected":false},"excerpt":{"rendered":"<ul>\n<li>F\u00f6rvarar personalens ID-kort s\u00e4kert och l\u00e4ttillg\u00e4ngligt.<\/li>\n<li>Har en slitstark metallkarbinhake f\u00f6r enkel fasts\u00e4ttning p\u00e5 b\u00e4lten eller v\u00e4skor.<\/li>\n<li>75 cm utdragbar sladdmekanism f\u00f6r snabb skanning av namnskyltar.<\/li>\n<li>Bred yta p\u00e5 20\u00d720 mm f\u00f6r tampongtryck av din logotyp.<\/li>\n<\/ul>","protected":false},"featured_media":5280,"comment_status":"closed","ping_status":"closed","template":"","meta":[],"product_brand":[],"product_cat":[91],"product_tag":[],"class_list":{"0":"post-5279","1":"product","2":"type-product","3":"status-publish","4":"has-post-thumbnail","6":"product_cat-badge-holders","8":"first","9":"instock","10":"shipping-taxable","11":"purchasable","12":"product-type-simple"},"_links":{"self":[{"href":"https:\/\/displayproducts.eu\/sv\/wp-json\/wp\/v2\/product\/5279","targetHints":{"allow":["GET"]}}],"collection":[{"href":"https:\/\/displayproducts.eu\/sv\/wp-json\/wp\/v2\/product"}],"about":[{"href":"https:\/\/displayproducts.eu\/sv\/wp-json\/wp\/v2\/types\/product"}],"replies":[{"embeddable":true,"href":"https:\/\/displayproducts.eu\/sv\/wp-json\/wp\/v2\/comments?post=5279"}],"wp:featuredmedia":[{"embeddable":true,"href":"https:\/\/displayproducts.eu\/sv\/wp-json\/wp\/v2\/media\/5280"}],"wp:attachment":[{"href":"https:\/\/displayproducts.eu\/sv\/wp-json\/wp\/v2\/media?parent=5279"}],"wp:term":[{"taxonomy":"product_brand","embeddable":true,"href":"https:\/\/displayproducts.eu\/sv\/wp-json\/wp\/v2\/product_brand?post=5279"},{"taxonomy":"product_cat","embeddable":true,"href":"https:\/\/displayproducts.eu\/sv\/wp-json\/wp\/v2\/product_cat?post=5279"},{"taxonomy":"product_tag","embeddable":true,"href":"https:\/\/displayproducts.eu\/sv\/wp-json\/wp\/v2\/product_tag?post=5279"}],"curies":[{"name":"wp","href":"https:\/\/api.w.org\/{rel}","templated":true}]}}