{"id":5272,"date":"2025-10-23T23:21:35","date_gmt":"2025-10-23T20:21:35","guid":{"rendered":"https:\/\/wristbandfactory.eu\/?post_type=product&#038;p=5272"},"modified":"2026-04-01T21:52:03","modified_gmt":"2026-04-01T18:52:03","slug":"promotional-hand-clappers","status":"publish","type":"product","link":"https:\/\/displayproducts.eu\/sv\/p\/promotional-hand-clappers\/","title":{"rendered":"Reklamhandklappare"},"content":{"rendered":"<p>Se till att ditt varum\u00e4rke sticker ut p\u00e5 alla arenor eller f\u00f6retagsevenemang med v\u00e5ra reklamhandklappare. Denna &quot;Maracan\u00e1&quot;-design \u00e4r konstruerad f\u00f6r att skapa b\u00e5de h\u00f6rbart och visuellt engagemang, vilket l\u00f6ser problemet med passiva evenemangsgiveaways.<\/p>\n<p>Denna handformade klapp \u00e4r ett roligt och interaktivt s\u00e4tt f\u00f6r deltagarna att visa st\u00f6d och g\u00f6ra ljud. Den finns i en m\u00e4ngd olika ljusa toner och \u00e4r tillverkad f\u00f6r att vara l\u00e4tt (20 g) och i perfekt storlek (8,5 x 18,5 x 2 cm) f\u00f6r enkel hantering av stora folkmassor. De \u00e4r ett utm\u00e4rkt och prisv\u00e4rt val f\u00f6r bulkdistribution p\u00e5 festivaler, m\u00e4ssor eller sportt\u00e4vlingar f\u00f6r att maximera varum\u00e4rkesp\u00e5verkan.<\/p>\n<p><b>Viktiga funktioner:<\/b><\/p>\n<ul>\n<li>Handformad klapp f\u00f6r h\u00f6rbart publikengagemang<\/li>\n<li>\u201c&quot;Maracan\u00e1&quot;-design f\u00f6r sport- och evenemangsteman<\/li>\n<li>Finns i olika ljusa, h\u00f6gsynliga toner<\/li>\n<li>L\u00e4tt och kompakt: 8,5 x 18,5 x 2 cm, 20 g<\/li>\n<li>Perfekt f\u00f6r stora reklamutdelningar<\/li>\n<\/ul>","protected":false},"excerpt":{"rendered":"<ul>\n<li>Generera publikljud och varum\u00e4rkessynlighet vid sportevenemang eller m\u00f6ten.<\/li>\n<li>Har en rolig, ljust tonad &quot;Maracan\u00e1&quot;-handdesign.<\/li>\n<li>L\u00e4tt (20 gr) och kompakt (18,5 cm) f\u00f6r enkel viktf\u00f6rdelning.<\/li>\n<li>En idealisk prisv\u00e4rd och effektfull reklamprodukt f\u00f6r bulkbest\u00e4llningar.<\/li>\n<\/ul>","protected":false},"featured_media":6584,"comment_status":"closed","ping_status":"closed","template":"","meta":[],"product_brand":[],"product_cat":[123],"product_tag":[],"class_list":{"0":"post-5272","1":"product","2":"type-product","3":"status-publish","4":"has-post-thumbnail","6":"product_cat-fan-cheering-items","8":"first","9":"instock","10":"shipping-taxable","11":"purchasable","12":"product-type-simple"},"_links":{"self":[{"href":"https:\/\/displayproducts.eu\/sv\/wp-json\/wp\/v2\/product\/5272","targetHints":{"allow":["GET"]}}],"collection":[{"href":"https:\/\/displayproducts.eu\/sv\/wp-json\/wp\/v2\/product"}],"about":[{"href":"https:\/\/displayproducts.eu\/sv\/wp-json\/wp\/v2\/types\/product"}],"replies":[{"embeddable":true,"href":"https:\/\/displayproducts.eu\/sv\/wp-json\/wp\/v2\/comments?post=5272"}],"wp:featuredmedia":[{"embeddable":true,"href":"https:\/\/displayproducts.eu\/sv\/wp-json\/wp\/v2\/media\/6584"}],"wp:attachment":[{"href":"https:\/\/displayproducts.eu\/sv\/wp-json\/wp\/v2\/media?parent=5272"}],"wp:term":[{"taxonomy":"product_brand","embeddable":true,"href":"https:\/\/displayproducts.eu\/sv\/wp-json\/wp\/v2\/product_brand?post=5272"},{"taxonomy":"product_cat","embeddable":true,"href":"https:\/\/displayproducts.eu\/sv\/wp-json\/wp\/v2\/product_cat?post=5272"},{"taxonomy":"product_tag","embeddable":true,"href":"https:\/\/displayproducts.eu\/sv\/wp-json\/wp\/v2\/product_tag?post=5272"}],"curies":[{"name":"wp","href":"https:\/\/api.w.org\/{rel}","templated":true}]}}