{"id":5265,"date":"2025-10-23T23:14:21","date_gmt":"2025-10-23T20:14:21","guid":{"rendered":"https:\/\/wristbandfactory.eu\/?post_type=product&#038;p=5265"},"modified":"2026-04-01T21:52:04","modified_gmt":"2026-04-01T18:52:04","slug":"inflatable-victory-hand-reusable","status":"publish","type":"product","link":"https:\/\/displayproducts.eu\/sv\/p\/inflatable-victory-hand-reusable\/","title":{"rendered":"Uppbl\u00e5sbar segerhand (\u00e5teranv\u00e4ndbar)"},"content":{"rendered":"<p>F\u00e5 ditt varum\u00e4rke synligt och ditt budskap h\u00f6rt med v\u00e5r uppbl\u00e5sbara segerhand. Detta engagerande marknadsf\u00f6ringsverktyg \u00e4r perfekt f\u00f6r att ge energi \u00e5t publiken p\u00e5 sportevenemang, teambuilding-evenemang f\u00f6r f\u00f6retag eller storskaliga m\u00e4ssor. Se till att ditt varum\u00e4rke st\u00e5r i centrum f\u00f6r firandet.<\/p>\n<p>Tillverkad av slitstarkt, f\u00e4rgglatt LDPE-material \u00e4r denna jublande hand byggd f\u00f6r att h\u00e5lla genom alla evenemang. Till skillnad fr\u00e5n eng\u00e5ngsartiklar \u00e4r den helt \u00e5teranv\u00e4ndbar och inkluderar en praktisk uppbl\u00e5sningsventil, vilket ger l\u00e5ngvarig varum\u00e4rkesexponering. Det \u00e4r en l\u00e4tt och synlig produkt som \u00e4r perfekt f\u00f6r bulkdistribution f\u00f6r att maximera publikens engagemang.<\/p>\n<p><b>Viktiga funktioner:<\/b><\/p>\n<ul>\n<li>Slitstarkt, f\u00e4rgglatt LDPE-material<\/li>\n<li>Ikonisk &quot;Victory&quot;-handform<\/li>\n<li>Helt \u00e5teranv\u00e4ndbar f\u00f6r l\u00e5ngvarig marknadsf\u00f6ring<\/li>\n<li>Inkluderar en praktisk uppbl\u00e5sningsventil<\/li>\n<\/ul>","protected":false},"excerpt":{"rendered":"<ul>\n<li>F\u00f6rst\u00e4rk ditt varum\u00e4rke p\u00e5 sportevenemang, m\u00e4ssor och m\u00f6ten.<\/li>\n<li>Tillverkad av slitstarkt och \u00e5teranv\u00e4ndbart LDPE-material.<\/li>\n<li>Har en l\u00e4ttanv\u00e4nd uppbl\u00e5sningsventil.<\/li>\n<li>Perfekt f\u00f6r bulkbest\u00e4llningar f\u00f6r att maximera publikdeltagande och varum\u00e4rkessynlighet.<\/li>\n<\/ul>\n<p>&nbsp;<\/p>","protected":false},"featured_media":6529,"comment_status":"closed","ping_status":"closed","template":"","meta":[],"product_brand":[],"product_cat":[123],"product_tag":[],"class_list":{"0":"post-5265","1":"product","2":"type-product","3":"status-publish","4":"has-post-thumbnail","6":"product_cat-fan-cheering-items","8":"first","9":"instock","10":"shipping-taxable","11":"purchasable","12":"product-type-simple"},"_links":{"self":[{"href":"https:\/\/displayproducts.eu\/sv\/wp-json\/wp\/v2\/product\/5265","targetHints":{"allow":["GET"]}}],"collection":[{"href":"https:\/\/displayproducts.eu\/sv\/wp-json\/wp\/v2\/product"}],"about":[{"href":"https:\/\/displayproducts.eu\/sv\/wp-json\/wp\/v2\/types\/product"}],"replies":[{"embeddable":true,"href":"https:\/\/displayproducts.eu\/sv\/wp-json\/wp\/v2\/comments?post=5265"}],"wp:featuredmedia":[{"embeddable":true,"href":"https:\/\/displayproducts.eu\/sv\/wp-json\/wp\/v2\/media\/6529"}],"wp:attachment":[{"href":"https:\/\/displayproducts.eu\/sv\/wp-json\/wp\/v2\/media?parent=5265"}],"wp:term":[{"taxonomy":"product_brand","embeddable":true,"href":"https:\/\/displayproducts.eu\/sv\/wp-json\/wp\/v2\/product_brand?post=5265"},{"taxonomy":"product_cat","embeddable":true,"href":"https:\/\/displayproducts.eu\/sv\/wp-json\/wp\/v2\/product_cat?post=5265"},{"taxonomy":"product_tag","embeddable":true,"href":"https:\/\/displayproducts.eu\/sv\/wp-json\/wp\/v2\/product_tag?post=5265"}],"curies":[{"name":"wp","href":"https:\/\/api.w.org\/{rel}","templated":true}]}}