{"id":5260,"date":"2025-10-23T23:07:40","date_gmt":"2025-10-23T20:07:40","guid":{"rendered":"https:\/\/wristbandfactory.eu\/?post_type=product&#038;p=5260"},"modified":"2026-04-01T21:52:04","modified_gmt":"2026-04-01T18:52:04","slug":"promotional-hawaiian-necklaces-polyester","status":"publish","type":"product","link":"https:\/\/displayproducts.eu\/sv\/p\/promotional-hawaiian-necklaces-polyester\/","title":{"rendered":"Hawaiianska reklamArmbindlar (polyester)"},"content":{"rendered":"<p>G\u00e5 bortom vanliga evenemangsaccessoarer med v\u00e5ra Hawaiianska reklamArmbindlar. Dessa polyesterlejar \u00e4r den perfekta och prisv\u00e4rda l\u00f6sningen f\u00f6r att ge sommarkampanjer, festivaler eller f\u00f6retagsevenemang med tropiskt tema en livfull och temainriktad varum\u00e4rkesprofil, vilket s\u00e4kerst\u00e4ller att ditt evenemang blir minnesv\u00e4rt.<\/p>\n<p>Varje lei \u00e4r utformad f\u00f6r komfort och h\u00f6g synlighet och tillverkad av mjukt, l\u00e4tt polyestermaterial. Den slitstarka, flerf\u00e4rgade regnb\u00e5gsdesignen ger ett festligt utseende som inte tynger ner g\u00e4sterna. De \u00e4r ett perfekt val f\u00f6r evenemangsarrang\u00f6rer som beh\u00f6ver stora m\u00e4ngder tematillbeh\u00f6r f\u00f6r strandfester, m\u00e4ssor eller storskaliga fester.<\/p>\n<p><b>Viktiga funktioner:<\/b><\/p>\n<ul>\n<li>Tillverkad av mjukt, l\u00e4tt polyestermaterial<\/li>\n<li>Livfull, flerf\u00e4rgad regnb\u00e5gsblomdesign<\/li>\n<li>Bekv\u00e4m f\u00f6r anv\u00e4ndning hela dagen p\u00e5 evenemang<\/li>\n<li>Perfekt f\u00f6r temafester, festivaler och kampanjer<\/li>\n<li>Levereras i bulk f\u00f6r stora best\u00e4llningar<\/li>\n<\/ul>\n<p>&nbsp;<\/p>","protected":false},"excerpt":{"rendered":"<ul>\n<li>Lys upp f\u00f6retagsfester, m\u00e4ssor eller festivaler direkt.<\/li>\n<li>Har en livfull, flerf\u00e4rgad regnb\u00e5gsf\u00e4rgad blomdesign i polyester.<\/li>\n<li>L\u00e4tt och bekv\u00e4m f\u00f6r hela dagens anv\u00e4ndning av deltagare.<\/li>\n<li>Finns i stora m\u00e4ngder f\u00f6r st\u00f6rre evenemang.<\/li>\n<li style=\"list-style-type: none;\"><\/li>\n<\/ul>","protected":false},"featured_media":6663,"comment_status":"closed","ping_status":"closed","template":"","meta":[],"product_brand":[],"product_cat":[129,120],"product_tag":[],"class_list":{"0":"post-5260","1":"product","2":"type-product","3":"status-publish","4":"has-post-thumbnail","6":"product_cat-leisure-lifestyle","7":"product_cat-themed-necklaces","9":"first","10":"instock","11":"shipping-taxable","12":"purchasable","13":"product-type-simple"},"_links":{"self":[{"href":"https:\/\/displayproducts.eu\/sv\/wp-json\/wp\/v2\/product\/5260","targetHints":{"allow":["GET"]}}],"collection":[{"href":"https:\/\/displayproducts.eu\/sv\/wp-json\/wp\/v2\/product"}],"about":[{"href":"https:\/\/displayproducts.eu\/sv\/wp-json\/wp\/v2\/types\/product"}],"replies":[{"embeddable":true,"href":"https:\/\/displayproducts.eu\/sv\/wp-json\/wp\/v2\/comments?post=5260"}],"wp:featuredmedia":[{"embeddable":true,"href":"https:\/\/displayproducts.eu\/sv\/wp-json\/wp\/v2\/media\/6663"}],"wp:attachment":[{"href":"https:\/\/displayproducts.eu\/sv\/wp-json\/wp\/v2\/media?parent=5260"}],"wp:term":[{"taxonomy":"product_brand","embeddable":true,"href":"https:\/\/displayproducts.eu\/sv\/wp-json\/wp\/v2\/product_brand?post=5260"},{"taxonomy":"product_cat","embeddable":true,"href":"https:\/\/displayproducts.eu\/sv\/wp-json\/wp\/v2\/product_cat?post=5260"},{"taxonomy":"product_tag","embeddable":true,"href":"https:\/\/displayproducts.eu\/sv\/wp-json\/wp\/v2\/product_tag?post=5260"}],"curies":[{"name":"wp","href":"https:\/\/api.w.org\/{rel}","templated":true}]}}