{"id":5256,"date":"2025-10-23T16:41:54","date_gmt":"2025-10-23T13:41:54","guid":{"rendered":"https:\/\/wristbandfactory.eu\/?post_type=product&#038;p=5256"},"modified":"2026-04-01T21:52:04","modified_gmt":"2026-04-01T18:52:04","slug":"led-promotional-coasters-3-mode","status":"publish","type":"product","link":"https:\/\/displayproducts.eu\/sv\/p\/led-promotional-coasters-3-mode\/","title":{"rendered":"LED-reklamunderl\u00e4gg (3 l\u00e4gen)"},"content":{"rendered":"<p>Vanliga underl\u00e4gg ignoreras l\u00e4tt. V\u00e5ra LED-reklamunderl\u00e4gg f\u00f6rvandlar varje bord till en upplyst reklam som f\u00e5ngar uppm\u00e4rksamhet p\u00e5 f\u00f6retagsgalor, m\u00e4ssor och sponsrade nattlivsevenemang.<\/p>\n<p>Dessa underl\u00e4gg \u00e4r tillverkade av slitstark akryl och har 6 ljusa flerf\u00e4rgade lysdioder. En enkel knapp p\u00e5 basen v\u00e4xlar mellan tre distinkta ljusl\u00e4gen: ett fast sken, en l\u00e5ngsam blinkning och en snabb blinkning, vilket s\u00e4kerst\u00e4ller att din personliga varum\u00e4rkesprofil f\u00f6rblir synlig.<\/p>\n<p>Varje underl\u00e4gg har en sj\u00e4lvh\u00e4ftande baksida, vilket g\u00f6r att det kan f\u00e4stas s\u00e4kert p\u00e5 botten av alla typer av glas eller flaskor. De levereras redo f\u00f6r omedelbar anv\u00e4ndning p\u00e5 ditt evenemang, inklusive tv\u00e5 knappcellsbatterier. Dessa lysande underl\u00e4gg \u00e4r idealiska f\u00f6r bulkdistribution f\u00f6r att \u00f6ka varum\u00e4rkets synlighet.<\/p>\n<p><b>Viktiga funktioner:<\/b><\/p>\n<ul>\n<li>6 flerf\u00e4rgade lysdioder f\u00f6r stark belysning<\/li>\n<li>3 ljusl\u00e4gen: fast, l\u00e5ngsam blixt och snabb blixt<\/li>\n<li>Sj\u00e4lvh\u00e4ftande baksida f\u00f6r enkel applicering p\u00e5 dryckesk\u00e4rl<\/li>\n<li>H\u00e5llbar akrylkonstruktion<\/li>\n<li>Styrs med en enkel knapp p\u00e5 basen<\/li>\n<li>Inkluderar 2x knappcellsbatterier<\/li>\n<\/ul>","protected":false},"excerpt":{"rendered":"<ul>\n<li>Lys upp ditt varum\u00e4rke vid produktlanseringar, m\u00e4ssor eller festivaler.<\/li>\n<li>Har 3 flerf\u00e4rgade ljusl\u00e4gen: fast, snabb blixt och l\u00e5ngsam blixt.<\/li>\n<li>Sj\u00e4lvh\u00e4ftande baksida f\u00e4sts direkt p\u00e5 undersidan av glas eller flaskor.<\/li>\n<li>Levereras klar att anv\u00e4nda med tv\u00e5 knappbatterier.<\/li>\n<\/ul>","protected":false},"featured_media":6543,"comment_status":"closed","ping_status":"closed","template":"","meta":[],"product_brand":[],"product_cat":[119],"product_tag":[],"class_list":{"0":"post-5256","1":"product","2":"type-product","3":"status-publish","4":"has-post-thumbnail","6":"product_cat-drinkware-accessories","8":"first","9":"instock","10":"shipping-taxable","11":"purchasable","12":"product-type-simple"},"_links":{"self":[{"href":"https:\/\/displayproducts.eu\/sv\/wp-json\/wp\/v2\/product\/5256","targetHints":{"allow":["GET"]}}],"collection":[{"href":"https:\/\/displayproducts.eu\/sv\/wp-json\/wp\/v2\/product"}],"about":[{"href":"https:\/\/displayproducts.eu\/sv\/wp-json\/wp\/v2\/types\/product"}],"replies":[{"embeddable":true,"href":"https:\/\/displayproducts.eu\/sv\/wp-json\/wp\/v2\/comments?post=5256"}],"wp:featuredmedia":[{"embeddable":true,"href":"https:\/\/displayproducts.eu\/sv\/wp-json\/wp\/v2\/media\/6543"}],"wp:attachment":[{"href":"https:\/\/displayproducts.eu\/sv\/wp-json\/wp\/v2\/media?parent=5256"}],"wp:term":[{"taxonomy":"product_brand","embeddable":true,"href":"https:\/\/displayproducts.eu\/sv\/wp-json\/wp\/v2\/product_brand?post=5256"},{"taxonomy":"product_cat","embeddable":true,"href":"https:\/\/displayproducts.eu\/sv\/wp-json\/wp\/v2\/product_cat?post=5256"},{"taxonomy":"product_tag","embeddable":true,"href":"https:\/\/displayproducts.eu\/sv\/wp-json\/wp\/v2\/product_tag?post=5256"}],"curies":[{"name":"wp","href":"https:\/\/api.w.org\/{rel}","templated":true}]}}