{"id":5254,"date":"2025-10-23T16:34:48","date_gmt":"2025-10-23T13:34:48","guid":{"rendered":"https:\/\/wristbandfactory.eu\/?post_type=product&#038;p=5254"},"modified":"2026-04-01T21:52:04","modified_gmt":"2026-04-01T18:52:04","slug":"promotional-led-event-cups-340ml","status":"publish","type":"product","link":"https:\/\/displayproducts.eu\/sv\/p\/promotional-led-event-cups-340ml\/","title":{"rendered":"LED-muggar f\u00f6r reklam\u00e4ndam\u00e5l (340 ml)"},"content":{"rendered":"<p>F\u00f6rh\u00f6j ditt n\u00e4sta f\u00f6retagsevenemang, festival eller produktlansering fr\u00e5n vanligt till of\u00f6rgl\u00f6mligt. V\u00e5ra LED-eventmuggar \u00e4r ett dynamiskt varum\u00e4rkesverktyg utformat f\u00f6r att f\u00e5nga uppm\u00e4rksamhet och belysa din logotyp, vilket s\u00e4kerst\u00e4ller att ditt varum\u00e4rke \u00e4r i centrum f\u00f6r firandet.<\/p>\n<p>Dessa 340 ml-muggar, tillverkade av slitstarkt PS-material, har inbyggda flerf\u00e4rgade LED-lampor som aktiveras med en enkel knapp p\u00e5 basen. V\u00e4lj mellan ett fast ljus eller ett blinkande l\u00e4ge f\u00f6r att matcha energin i ditt evenemang. De \u00e4r den perfekta reklamartikeln med h\u00f6g effekt f\u00f6r konserter, nattklubbar, m\u00e4ssor och privata fester, och erbjuder ett unikt s\u00e4tt att servera drycker och visa upp ditt varum\u00e4rke. Varje mugg levereras med batterier och \u00e4r individuellt f\u00f6rpackad i en kraftl\u00e5da, redo f\u00f6r distribution.<\/p>\n<p><b>Viktiga funktioner:<\/b><\/p>\n<ul>\n<li>Kapacitet: 340 ml<\/li>\n<li>Material: PS-plast<\/li>\n<li>Belysning: Flerf\u00e4rgade lysdioder med 2 l\u00e4gen (fast och blinkande)<\/li>\n<li>Aktivering: Knapp p\u00e5 basen<\/li>\n<li>Str\u00f6m: Knappbatterier ing\u00e5r<\/li>\n<li>F\u00f6rpackning: Individuellt f\u00f6rpackad i en kraftl\u00e5da<\/li>\n<\/ul>\n<p>&nbsp;<\/p>","protected":false},"excerpt":{"rendered":"<ul>\n<li>Lys upp ditt varum\u00e4rke p\u00e5 f\u00f6retagsevenemang och festivaler.<\/li>\n<li>Har fasta och blinkande flerf\u00e4rgade LED-l\u00e4gen.<\/li>\n<li>Slitstarkt PS-material (340 ml); batterier ing\u00e5r.<\/li>\n<li>Levereras i bulkf\u00f6rpackade individuella kraftf\u00f6rpackningar.<\/li>\n<\/ul>","protected":false},"featured_media":6590,"comment_status":"closed","ping_status":"closed","template":"","meta":[],"product_brand":[],"product_cat":[111],"product_tag":[],"class_list":{"0":"post-5254","1":"product","2":"type-product","3":"status-publish","4":"has-post-thumbnail","6":"product_cat-reusable-event-cups","8":"first","9":"instock","10":"shipping-taxable","11":"product-type-simple"},"_links":{"self":[{"href":"https:\/\/displayproducts.eu\/sv\/wp-json\/wp\/v2\/product\/5254","targetHints":{"allow":["GET"]}}],"collection":[{"href":"https:\/\/displayproducts.eu\/sv\/wp-json\/wp\/v2\/product"}],"about":[{"href":"https:\/\/displayproducts.eu\/sv\/wp-json\/wp\/v2\/types\/product"}],"replies":[{"embeddable":true,"href":"https:\/\/displayproducts.eu\/sv\/wp-json\/wp\/v2\/comments?post=5254"}],"wp:featuredmedia":[{"embeddable":true,"href":"https:\/\/displayproducts.eu\/sv\/wp-json\/wp\/v2\/media\/6590"}],"wp:attachment":[{"href":"https:\/\/displayproducts.eu\/sv\/wp-json\/wp\/v2\/media?parent=5254"}],"wp:term":[{"taxonomy":"product_brand","embeddable":true,"href":"https:\/\/displayproducts.eu\/sv\/wp-json\/wp\/v2\/product_brand?post=5254"},{"taxonomy":"product_cat","embeddable":true,"href":"https:\/\/displayproducts.eu\/sv\/wp-json\/wp\/v2\/product_cat?post=5254"},{"taxonomy":"product_tag","embeddable":true,"href":"https:\/\/displayproducts.eu\/sv\/wp-json\/wp\/v2\/product_tag?post=5254"}],"curies":[{"name":"wp","href":"https:\/\/api.w.org\/{rel}","templated":true}]}}