{"id":5252,"date":"2025-10-23T15:50:34","date_gmt":"2025-10-23T12:50:34","guid":{"rendered":"https:\/\/wristbandfactory.eu\/?post_type=product&#038;p=5252"},"modified":"2026-04-01T21:52:35","modified_gmt":"2026-04-01T18:52:35","slug":"vertical-pvc-id-holder","status":"publish","type":"product","link":"https:\/\/displayproducts.eu\/sv\/p\/vertical-pvc-id-holder\/","title":{"rendered":"Vertikal PVC-ID-h\u00e5llare"},"content":{"rendered":"<p>S\u00e4kerst\u00e4ll att varje deltagare, anst\u00e4lld och g\u00e4st \u00e4r tydligt identifierad med v\u00e5r vertikala PVC-ID-h\u00e5llare. Denna h\u00e5llare \u00e4r utformad f\u00f6r professionellt bruk p\u00e5 konferenser, m\u00e4ssor och i f\u00f6retagsmilj\u00f6er och erbjuder en h\u00e5llbar och praktisk l\u00f6sning f\u00f6r att visa upp passerkort och identifiering.<\/p>\n<p>Denna skylth\u00e5llare \u00e4r tillverkad av klar, slitstark PVC och skyddar identitetskort fr\u00e5n slitage samtidigt som den h\u00e5lls synliga. H\u00e5llarens ovansida \u00e4r f\u00f6rst\u00e4rkt f\u00f6r att t\u00e5la daglig anv\u00e4ndning, vilket f\u00f6rhindrar revor eller skador d\u00e4r nyckelbandet f\u00e4sts. Dess smarta design inkluderar flera perforeringar, vilket erbjuder flexibla f\u00e4stalternativ f\u00f6r b\u00e5de centrala och sidof\u00e4stande nyckelbandskl\u00e4mmor eller skyltrullar.<\/p>\n<p>Som en lagervara i bulk \u00e4r &quot;Skoll&quot; (Ref: 20639) ID-h\u00e5llaren det perfekta valet f\u00f6r evenemangsansvariga och inf\u00e5 offertare som beh\u00f6ver en p\u00e5litlig, kostnadseffektiv och snabbt drifts\u00e4ttbar l\u00f6sning f\u00f6r storskaliga m\u00e4rkningsbehov.<\/p>\n<p><b>Viktiga funktioner:<\/b><\/p>\n<ul>\n<li><b>Orientering:<\/b> Vertikal<\/li>\n<li><b>Material:<\/b> Klar, slitstark PVC<\/li>\n<li><b>Design:<\/b> F\u00f6rst\u00e4rkt ovansida f\u00f6r \u00f6kad h\u00e5llbarhet<\/li>\n<li><b>Kompatibilitet:<\/b> Multiperforerad f\u00f6r centrala och sidomonterade linor<\/li>\n<li><b>Anv\u00e4nda:<\/b> Perfekt f\u00f6r f\u00f6retags-ID, evenemangspass och passerkort<\/li>\n<\/ul>","protected":false},"excerpt":{"rendered":"<ul>\n<li>Slitstark, genomskinlig PVC-konstruktion f\u00f6r evenemang med h\u00f6g trafik.<\/li>\n<li>F\u00f6rst\u00e4rkt \u00f6vre kant f\u00f6rhindrar s\u00f6nderrivning och f\u00f6rlust av m\u00e4rket.<\/li>\n<li>M\u00e5ngsidiga platser som passar alla vanliga nyckelbandskl\u00e4mmor och namnskyltsrullar.<\/li>\n<li>En kostnadseffektiv l\u00f6sning f\u00f6r storskalig f\u00f6retags- och evenemangsidentifiering.<\/li>\n<\/ul>","protected":false},"featured_media":5253,"comment_status":"closed","ping_status":"closed","template":"","meta":[],"product_brand":[],"product_cat":[91],"product_tag":[],"class_list":{"0":"post-5252","1":"product","2":"type-product","3":"status-publish","4":"has-post-thumbnail","6":"product_cat-badge-holders","8":"first","9":"instock","10":"shipping-taxable","11":"purchasable","12":"product-type-simple"},"_links":{"self":[{"href":"https:\/\/displayproducts.eu\/sv\/wp-json\/wp\/v2\/product\/5252","targetHints":{"allow":["GET"]}}],"collection":[{"href":"https:\/\/displayproducts.eu\/sv\/wp-json\/wp\/v2\/product"}],"about":[{"href":"https:\/\/displayproducts.eu\/sv\/wp-json\/wp\/v2\/types\/product"}],"replies":[{"embeddable":true,"href":"https:\/\/displayproducts.eu\/sv\/wp-json\/wp\/v2\/comments?post=5252"}],"wp:featuredmedia":[{"embeddable":true,"href":"https:\/\/displayproducts.eu\/sv\/wp-json\/wp\/v2\/media\/5253"}],"wp:attachment":[{"href":"https:\/\/displayproducts.eu\/sv\/wp-json\/wp\/v2\/media?parent=5252"}],"wp:term":[{"taxonomy":"product_brand","embeddable":true,"href":"https:\/\/displayproducts.eu\/sv\/wp-json\/wp\/v2\/product_brand?post=5252"},{"taxonomy":"product_cat","embeddable":true,"href":"https:\/\/displayproducts.eu\/sv\/wp-json\/wp\/v2\/product_cat?post=5252"},{"taxonomy":"product_tag","embeddable":true,"href":"https:\/\/displayproducts.eu\/sv\/wp-json\/wp\/v2\/product_tag?post=5252"}],"curies":[{"name":"wp","href":"https:\/\/api.w.org\/{rel}","templated":true}]}}