{"id":5247,"date":"2025-10-22T14:14:30","date_gmt":"2025-10-22T11:14:30","guid":{"rendered":"https:\/\/wristbandfactory.eu\/?post_type=product&#038;p=5247"},"modified":"2026-04-01T21:52:35","modified_gmt":"2026-04-01T18:52:35","slug":"elastic-fabric-wristbands","status":"publish","type":"product","link":"https:\/\/displayproducts.eu\/sv\/p\/elastic-fabric-wristbands\/","title":{"rendered":"Elastiska textilarmband:"},"content":{"rendered":"<p data-path-to-node=\"8\">Erbjud dina deltagare ultimat bekv\u00e4mlighet och komfort med v\u00e5ra elastiska tygarmband. Tillverkade av ett premium, mjukt och t\u00f6jbart material, glider de helt enkelt \u00f6ver handen p\u00e5 handleden, vilket helt eliminerar behovet av plastl\u00e5s eller st\u00e4ngning.<\/p>\n<p data-path-to-node=\"9\">Denna &quot;one-size-fits-de flesta&quot;-design f\u00f6rotrycktar din best\u00e4llnings- och distributionsprocess, vilket g\u00f6r dem till den perfekta och problemfria l\u00f6sningen f\u00f6r f\u00f6retagskampanjer, varor och flerdagarsevenemang d\u00e4r komfort \u00e4r nyckeln.<\/p>\n<h3>Anpassad varum\u00e4rkesbyggande i fullf\u00e4rg<\/h3>\n<p data-path-to-node=\"11\">Hela bandet \u00e4r som en blank duk. Vi anv\u00e4nder sublimeringstryck med h\u00f6g uppl\u00f6sning fr\u00e5n kant till kant f\u00f6r att s\u00e4kerst\u00e4lla att ditt varum\u00e4rke \u00e4r livfullt, detaljerat och s\u00f6ml\u00f6st integrerat i det mjuka tyget.<\/p>\n<h3>Smart etikett (QR och NFC) som tillval<\/h3>\n<p data-path-to-node=\"13\">F\u00f6r extra funktionalitet kan dessa elastiska armband utrustas med en specialtryckt etikett. Denna etikett \u00e4r perfekt f\u00f6r att l\u00e4gga till en unik QR-kod eller streckkod f\u00f6r \u00e5tkomst, eller till och med integrera en NFC-tagg. Detta f\u00f6rvandlar ett bekv\u00e4mt armband till ett kraftfullt smart verktyg f\u00f6r kontantl\u00f6sa betalningar eller digitalt engagemang.<\/p>\n<h3 data-path-to-node=\"14\">Viktiga funktioner:<\/h3>\n<ul data-path-to-node=\"15\">\n<li>\n<p data-path-to-node=\"15,0,0\"><b>Material:<\/b> H\u00f6gkvalitativt, mjukt, elastiskt stretchtyg.<\/p>\n<\/li>\n<li>\n<p data-path-to-node=\"15,1,0\"><b>F\u00e4rdig:<\/b> En storlek passar de flesta, t\u00f6jbar f\u00f6r att passa.<\/p>\n<\/li>\n<li>\n<p data-path-to-node=\"15,2,0\"><b>St\u00e4ngning:<\/b> Ingen st\u00e4ngning beh\u00f6vs; bekv\u00e4m slip-on-design.<\/p>\n<\/li>\n<li>\n<p data-path-to-node=\"15,3,0\"><b>Utskrift:<\/b> Fullf\u00e4rgssublimering med h\u00f6g uppl\u00f6sning (kant till kant).<\/p>\n<\/li>\n<li>\n<p data-path-to-node=\"15,4,0\"><b>Smart Tech-alternativ:<\/b> Kan f\u00f6rses med en anpassad etikett f\u00f6r QR-koder eller NFC-taggar.<\/p>\n<\/li>\n<li>\n<p data-path-to-node=\"15,5,0\"><b>Idealisk f\u00f6r:<\/b> Kampanjer, varor, festivaler och bekv\u00e4m anv\u00e4ndning under flera dagar.<\/p>\n<\/li>\n<\/ul>","protected":false},"excerpt":{"rendered":"<ul>\n<li>\n<p data-path-to-node=\"7,0,0\"><b>Ultimat komfort:<\/b> Tillverkad av ett mjukt, t\u00f6jbart tyg som passar de flesta.<\/p>\n<\/li>\n<li>\n<p data-path-to-node=\"7,1,0\"><b>Inget l\u00e5s beh\u00f6vs:<\/b> Glider l\u00e4tt p\u00e5 och eliminerar behovet av plastf\u00f6rslutning.<\/p>\n<\/li>\n<li>\n<p data-path-to-node=\"7,2,0\"><b>Livfull varum\u00e4rkesbyggande:<\/b> Helt anpassningsbar med sublimeringstryck i fullf\u00e4rg fr\u00e5n kant till kant.<\/p>\n<\/li>\n<li>\n<p data-path-to-node=\"7,3,0\"><b>Smart alternativ:<\/b> Kan f\u00f6rses med en anpassad etikett f\u00f6r QR-koder, streckkoder eller NFC-taggar.<\/p>\n<\/li>\n<\/ul>","protected":false},"featured_media":6382,"comment_status":"closed","ping_status":"closed","template":"","meta":[],"product_brand":[],"product_cat":[47],"product_tag":[],"class_list":{"0":"post-5247","1":"product","2":"type-product","3":"status-publish","4":"has-post-thumbnail","6":"product_cat-fabric-wristbands","8":"first","9":"instock","10":"shipping-taxable","11":"purchasable","12":"product-type-simple"},"_links":{"self":[{"href":"https:\/\/displayproducts.eu\/sv\/wp-json\/wp\/v2\/product\/5247","targetHints":{"allow":["GET"]}}],"collection":[{"href":"https:\/\/displayproducts.eu\/sv\/wp-json\/wp\/v2\/product"}],"about":[{"href":"https:\/\/displayproducts.eu\/sv\/wp-json\/wp\/v2\/types\/product"}],"replies":[{"embeddable":true,"href":"https:\/\/displayproducts.eu\/sv\/wp-json\/wp\/v2\/comments?post=5247"}],"wp:featuredmedia":[{"embeddable":true,"href":"https:\/\/displayproducts.eu\/sv\/wp-json\/wp\/v2\/media\/6382"}],"wp:attachment":[{"href":"https:\/\/displayproducts.eu\/sv\/wp-json\/wp\/v2\/media?parent=5247"}],"wp:term":[{"taxonomy":"product_brand","embeddable":true,"href":"https:\/\/displayproducts.eu\/sv\/wp-json\/wp\/v2\/product_brand?post=5247"},{"taxonomy":"product_cat","embeddable":true,"href":"https:\/\/displayproducts.eu\/sv\/wp-json\/wp\/v2\/product_cat?post=5247"},{"taxonomy":"product_tag","embeddable":true,"href":"https:\/\/displayproducts.eu\/sv\/wp-json\/wp\/v2\/product_tag?post=5247"}],"curies":[{"name":"wp","href":"https:\/\/api.w.org\/{rel}","templated":true}]}}