{"id":5242,"date":"2025-10-22T14:03:08","date_gmt":"2025-10-22T11:03:08","guid":{"rendered":"https:\/\/wristbandfactory.eu\/?post_type=product&#038;p=5242"},"modified":"2026-04-01T21:52:35","modified_gmt":"2026-04-01T18:52:35","slug":"pu-leather-wristbands","status":"publish","type":"product","link":"https:\/\/displayproducts.eu\/sv\/p\/pu-leather-wristbands\/","title":{"rendered":"Konstl\u00e4derarmband"},"content":{"rendered":"<p>Erbjud dina g\u00e4ster en verkligt f\u00f6rstklassig upplevelse. V\u00e5ra armband i PU-l\u00e4der ger det sofistikerade utseendet och k\u00e4nslan av \u00e4kta l\u00e4der och s\u00e4tter en h\u00f6g standard f\u00f6r ditt evenemang, VIP-omr\u00e5de eller produktlansering. De \u00e4r det perfekta valet f\u00f6r kunder som vill kombinera stil med s\u00e4ker \u00e5tkomstkontroll.<\/p>\n<p>Tillverkade av h\u00f6gkvalitativt polyuretanl\u00e4der (PU) \u00e4r dessa armband ett snyggt och djurv\u00e4nligt (veganskt) alternativ till traditionellt l\u00e4der. De \u00e4r bekv\u00e4ma att b\u00e4ra men \u00e4nd\u00e5 tillr\u00e4ckligt starka f\u00f6r att h\u00e5lla under alla evenemang. Den sl\u00e4ta ytan \u00e4r en utm\u00e4rkt duk f\u00f6r ditt varum\u00e4rke, som kan tryckas eller pr\u00e4glas f\u00f6r en subtil och elegant finish. Dessa armband har vanligtvis en s\u00e4ker eng\u00e5ngsf\u00f6rslutning, vilket s\u00e4kerst\u00e4ller att de \u00e4r manipulationss\u00e4kra och perfekta f\u00f6r att hantera \u00e5tkomst.<\/p>\n<p><b>Viktiga funktioner:<\/b><\/p>\n<ul>\n<li><b>Material:<\/b> H\u00f6gkvalitativt PU-l\u00e4der (veganv\u00e4nligt)<\/li>\n<li><b>Utseende:<\/b> Elegant, professionell och premium<\/li>\n<li><b>Anpassning:<\/b> Perfekt f\u00f6r logotryck eller pr\u00e4gling<\/li>\n<li><b>St\u00e4ngning:<\/b> S\u00e4ker eng\u00e5ngsf\u00f6rslutning f\u00f6r h\u00e4ndelsekontroll<\/li>\n<li><b>Idealisk f\u00f6r:<\/b> VIP-omr\u00e5den, f\u00f6retagsevenemang, produktlanseringar och representation<\/li>\n<\/ul>\n<p>&nbsp;<\/p>","protected":false},"excerpt":{"rendered":"<ul>\n<li>Erbjuder det sofistikerade utseendet och k\u00e4nslan av \u00e4kta l\u00e4der.<\/li>\n<li>Slitstark, vattenavvisande och bekv\u00e4m f\u00f6r l\u00e4ngre tids anv\u00e4ndning.<\/li>\n<li>Perfekt f\u00f6r VIP-\u00e5tkomst, f\u00f6retagsfester och premiumvarum\u00e4rkesbyggande.<\/li>\n<\/ul>\n<p>&nbsp;<\/p>","protected":false},"featured_media":6428,"comment_status":"closed","ping_status":"closed","template":"","meta":[],"product_brand":[],"product_cat":[117],"product_tag":[],"class_list":{"0":"post-5242","1":"product","2":"type-product","3":"status-publish","4":"has-post-thumbnail","6":"product_cat-leather-wristbands","8":"first","9":"instock","10":"shipping-taxable","11":"purchasable","12":"product-type-simple"},"_links":{"self":[{"href":"https:\/\/displayproducts.eu\/sv\/wp-json\/wp\/v2\/product\/5242","targetHints":{"allow":["GET"]}}],"collection":[{"href":"https:\/\/displayproducts.eu\/sv\/wp-json\/wp\/v2\/product"}],"about":[{"href":"https:\/\/displayproducts.eu\/sv\/wp-json\/wp\/v2\/types\/product"}],"replies":[{"embeddable":true,"href":"https:\/\/displayproducts.eu\/sv\/wp-json\/wp\/v2\/comments?post=5242"}],"wp:featuredmedia":[{"embeddable":true,"href":"https:\/\/displayproducts.eu\/sv\/wp-json\/wp\/v2\/media\/6428"}],"wp:attachment":[{"href":"https:\/\/displayproducts.eu\/sv\/wp-json\/wp\/v2\/media?parent=5242"}],"wp:term":[{"taxonomy":"product_brand","embeddable":true,"href":"https:\/\/displayproducts.eu\/sv\/wp-json\/wp\/v2\/product_brand?post=5242"},{"taxonomy":"product_cat","embeddable":true,"href":"https:\/\/displayproducts.eu\/sv\/wp-json\/wp\/v2\/product_cat?post=5242"},{"taxonomy":"product_tag","embeddable":true,"href":"https:\/\/displayproducts.eu\/sv\/wp-json\/wp\/v2\/product_tag?post=5242"}],"curies":[{"name":"wp","href":"https:\/\/api.w.org\/{rel}","templated":true}]}}