{"id":5234,"date":"2025-10-22T13:43:36","date_gmt":"2025-10-22T10:43:36","guid":{"rendered":"https:\/\/wristbandfactory.eu\/?post_type=product&#038;p=5234"},"modified":"2026-04-01T21:52:04","modified_gmt":"2026-04-01T18:52:04","slug":"custom-charm-wristbands","status":"publish","type":"product","link":"https:\/\/displayproducts.eu\/sv\/p\/custom-charm-wristbands\/","title":{"rendered":"Anpassade charmarmband"},"content":{"rendered":"<p>Lyft ditt varum\u00e4rke eller fira ett speciellt evenemang med v\u00e5ra helt anpassningsbara berlockarmband. Dessa armband \u00e4r den perfekta B2B-l\u00f6sningen f\u00f6r att skapa h\u00f6gkvalitativa och attraktiva varor f\u00f6r souvenirbutiker, kryssningsrederier, f\u00f6retagsevenemang eller unika reklamkampanjer.<\/p>\n<p>Vi f\u00f6rverkligar din vision. Du kan designa en helt unik metall- eller emaljberlock baserat p\u00e5 din f\u00f6retagslogotyp, maskot eller kampanjtema. V\u00e4lj f\u00e4rg och stil p\u00e5 sn\u00f6ren \u2013 fr\u00e5n otryckta sn\u00f6ren till invecklade knutar \u2013 och l\u00e4gg till dekorativa p\u00e4rlor som sn\u00e4ckor, bokst\u00e4ver eller metallelement f\u00f6r att matcha ditt varum\u00e4rkes estetik.<\/p>\n<p>Denna m\u00e5ngsidighet g\u00f6r dem idealiska f\u00f6r alla m\u00e5lgrupper. Vi kan till och med skapa &quot;B\u00e4sta v\u00e4nner&quot;- eller matchande partnerset, perfekta f\u00f6r turistattraktioner eller fanmerchandise. Varje set levereras p\u00e5 ett specialtryckt bakkort, fullt m\u00e4rkt och redo f\u00f6r visning i butik.<\/p>\n<p><b>Viktiga funktioner:<\/b><\/p>\n<ul>\n<li><b>Anpassade logotypberlocker:<\/b> Vi skapar h\u00f6gkvalitativa emalj- eller metallberlocker baserat p\u00e5 din design.<\/li>\n<li><b>Fullst\u00e4ndig anpassning:<\/b> V\u00e4lj f\u00e4rger p\u00e5 sn\u00f6ren, armbandsstil och dekorativa p\u00e4rlor (t.ex. sn\u00e4ckor, metallic).<\/li>\n<li><b>F\u00f6rpackning f\u00f6r detaljhandeln:<\/b> Armbanden levereras p\u00e5 en specialdesignad bakpapp, redo f\u00f6r visning.<\/li>\n<li><b>M\u00e5ngsidiga varor:<\/b> Perfekt f\u00f6r presentbutiker, turistattraktioner, varum\u00e4rkessamarbeten och evenemang.<\/li>\n<li><b>Matchande set:<\/b> M\u00f6jlighet att skapa &quot;B\u00e4sta v\u00e4nner&quot; eller matchande set p\u00e5 ett enda kort.<\/li>\n<li><b>Justerbar passform:<\/b> Utformad med justerbara knutar f\u00f6r att passa en m\u00e4ngd olika kunder.<\/li>\n<\/ul>","protected":false},"excerpt":{"rendered":"<ul>\n<li>Designa unika armband med dina egna logotypberlocker.<\/li>\n<li>V\u00e4lj bland en m\u00e4ngd olika sn\u00f6ren i olika f\u00e4rger, p\u00e4rlor och stilar.<\/li>\n<li>Perfekt f\u00f6r m\u00e4rkesvaror, souvenirbutiker eller speciella evenemang.<\/li>\n<li>Levereras p\u00e5 specialtryckta bakkort f\u00f6r en detaljhandelsklar finish.<\/li>\n<\/ul>","protected":false},"featured_media":6680,"comment_status":"closed","ping_status":"closed","template":"","meta":[],"product_brand":[],"product_cat":[122],"product_tag":[],"class_list":{"0":"post-5234","1":"product","2":"type-product","3":"status-publish","4":"has-post-thumbnail","6":"product_cat-promotional-accessories","8":"first","9":"instock","10":"shipping-taxable","11":"product-type-simple"},"_links":{"self":[{"href":"https:\/\/displayproducts.eu\/sv\/wp-json\/wp\/v2\/product\/5234","targetHints":{"allow":["GET"]}}],"collection":[{"href":"https:\/\/displayproducts.eu\/sv\/wp-json\/wp\/v2\/product"}],"about":[{"href":"https:\/\/displayproducts.eu\/sv\/wp-json\/wp\/v2\/types\/product"}],"replies":[{"embeddable":true,"href":"https:\/\/displayproducts.eu\/sv\/wp-json\/wp\/v2\/comments?post=5234"}],"wp:featuredmedia":[{"embeddable":true,"href":"https:\/\/displayproducts.eu\/sv\/wp-json\/wp\/v2\/media\/6680"}],"wp:attachment":[{"href":"https:\/\/displayproducts.eu\/sv\/wp-json\/wp\/v2\/media?parent=5234"}],"wp:term":[{"taxonomy":"product_brand","embeddable":true,"href":"https:\/\/displayproducts.eu\/sv\/wp-json\/wp\/v2\/product_brand?post=5234"},{"taxonomy":"product_cat","embeddable":true,"href":"https:\/\/displayproducts.eu\/sv\/wp-json\/wp\/v2\/product_cat?post=5234"},{"taxonomy":"product_tag","embeddable":true,"href":"https:\/\/displayproducts.eu\/sv\/wp-json\/wp\/v2\/product_tag?post=5234"}],"curies":[{"name":"wp","href":"https:\/\/api.w.org\/{rel}","templated":true}]}}