{"id":5224,"date":"2025-10-21T12:20:54","date_gmt":"2025-10-21T09:20:54","guid":{"rendered":"https:\/\/wristbandfactory.eu\/?post_type=product&#038;p=5224"},"modified":"2026-04-01T21:52:35","modified_gmt":"2026-04-01T18:52:35","slug":"tricolor-silicone-wristbands","status":"publish","type":"product","link":"https:\/\/displayproducts.eu\/sv\/p\/tricolor-silicone-wristbands\/","title":{"rendered":"Tricolor silikonarmband"},"content":{"rendered":"<p>Maximera ditt varum\u00e4rkes synlighet med v\u00e5ra anpassade silikonarmband i tref\u00e4rg. Dessa armband har tre separata f\u00e4rgsegment gjutna ihop till ett s\u00f6ml\u00f6st armband, vilket ger en dj\u00e4rv look med h\u00f6g kontrast som otryckta armband inte kan matcha.<\/p>\n<p>Dessa segmenterade armband \u00e4r ett kraftfullt verktyg f\u00f6r evenemangsarrang\u00f6rer, marknadschefer och organisationer. Anv\u00e4nd dem f\u00f6r att representera era varum\u00e4rkesf\u00e4rger, st\u00f6dja en sak eller matcha ett specifikt evenemangstema. Vi tillverkar varje armband av h\u00f6gkvalitativ, allergifri silikon 100% f\u00f6r varaktig komfort och h\u00e5llbarhet.<\/p>\n<p>Din logotyp eller ditt budskap pr\u00e4glas (neds\u00e4nks) i armbandet och fylls sedan med en enda, kontrasterande Pantone-f\u00e4rg. Denna inl\u00e4ggningsmetod s\u00e4kerst\u00e4ller att din design skyddas fr\u00e5n slitage, vilket garanterar l\u00e5ngvarig varum\u00e4rkesexponering. Vi kan producera dessa armband i alla storlekar, inklusive standardstorlekar f\u00f6r vuxna (202 mm), ungdomar eller mindre barn, f\u00f6r att passa just din m\u00e5lgrupp.<\/p>\n<blockquote><p><b>Produktionsanm\u00e4rkning:<\/b> Dessa armband tillverkas genom att sammanfoga silikondelar i olika f\u00e4rger. P\u00e5 grund av denna gjutningsprocess kan gr\u00e4nslinjen mellan f\u00e4rgerna inte g\u00f6ras helt rak och kommer att ha en viss naturlig f\u00e4rgblandning eller blandning.<\/p><\/blockquote>\n<p><b>Viktiga funktioner:<\/b><\/p>\n<ul>\n<li><b>Effektiv tricolordesign:<\/b> Har tre distinkta f\u00e4rgsegment gjutna tillsammans f\u00f6r ett dj\u00e4rvt varum\u00e4rkesuttalande.<\/li>\n<li><b>Slitstark inl\u00e4ggningslogotyp:<\/b> Din design \u00e4r pr\u00e4glad (neds\u00e4nkt) och fylld med ett enf\u00e4rgat inl\u00e4gg, vilket s\u00e4kerst\u00e4ller att den inte bleknar eller slits bort.<\/li>\n<li><b>Fullst\u00e4ndig Pantone-matchning:<\/b> Anpassa alla tre segmenten och logotypen fylls med exakt dina varum\u00e4rkes Pantone-f\u00e4rger.<\/li>\n<li><b>100% Kvalitetssilikon:<\/b> Tillverkad av slitstark, flexibel och allergiv\u00e4nlig silikon (<span class=\"math-inline\" data-math=\"100\\\\%\">$100\\\\%$<\/span> flexibel, slitstark silikon) f\u00f6r l\u00e5ngvarig komfort.<\/li>\n<li><b>M\u00e5ngsidig storlek:<\/b> Finns i standardstorlek f\u00f6r vuxna (202 * 12) <span class=\"math-inline\" data-math=\"\\times\">*<\/span>\u00a02 mm), ungdoms- och anpassade barnstorlekar.<\/li>\n<\/ul>","protected":false},"excerpt":{"rendered":"<ul>\n<li>Har tre distinkta, effektfulla f\u00e4rgsegment f\u00f6r en dj\u00e4rv look.<\/li>\n<li>Slitstark pr\u00e4glad (neds\u00e4nkt) logotyp med enf\u00e4rgad fyllning som inte slits bort.<\/li>\n<li>Helt anpassningsbar med er organisations Pantone-f\u00e4rger.<\/li>\n<li>Finns i vuxen-, ungdoms- och barnstorlekar f\u00f6r att passa alla evenemangspublik.<\/li>\n<li><\/li>\n<\/ul>","protected":false},"featured_media":5974,"comment_status":"closed","ping_status":"closed","template":"","meta":[],"product_brand":[],"product_cat":[49],"product_tag":[],"class_list":{"0":"post-5224","1":"product","2":"type-product","3":"status-publish","4":"has-post-thumbnail","6":"product_cat-silicone","8":"first","9":"instock","10":"shipping-taxable","11":"purchasable","12":"product-type-simple"},"_links":{"self":[{"href":"https:\/\/displayproducts.eu\/sv\/wp-json\/wp\/v2\/product\/5224","targetHints":{"allow":["GET"]}}],"collection":[{"href":"https:\/\/displayproducts.eu\/sv\/wp-json\/wp\/v2\/product"}],"about":[{"href":"https:\/\/displayproducts.eu\/sv\/wp-json\/wp\/v2\/types\/product"}],"replies":[{"embeddable":true,"href":"https:\/\/displayproducts.eu\/sv\/wp-json\/wp\/v2\/comments?post=5224"}],"wp:featuredmedia":[{"embeddable":true,"href":"https:\/\/displayproducts.eu\/sv\/wp-json\/wp\/v2\/media\/5974"}],"wp:attachment":[{"href":"https:\/\/displayproducts.eu\/sv\/wp-json\/wp\/v2\/media?parent=5224"}],"wp:term":[{"taxonomy":"product_brand","embeddable":true,"href":"https:\/\/displayproducts.eu\/sv\/wp-json\/wp\/v2\/product_brand?post=5224"},{"taxonomy":"product_cat","embeddable":true,"href":"https:\/\/displayproducts.eu\/sv\/wp-json\/wp\/v2\/product_cat?post=5224"},{"taxonomy":"product_tag","embeddable":true,"href":"https:\/\/displayproducts.eu\/sv\/wp-json\/wp\/v2\/product_tag?post=5224"}],"curies":[{"name":"wp","href":"https:\/\/api.w.org\/{rel}","templated":true}]}}