{"id":5218,"date":"2025-10-21T11:56:09","date_gmt":"2025-10-21T08:56:09","guid":{"rendered":"https:\/\/wristbandfactory.eu\/?post_type=product&#038;p=5218"},"modified":"2026-04-01T21:52:35","modified_gmt":"2026-04-01T18:52:35","slug":"remote-control-led-wristbands","status":"publish","type":"product","link":"https:\/\/displayproducts.eu\/sv\/p\/remote-control-led-wristbands\/","title":{"rendered":"Anpassade fj\u00e4rrstyrda LED-armband (RF och DMX)"},"content":{"rendered":"<p data-path-to-node=\"9\">F\u00f6rvandla din konsert, festival eller f\u00f6retagsevenemang till en of\u00f6rgl\u00f6mlig ljusshow. V\u00e5ra fj\u00e4rrstyrda LED-armband ger dig m\u00f6jlighet att synkronisera varje g\u00e4st med din musik och dina program, vilket skapar en massiv, enhetlig visuell upplevelse som \u00f6kar publikens engagemang.<\/p>\n<p data-path-to-node=\"10\">Detta \u00e4r din centrala plats f\u00f6r alla v\u00e5ra fj\u00e4rrstyrda armbandsmodeller i silikon och plast. Vi har samlat v\u00e5ra olika modeller h\u00e4r f\u00f6r att hj\u00e4lpa dig v\u00e4lja den perfekta l\u00f6sningen f\u00f6r ditt evenemangs tekniska behov och budget.<\/p>\n<p data-path-to-node=\"11\">Alla modeller \u00e4r kompatibla med en central <strong><a href=\"https:\/\/displayproducts.eu\/sv\/p\/remote-dmx-controllers-for-led-wristbands\/\">Fj\u00e4rrkontroll och DMX-kontroll<\/a><\/strong> som s\u00e4ljs separat i v\u00e5r <strong><a href=\"https:\/\/displayproducts.eu\/sv\/c\/event-supplies\/\">Evenemangsmaterial<\/a><\/strong> kategori. Den h\u00e4r styrenheten g\u00f6r det m\u00f6jligt f\u00f6r en enda operat\u00f6r att \u00e4ndra LED-f\u00e4rgerna och blinkm\u00f6nster f\u00f6r varje armband i lokalen samtidigt.<\/p>\n<h3>V\u00e4lj din fj\u00e4rrstyrda modell<\/h3>\n<p data-path-to-node=\"13\">V\u00e4lj den specifika modellen baserat p\u00e5 ditt evenemangs krav p\u00e5 ljusstyrka, batteritid, design eller h\u00e5llbarhet:<\/p>\n<h4>1. Den &quot;ljusa&quot; (11-LED \/ AAA-driven)<\/h4>\n<p><img fetchpriority=\"high\" decoding=\"async\" class=\"alignnone wp-image-5543\" src=\"https:\/\/displayproducts.eu\/wp-content\/uploads\/2025\/10\/the-bright.jpg\" alt=\"\" width=\"300\" height=\"300\" srcset=\"https:\/\/displayproducts.eu\/wp-content\/uploads\/2025\/10\/the-bright.jpg 1080w, https:\/\/displayproducts.eu\/wp-content\/uploads\/2025\/10\/the-bright-768x768.jpg 768w, https:\/\/displayproducts.eu\/wp-content\/uploads\/2025\/10\/the-bright-12x12.jpg 12w, https:\/\/displayproducts.eu\/wp-content\/uploads\/2025\/10\/the-bright-300x300.jpg 300w, https:\/\/displayproducts.eu\/wp-content\/uploads\/2025\/10\/the-bright-600x600.jpg 600w, https:\/\/displayproducts.eu\/wp-content\/uploads\/2025\/10\/the-bright-100x100.jpg 100w, https:\/\/displayproducts.eu\/wp-content\/uploads\/2025\/10\/the-bright-64x64.jpg 64w\" sizes=\"(max-width: 300px) 100vw, 300px\" \/><\/p>\n<p data-path-to-node=\"17\">V\u00e5r kraftfullaste l\u00f6sning, den h\u00e4r modellen, har 11 individuella lysdioder f\u00f6r maximal visuell effekt p\u00e5 arenor. Den drivs av tv\u00e5 utbytbara AAA-batterier som standard, vilket ger en h\u00f6gpresterande drifttid p\u00e5 12 timmar.<\/p>\n<ul data-path-to-node=\"18\">\n<li>\n<p data-path-to-node=\"18,0,0\"><b data-path-to-node=\"18,0,0\" data-index-in-node=\"0\">B\u00e4st f\u00f6r:<\/b> Storskaliga stadionvisningar och utomhusfestivaler.<\/p>\n<\/li>\n<\/ul>\n<h4>2. Den &quot;milj\u00f6v\u00e4nliga&quot; standarden<\/h4>\n<p><img decoding=\"async\" class=\"alignnone wp-image-5544\" src=\"https:\/\/displayproducts.eu\/wp-content\/uploads\/2025\/10\/eco-friendly.jpg\" alt=\"\" width=\"300\" height=\"300\" \/><\/p>\n<p data-path-to-node=\"19\"><span data-path-to-node=\"20,2\"><span class=\"citation-377\">Denna modell \u00e4r v\u00e5r mest popul\u00e4ra och m\u00e5ngsidiga l\u00f6sning, tillverkad av bekv\u00e4m ABS och silikon. <\/span><\/span><span data-path-to-node=\"20,4\"> Den har en robust batteritid p\u00e5 12 timmar (CR2032) och 15 f\u00e4rgalternativ.<\/span><\/p>\n<ul data-path-to-node=\"20\">\n<li>\n<p data-path-to-node=\"20,0,0\"><b>B\u00e4st f\u00f6r:<\/b> Varum\u00e4rken och evenemang med fokus p\u00e5 h\u00e5llbarhet och p\u00e5litlighet.<\/p>\n<\/li>\n<\/ul>\n<h4>3. Den &quot;skulpterade&quot; (3D-design)<\/h4>\n<p><img decoding=\"async\" class=\"alignnone wp-image-5545\" src=\"https:\/\/displayproducts.eu\/wp-content\/uploads\/2025\/10\/sculpted-1.jpg\" alt=\"\" width=\"300\" height=\"300\" srcset=\"https:\/\/displayproducts.eu\/wp-content\/uploads\/2025\/10\/sculpted-1.jpg 500w, https:\/\/displayproducts.eu\/wp-content\/uploads\/2025\/10\/sculpted-1-12x12.jpg 12w, https:\/\/displayproducts.eu\/wp-content\/uploads\/2025\/10\/sculpted-1-300x300.jpg 300w, https:\/\/displayproducts.eu\/wp-content\/uploads\/2025\/10\/sculpted-1-100x100.jpg 100w, https:\/\/displayproducts.eu\/wp-content\/uploads\/2025\/10\/sculpted-1-64x64.jpg 64w\" sizes=\"(max-width: 300px) 100vw, 300px\" \/><\/p>\n<p data-path-to-node=\"21\">G\u00f6r ett dj\u00e4rvt designuttalande. Den h\u00e4r modellen har en unik, <b>geometrisk 3D-skulpterad topp<\/b> (finns med 2 eller 4 lysdioder). Det \u00e4r ett f\u00f6rstklassigt, b\u00e4rbart och elegant inslag som sticker ut.<\/p>\n<ul data-path-to-node=\"22\">\n<li>\n<p data-path-to-node=\"22,0,0\"><b>B\u00e4st f\u00f6r:<\/b> VIP-omr\u00e5den, produktlanseringar och high-fashion-evenemang.<\/p>\n<\/li>\n<\/ul>\n<h4>4. Den &quot;l\u00e4ttviktiga&quot; (20 g)<\/h4>\n<p><img loading=\"lazy\" decoding=\"async\" class=\"alignnone wp-image-5546\" src=\"https:\/\/displayproducts.eu\/wp-content\/uploads\/2025\/10\/lightweight.jpg\" alt=\"\" width=\"300\" height=\"300\" srcset=\"https:\/\/displayproducts.eu\/wp-content\/uploads\/2025\/10\/lightweight.jpg 500w, https:\/\/displayproducts.eu\/wp-content\/uploads\/2025\/10\/lightweight-12x12.jpg 12w, https:\/\/displayproducts.eu\/wp-content\/uploads\/2025\/10\/lightweight-300x300.jpg 300w, https:\/\/displayproducts.eu\/wp-content\/uploads\/2025\/10\/lightweight-100x100.jpg 100w, https:\/\/displayproducts.eu\/wp-content\/uploads\/2025\/10\/lightweight-64x64.jpg 64w\" sizes=\"(max-width: 300px) 100vw, 300px\" \/><\/p>\n<p data-path-to-node=\"24\">Konstruerad f\u00f6r maximal komfort, v\u00e4ger denna modell <b>bara 20 gram<\/b>, vilket s\u00e4kerst\u00e4ller att deltagarna kan b\u00e4ra den hela natten. Den finns i 15 f\u00e4rger och har en drifttid p\u00e5 12 timmar (CR2032-batterier).<\/p>\n<ul data-path-to-node=\"25\">\n<li>\n<p data-path-to-node=\"25,0,0\"><b>B\u00e4st f\u00f6r:<\/b> Konferenser, f\u00f6retagsfester och evenemang d\u00e4r komfort \u00e4r nyckeln.<\/p>\n<\/li>\n<\/ul>\n<h4>5. &quot;Vakten&quot; (H\u00e4ndelsevakt)<\/h4>\n<p><img loading=\"lazy\" decoding=\"async\" class=\"alignnone wp-image-5548 size-full\" src=\"https:\/\/displayproducts.eu\/wp-content\/uploads\/2025\/10\/watch-e1763320779944.jpg\" alt=\"\" width=\"480\" height=\"288\" srcset=\"https:\/\/displayproducts.eu\/wp-content\/uploads\/2025\/10\/watch-e1763320779944.jpg 480w, https:\/\/displayproducts.eu\/wp-content\/uploads\/2025\/10\/watch-e1763320779944-18x12.jpg 18w, https:\/\/displayproducts.eu\/wp-content\/uploads\/2025\/10\/watch-e1763320779944-64x38.jpg 64w\" sizes=\"(max-width: 480px) 100vw, 480px\" \/><\/p>\n<p data-path-to-node=\"27\">Denna modell har en <b>klockstil<\/b> design med en stor, platt yta, vilket ger en utm\u00e4rkt och v\u00e4l synlig yta f\u00f6r din anpassade logotyp.<\/p>\n<ul data-path-to-node=\"28\">\n<li>\n<p data-path-to-node=\"28,0,0\"><b>B\u00e4st f\u00f6r:<\/b> F\u00f6retagsevenemang och sponsorvarum\u00e4rkesbyggande.<\/p>\n<\/li>\n<\/ul>\n<h2 data-path-to-node=\"31\">Specifikationer<\/h2>\n<ul data-path-to-node=\"32\">\n<li>\n<p data-path-to-node=\"32,0,1\"><span data-path-to-node=\"32,0,1,0\"><b data-path-to-node=\"32,0,1,0\" data-index-in-node=\"0\"><span class=\"citation-374\">Kontrollteknik:<\/span><\/b><span class=\"citation-374\"> RF (radiofrekvens) och DMX512. <\/span><\/span><\/p>\n<\/li>\n<li>\n<p data-path-to-node=\"32,1,1\"><span data-path-to-node=\"32,1,1,0\"><b data-path-to-node=\"32,1,1,0\" data-index-in-node=\"0\"><span class=\"citation-373\">Material:<\/span><\/b><span class=\"citation-373\"> Silikon, ABS, PVC. <\/span><\/span><\/p>\n<\/li>\n<li>\n<p data-path-to-node=\"32,2,0\"><b data-path-to-node=\"32,2,0\" data-index-in-node=\"0\">Batteritid:<\/b> 6 till 12 timmar beroende p\u00e5 modell.<\/p>\n<\/li>\n<li>\n<p data-path-to-node=\"32,3,1\"><span data-path-to-node=\"32,3,1,0\"><b data-path-to-node=\"32,3,1,0\" data-index-in-node=\"0\"><span class=\"citation-372\">Varum\u00e4rkesbyggande:<\/span><\/b><span class=\"citation-372\"> Anpassat logotryck i 1 f\u00e4rg eller flerf\u00e4rg. <\/span><\/span><\/p>\n<\/li>\n<li>\n<p data-path-to-node=\"32,4,0\"><b data-path-to-node=\"32,4,0\" data-index-in-node=\"0\">Minsta orderkvantitet:<\/b> 100 enheter.<\/p>\n<\/li>\n<\/ul>\n<h3><strong><a href=\"https:\/\/displayproducts.eu\/sv\/p\/remote-dmx-controllers-for-led-wristbands\/\">Fj\u00e4rrkontroll och DMX-kontroll<\/a><\/strong><\/h3>\n<p><img loading=\"lazy\" decoding=\"async\" class=\"\" src=\"https:\/\/displayproducts.eu\/wp-content\/uploads\/2025\/10\/controller-2-scaled.jpeg\" width=\"365\" height=\"365\" \/><\/p>","protected":false},"excerpt":{"rendered":"<ul>\n<li>\n<p data-path-to-node=\"9,0,0\"><b data-path-to-node=\"9,0,0\" data-index-in-node=\"0\">Centraliserad synkronisering:<\/b> Helt kompatibel med RF- och DMX-kontroller f\u00f6r uppslukande ljusshower i hela lokalen.<\/p>\n<\/li>\n<li>\n<p data-path-to-node=\"9,1,0\"><b data-path-to-node=\"9,1,0\" data-index-in-node=\"0\">Varierat modellutbud:<\/b> V\u00e4lj mellan 11 olika modeller, inklusive ultral\u00e4tta AAA-batterier med h\u00f6g ljusstyrka och 3D-skulpterade designer.<\/p>\n<\/li>\n<li>\n<p data-path-to-node=\"9,2,1\"><span data-path-to-node=\"9,2,1,0\"><b data-path-to-node=\"9,2,1,0\" data-index-in-node=\"0\"><span class=\"citation-351\">B2B-varum\u00e4rkesbyggande:<\/span><\/b><span class=\"citation-351\"> H\u00f6gkvalitativt logotryck finns tillg\u00e4ngligt p\u00e5 alla modeller f\u00f6r maximal synlighet f\u00f6r sponsorer. <\/span><\/span><\/p>\n<\/li>\n<li>\n<p data-path-to-node=\"9,3,0\"><b data-path-to-node=\"9,3,0\" data-index-in-node=\"0\">L\u00e5ngdistanskontroll:<\/b> Tillf\u00f6rlitlig signalt\u00e4ckning upp till 300\u2013500 meter f\u00f6r evenemang i arenastorlek.<\/p>\n<\/li>\n<\/ul>","protected":false},"featured_media":5031,"comment_status":"closed","ping_status":"closed","template":"","meta":[],"product_brand":[],"product_cat":[80],"product_tag":[],"class_list":{"0":"post-5218","1":"product","2":"type-product","3":"status-publish","4":"has-post-thumbnail","6":"product_cat-led-wristbands","8":"first","9":"instock","10":"shipping-taxable","11":"purchasable","12":"product-type-simple"},"_links":{"self":[{"href":"https:\/\/displayproducts.eu\/sv\/wp-json\/wp\/v2\/product\/5218","targetHints":{"allow":["GET"]}}],"collection":[{"href":"https:\/\/displayproducts.eu\/sv\/wp-json\/wp\/v2\/product"}],"about":[{"href":"https:\/\/displayproducts.eu\/sv\/wp-json\/wp\/v2\/types\/product"}],"replies":[{"embeddable":true,"href":"https:\/\/displayproducts.eu\/sv\/wp-json\/wp\/v2\/comments?post=5218"}],"wp:featuredmedia":[{"embeddable":true,"href":"https:\/\/displayproducts.eu\/sv\/wp-json\/wp\/v2\/media\/5031"}],"wp:attachment":[{"href":"https:\/\/displayproducts.eu\/sv\/wp-json\/wp\/v2\/media?parent=5218"}],"wp:term":[{"taxonomy":"product_brand","embeddable":true,"href":"https:\/\/displayproducts.eu\/sv\/wp-json\/wp\/v2\/product_brand?post=5218"},{"taxonomy":"product_cat","embeddable":true,"href":"https:\/\/displayproducts.eu\/sv\/wp-json\/wp\/v2\/product_cat?post=5218"},{"taxonomy":"product_tag","embeddable":true,"href":"https:\/\/displayproducts.eu\/sv\/wp-json\/wp\/v2\/product_tag?post=5218"}],"curies":[{"name":"wp","href":"https:\/\/api.w.org\/{rel}","templated":true}]}}