{"id":5209,"date":"2025-10-20T23:33:45","date_gmt":"2025-10-20T20:33:45","guid":{"rendered":"https:\/\/wristbandfactory.eu\/?post_type=product&#038;p=5209"},"modified":"2026-04-01T21:52:35","modified_gmt":"2026-04-01T18:52:35","slug":"printed-cup-holder-clip","status":"publish","type":"product","link":"https:\/\/displayproducts.eu\/sv\/p\/printed-cup-holder-clip\/","title":{"rendered":"Muggh\u00e5llare med tryck f\u00f6r nyckelband"},"content":{"rendered":"<p data-path-to-node=\"12\">F\u00f6rb\u00e4ttra deltagarupplevelsen p\u00e5 din n\u00e4sta festival eller konferens med v\u00e5ra praktiska <b data-path-to-node=\"12\" data-index-in-node=\"112\">Tryckt muggh\u00e5llarkl\u00e4mma<\/b>. Detta smarta tillbeh\u00f6r l\u00f6ser ett vanligt problem p\u00e5 evenemang: att h\u00e5lla i en \u00e5teranv\u00e4ndbar kopp hela dagen. Genom att l\u00e5ta g\u00e4sterna s\u00e4kert f\u00e4sta sin tomma dryckesbeh\u00e5llare i ett sn\u00f6re eller b\u00e4ltes\u00f6gla frig\u00f6r du deras h\u00e4nder f\u00f6r n\u00e4tverkande, dans eller hejarop.<\/p>\n<p data-path-to-node=\"13\"><span data-path-to-node=\"13,1\"><span class=\"citation-56\">Utformad f\u00f6r att fungera s\u00f6ml\u00f6st med v\u00e5r <\/span><b data-path-to-node=\"13,1\" data-index-in-node=\"37\"><span class=\"citation-56\">Nyckelband<\/span><\/b> <\/span><span data-path-to-node=\"13,4\"><span class=\"citation-55\">och <\/span><b data-path-to-node=\"13,4\" data-index-in-node=\"4\"><span class=\"citation-55\">Tryck \u00e5teranv\u00e4ndbara festivalmuggar<\/span><\/b><\/span><span data-path-to-node=\"13,6\">, detta kl\u00e4mma \u00e4r ett viktigt tillskott till alla milj\u00f6v\u00e4nliga evenemangsstrategier. Det uppmuntrar \u00e5teranv\u00e4ndning av muggar genom att g\u00f6ra dem otryckta att b\u00e4ra, vilket minskar sannolikheten f\u00f6r att de kasseras eller tappas bort.<\/span><\/p>\n<h2 data-path-to-node=\"14\">Viktiga funktioner<\/h2>\n<ul data-path-to-node=\"15\">\n<li>\n<p data-path-to-node=\"15,0,0\"><b data-path-to-node=\"15,0,0\" data-index-in-node=\"0\">S\u00e4kert grepp:<\/b> Kl\u00e4mmekanismen f\u00e4ster ordentligt p\u00e5 kanten p\u00e5 vanliga \u00e5teranv\u00e4ndbara plastmuggar (PP) och dricksglas, vilket s\u00e4kerst\u00e4ller att koppen sitter p\u00e5 plats under g\u00e5ng.<\/p>\n<\/li>\n<li>\n<p data-path-to-node=\"15,1,0\"><b data-path-to-node=\"15,1,0\" data-index-in-node=\"0\">Varum\u00e4rkesbyggande med h\u00f6g synlighet:<\/b> Trots sin kompakta storlek har kl\u00e4mman en framtr\u00e4dande platt yta som \u00e4r speciellt utformad f\u00f6r att trycka din logotyp, vilket s\u00e4tter ditt varum\u00e4rke i rampljuset varje g\u00e5ng anv\u00e4ndaren tar en klunk.<\/p>\n<\/li>\n<li>\n<p data-path-to-node=\"15,2,0\"><b data-path-to-node=\"15,2,0\" data-index-in-node=\"0\">F\u00e4rgkoordinering:<\/b> Tillverkad av slitstark ABS-plast, tillg\u00e4nglig i en m\u00e4ngd olika f\u00e4rger f\u00f6r att matcha din varum\u00e4rkesidentitet eller evenemangstema.<\/p>\n<\/li>\n<li>\n<p data-path-to-node=\"15,3,0\"><b data-path-to-node=\"15,3,0\" data-index-in-node=\"0\">L\u00e4ttviktsdesign:<\/b> Med en vikt p\u00e5 bara 3 gram ger den deltagarens remsystem ingen vikt.<\/p>\n<\/li>\n<\/ul>\n<h2 data-path-to-node=\"16\">Specifikationer<\/h2>\n<ul data-path-to-node=\"17\">\n<li>\n<p data-path-to-node=\"17,0,0\"><b data-path-to-node=\"17,0,0\" data-index-in-node=\"0\">Material:<\/b> Resistent ABS-plast.<\/p>\n<\/li>\n<li>\n<p data-path-to-node=\"17,1,0\"><b data-path-to-node=\"17,1,0\" data-index-in-node=\"0\">M\u00e5tt:<\/b> 1,6 x 2,2 x 2,2 cm.<\/p>\n<\/li>\n<li>\n<p data-path-to-node=\"17,2,0\"><b data-path-to-node=\"17,2,0\" data-index-in-node=\"0\">Vikt:<\/b> 3g.<\/p>\n<\/li>\n<li>\n<p data-path-to-node=\"17,3,0\"><b data-path-to-node=\"17,3,0\" data-index-in-node=\"0\">Kompatibilitet:<\/b> Passar till vanliga \u00e5teranv\u00e4ndbara festivalkoppar och -glas.<\/p>\n<\/li>\n<li>\n<p data-path-to-node=\"17,4,0\"><b data-path-to-node=\"17,4,0\" data-index-in-node=\"0\">Fasts\u00e4ttning:<\/b> Ring\u00f6gla f\u00f6r nyckelband eller karbinhakar.<\/p>\n<\/li>\n<li>\n<p data-path-to-node=\"17,5,0\"><b data-path-to-node=\"17,5,0\" data-index-in-node=\"0\">Anpassning:<\/b> Tampongtryck p\u00e5 den plana ytan.<\/p>\n<\/li>\n<\/ul>\n<h2 data-path-to-node=\"18\">Anv\u00e4ndningsfall<\/h2>\n<ul data-path-to-node=\"19\">\n<li>\n<p data-path-to-node=\"19,0,0\"><b data-path-to-node=\"19,0,0\" data-index-in-node=\"0\">Musikfestivaler:<\/b> L\u00e5ter fansen dansa utan att h\u00e5lla i en tom kopp.<\/p>\n<\/li>\n<li>\n<p data-path-to-node=\"19,1,0\"><b data-path-to-node=\"19,1,0\" data-index-in-node=\"0\">\u00d6l- och vinprovningsevenemang:<\/b> H\u00e5ller provsmakningsglaset l\u00e4tt\u00e5tkomligt mellan stationerna.<\/p>\n<\/li>\n<li>\n<p data-path-to-node=\"19,2,0\"><b data-path-to-node=\"19,2,0\" data-index-in-node=\"0\">M\u00e4ssor:<\/b> Frig\u00f6r h\u00e4nderna f\u00f6r att utbyta visitkort medan man b\u00e4r en kaffekopp.<\/p>\n<\/li>\n<li>\n<p data-path-to-node=\"19,3,0\"><b data-path-to-node=\"19,3,0\" data-index-in-node=\"0\">Utomhusevenemang:<\/b> F\u00f6rhindrar att koppar tappas bort eller l\u00e4mnas kvar p\u00e5 golvet.<\/p>\n<\/li>\n<\/ul>","protected":false},"excerpt":{"rendered":"<ul>\n<li>\n<p data-path-to-node=\"11,0,0\"><b data-path-to-node=\"11,0,0\" data-index-in-node=\"0\">Handsfree-bekv\u00e4mlighet:<\/b> G\u00f6r det m\u00f6jligt f\u00f6r deltagarna att f\u00e4sta sin \u00e5teranv\u00e4ndbara mugg i ett sn\u00f6re eller en b\u00e4ltes\u00f6gla.<\/p>\n<\/li>\n<li>\n<p data-path-to-node=\"11,1,0\"><b data-path-to-node=\"11,1,0\" data-index-in-node=\"0\">Universell passform:<\/b> Greppar s\u00e4kert kanten p\u00e5 de flesta vanliga festivalglas i plast.<\/p>\n<\/li>\n<li>\n<p data-path-to-node=\"11,2,0\"><b data-path-to-node=\"11,2,0\" data-index-in-node=\"0\">Anpassad varum\u00e4rkesbyggande:<\/b> Har en dedikerad plan yta f\u00f6r h\u00f6gsynlig logotyputskrift.<\/p>\n<\/li>\n<li>\n<p data-path-to-node=\"11,3,0\"><b data-path-to-node=\"11,3,0\" data-index-in-node=\"0\">L\u00e4tt och h\u00e5llbar:<\/b> Tillverkad av resistent ABS-plast (3g), finns i olika f\u00e4rger.<\/p>\n<\/li>\n<\/ul>","protected":false},"featured_media":6476,"comment_status":"closed","ping_status":"closed","template":"","meta":[],"product_brand":[],"product_cat":[119],"product_tag":[],"class_list":{"0":"post-5209","1":"product","2":"type-product","3":"status-publish","4":"has-post-thumbnail","6":"product_cat-drinkware-accessories","8":"first","9":"instock","10":"shipping-taxable","11":"purchasable","12":"product-type-simple"},"_links":{"self":[{"href":"https:\/\/displayproducts.eu\/sv\/wp-json\/wp\/v2\/product\/5209","targetHints":{"allow":["GET"]}}],"collection":[{"href":"https:\/\/displayproducts.eu\/sv\/wp-json\/wp\/v2\/product"}],"about":[{"href":"https:\/\/displayproducts.eu\/sv\/wp-json\/wp\/v2\/types\/product"}],"replies":[{"embeddable":true,"href":"https:\/\/displayproducts.eu\/sv\/wp-json\/wp\/v2\/comments?post=5209"}],"wp:featuredmedia":[{"embeddable":true,"href":"https:\/\/displayproducts.eu\/sv\/wp-json\/wp\/v2\/media\/6476"}],"wp:attachment":[{"href":"https:\/\/displayproducts.eu\/sv\/wp-json\/wp\/v2\/media?parent=5209"}],"wp:term":[{"taxonomy":"product_brand","embeddable":true,"href":"https:\/\/displayproducts.eu\/sv\/wp-json\/wp\/v2\/product_brand?post=5209"},{"taxonomy":"product_cat","embeddable":true,"href":"https:\/\/displayproducts.eu\/sv\/wp-json\/wp\/v2\/product_cat?post=5209"},{"taxonomy":"product_tag","embeddable":true,"href":"https:\/\/displayproducts.eu\/sv\/wp-json\/wp\/v2\/product_tag?post=5209"}],"curies":[{"name":"wp","href":"https:\/\/api.w.org\/{rel}","templated":true}]}}