{"id":5203,"date":"2025-10-20T23:28:16","date_gmt":"2025-10-20T20:28:16","guid":{"rendered":"https:\/\/wristbandfactory.eu\/?post_type=product&#038;p=5203"},"modified":"2026-04-01T21:52:35","modified_gmt":"2026-04-01T18:52:35","slug":"led-party-glasses","status":"publish","type":"product","link":"https:\/\/displayproducts.eu\/sv\/p\/led-party-glasses\/","title":{"rendered":"Flerf\u00e4rgade LED-partyglas\u00f6gon"},"content":{"rendered":"<p data-path-to-node=\"10\">Skapa en of\u00f6rgl\u00f6mlig atmosf\u00e4r p\u00e5 din n\u00e4sta f\u00f6retagsfest, musikfestival eller nattklubb med v\u00e5ra flerf\u00e4rgade LED-partyglas\u00f6gon. De \u00e4r designade f\u00f6r att vara den ultimata isbrytaren och erbjuder ett kostnadseffektivt s\u00e4tt att engagera g\u00e4ster och generera fotom\u00f6jligheter som \u00e4r v\u00e4rda sociala medier.<\/p>\n<p data-path-to-node=\"11\">Till skillnad fr\u00e5n vanliga sj\u00e4lvlysande glas\u00f6gon har dessa glas\u00f6gon en distinkt design med transparenta b\u00e5gar och n\u00e4tliknande linser som l\u00e5ter ljuset sprida sig kreativt. De drivs av 6 intensiva flerf\u00e4rgade lysdioder och s\u00e4kerst\u00e4ller att b\u00e4raren sticker ut i m\u00e4ngden. En enkel p\u00e5\/av-knapp l\u00e5ter anv\u00e4ndarna v\u00e4xla mellan ett &quot;fast sken&quot; f\u00f6r en avslappnad atmosf\u00e4r eller ett &quot;blinkande&quot; m\u00f6nster f\u00f6r energiska stunder.<\/p>\n<h2 data-path-to-node=\"12\">Viktiga funktioner<\/h2>\n<ul data-path-to-node=\"13\">\n<li>\n<p data-path-to-node=\"13,0,0\"><b data-path-to-node=\"13,0,0\" data-index-in-node=\"0\">Visuell pop:<\/b> Kombinationen av tydliga ramar och flerf\u00e4rgade lysdioder skapar en livfull ljusshow.<\/p>\n<\/li>\n<li>\n<p data-path-to-node=\"13,1,0\"><b data-path-to-node=\"13,1,0\" data-index-in-node=\"0\">Anv\u00e4ndarkontroll:<\/b> L\u00e4ttanv\u00e4nd knapp f\u00f6r att v\u00e4xla mellan ljusl\u00e4gen (fast\/blinkande\/av).<\/p>\n<\/li>\n<li>\n<p data-path-to-node=\"13,2,0\"><b data-path-to-node=\"13,2,0\" data-index-in-node=\"0\">Klar f\u00f6r evenemang:<\/b> Perfekt f\u00f6r merchandisebord, VIP-presentv\u00e4skor eller som massutdelning f\u00f6r dansgolvet.<\/p>\n<\/li>\n<li>\n<p data-path-to-node=\"13,3,0\"><b data-path-to-node=\"13,3,0\" data-index-in-node=\"0\">Bekv\u00e4mlighet:<\/b> Levereras med knappbatterier installerade, s\u00e5 de fungerar direkt ur l\u00e5dan.<\/p>\n<\/li>\n<\/ul>\n<h2 data-path-to-node=\"14\">Specifikationer<\/h2>\n<ul data-path-to-node=\"15\">\n<li>\n<p data-path-to-node=\"15,0,0\"><b data-path-to-node=\"15,0,0\" data-index-in-node=\"0\">Produkttyp:<\/b> LED-ljusglas\u00f6gon.<\/p>\n<\/li>\n<li>\n<p data-path-to-node=\"15,1,0\"><b data-path-to-node=\"15,1,0\" data-index-in-node=\"0\">Ramstil:<\/b> Transparent plast med n\u00e4t-\/rutn\u00e4tslinser.<\/p>\n<\/li>\n<li>\n<p data-path-to-node=\"15,2,0\"><b data-path-to-node=\"15,2,0\" data-index-in-node=\"0\">Ljusk\u00e4lla:<\/b> 6 x flerf\u00e4rgade lysdioder.<\/p>\n<\/li>\n<li>\n<p data-path-to-node=\"15,3,0\"><b data-path-to-node=\"15,3,0\" data-index-in-node=\"0\">L\u00e4gen:<\/b> 2 inst\u00e4llningar (fast sken, blinkande).<\/p>\n<\/li>\n<li>\n<p data-path-to-node=\"15,4,0\"><b data-path-to-node=\"15,4,0\" data-index-in-node=\"0\">Driva:<\/b> Knappbatterier (ing\u00e5r och kan bytas ut).<\/p>\n<\/li>\n<li>\n<p data-path-to-node=\"15,5,0\"><b data-path-to-node=\"15,5,0\" data-index-in-node=\"0\">MOQ:<\/b> 100 st.<\/p>\n<\/li>\n<\/ul>\n<h2 data-path-to-node=\"16\">Anv\u00e4ndningsfall<\/h2>\n<ul data-path-to-node=\"17\">\n<li>\n<p data-path-to-node=\"17,0,0\"><b data-path-to-node=\"17,0,0\" data-index-in-node=\"0\">F\u00f6retagsfester:<\/b> Roliga rekvisita f\u00f6r fotob\u00e5s och dansgolv.<\/p>\n<\/li>\n<li>\n<p data-path-to-node=\"17,1,0\"><b data-path-to-node=\"17,1,0\" data-index-in-node=\"0\">Festivaler och konserter:<\/b> Varor med h\u00f6g marginal eller VIP-tillbeh\u00f6r.<\/p>\n<\/li>\n<li>\n<p data-path-to-node=\"17,2,0\"><b data-path-to-node=\"17,2,0\" data-index-in-node=\"0\">Nattklubbar:<\/b> S\u00e4lj dem i baren eller ge bort dem f\u00f6r att f\u00f6rb\u00e4ttra klubbens belysning.<\/p>\n<\/li>\n<li>\n<p data-path-to-node=\"17,3,0\"><b data-path-to-node=\"17,3,0\" data-index-in-node=\"0\">Br\u00f6llop:<\/b> En lysande tj\u00e4nst till efterfesten.<\/p>\n<\/li>\n<\/ul>","protected":false},"excerpt":{"rendered":"<ul>\n<li>\n<p data-path-to-node=\"9,0,0\"><b data-path-to-node=\"9,0,0\" data-index-in-node=\"0\">H\u00f6g effekt:<\/b> 6 ljusa flerf\u00e4rgade lysdioder per par.<\/p>\n<\/li>\n<li>\n<p data-path-to-node=\"9,1,0\"><b data-path-to-node=\"9,1,0\" data-index-in-node=\"0\">Dubbla l\u00e4gen:<\/b> V\u00e4xla mellan fast sken och blinkande.<\/p>\n<\/li>\n<li>\n<p data-path-to-node=\"9,2,0\"><b data-path-to-node=\"9,2,0\" data-index-in-node=\"0\">Unik design:<\/b> Transparent b\u00e5ge med linser i n\u00e4tstil.<\/p>\n<\/li>\n<li>\n<p data-path-to-node=\"9,3,0\"><b data-path-to-node=\"9,3,0\" data-index-in-node=\"0\">Klar att anv\u00e4nda:<\/b> Batterier ing\u00e5r och \u00e4r f\u00f6rinstallerade.<\/p>\n<\/li>\n<\/ul>","protected":false},"featured_media":6552,"comment_status":"closed","ping_status":"closed","template":"","meta":[],"product_brand":[],"product_cat":[76],"product_tag":[],"class_list":{"0":"post-5203","1":"product","2":"type-product","3":"status-publish","4":"has-post-thumbnail","6":"product_cat-glow-led-products","8":"first","9":"instock","10":"shipping-taxable","11":"product-type-simple"},"_links":{"self":[{"href":"https:\/\/displayproducts.eu\/sv\/wp-json\/wp\/v2\/product\/5203","targetHints":{"allow":["GET"]}}],"collection":[{"href":"https:\/\/displayproducts.eu\/sv\/wp-json\/wp\/v2\/product"}],"about":[{"href":"https:\/\/displayproducts.eu\/sv\/wp-json\/wp\/v2\/types\/product"}],"replies":[{"embeddable":true,"href":"https:\/\/displayproducts.eu\/sv\/wp-json\/wp\/v2\/comments?post=5203"}],"wp:featuredmedia":[{"embeddable":true,"href":"https:\/\/displayproducts.eu\/sv\/wp-json\/wp\/v2\/media\/6552"}],"wp:attachment":[{"href":"https:\/\/displayproducts.eu\/sv\/wp-json\/wp\/v2\/media?parent=5203"}],"wp:term":[{"taxonomy":"product_brand","embeddable":true,"href":"https:\/\/displayproducts.eu\/sv\/wp-json\/wp\/v2\/product_brand?post=5203"},{"taxonomy":"product_cat","embeddable":true,"href":"https:\/\/displayproducts.eu\/sv\/wp-json\/wp\/v2\/product_cat?post=5203"},{"taxonomy":"product_tag","embeddable":true,"href":"https:\/\/displayproducts.eu\/sv\/wp-json\/wp\/v2\/product_tag?post=5203"}],"curies":[{"name":"wp","href":"https:\/\/api.w.org\/{rel}","templated":true}]}}