{"id":5195,"date":"2025-10-20T22:09:07","date_gmt":"2025-10-20T19:09:07","guid":{"rendered":"https:\/\/wristbandfactory.eu\/?post_type=product&#038;p=5195"},"modified":"2026-04-01T21:52:04","modified_gmt":"2026-04-01T18:52:04","slug":"promotional-recycled-aluminium-cups","status":"publish","type":"product","link":"https:\/\/displayproducts.eu\/sv\/p\/promotional-recycled-aluminium-cups\/","title":{"rendered":"Tryckta \u00e5teranv\u00e4ndbara aluminiummuggar"},"content":{"rendered":"<p>G\u00f6r ett kraftfullt uttalande om ditt varum\u00e4rkes engagemang f\u00f6r h\u00e5llbarhet. Dessa \u00e5teranv\u00e4ndbara muggar p\u00e5 500 ml \u00e4r tillverkade av GRS-certifierad \u00e5tervunnen aluminium och erbjuder ett premium- och milj\u00f6v\u00e4nligt alternativ till plast f\u00f6r din n\u00e4sta konferens, festival eller f\u00f6retagsevenemang. Deras eleganta, gl\u00e4nsande silverfinish ger den perfekta, h\u00f6gkvalitativa duken f\u00f6r din logotyp.<\/p>\n<p>Detta \u00e4r mer \u00e4n bara en kopp; det \u00e4r ett budskap. Materialet av \u00e5tervunnet aluminium \u00e4r l\u00e4tt men \u00e4nd\u00e5 h\u00e5llbart och GRS-certifierat (Global Recycled Standard). Denna certifiering garanterar materialets \u00e5tervunna ursprung, vilket ger full transparens f\u00f6r din h\u00e5llbara marknadsf\u00f6ring. <span class=\"citation-5 citation-end-5\">Till skillnad fr\u00e5n andra material kan aluminium \u00e5tervinnas n\u00e4stan o\u00e4ndligt utan att f\u00f6rlora sina ursprungliga egenskaper, en process som f\u00f6rbrukar betydligt mindre energi \u00e4n nyproduktion.<\/span> Att v\u00e4lja den h\u00e4r produkten visar ditt varum\u00e4rkes v\u00e4rderingar.<\/p>\n<p><b>Viktiga funktioner:<\/b><\/p>\n<ul>\n<li><b>Kapacitet:<\/b> 500 ml<\/li>\n<li><b>Material:<\/b> GRS-certifierad \u00e5tervunnen aluminium<\/li>\n<li><b>Avsluta:<\/b> Gl\u00e4nsande silver<\/li>\n<li><b>Milj\u00f6v\u00e4nlig:<\/b> \u00c5teranv\u00e4ndbar och o\u00e4ndligt \u00e5tervinningsbar<\/li>\n<li><b>L\u00e4ttvikt:<\/b> L\u00e4tt f\u00f6r g\u00e4ster att b\u00e4ra<\/li>\n<li><b>Auktoriserad:<\/b><span class=\"citation-4 citation-end-4\"> GRS (Global Recycled Standard) garanterar \u00e5tervunnet inneh\u00e5ll<\/span><\/li>\n<li><b>Varum\u00e4rkesbyggande:<\/b> Perfekt f\u00f6r lasergravering eller utskrift av din logotyp<\/li>\n<\/ul>","protected":false},"excerpt":{"rendered":"<ul>\n<li>Visa upp ditt varum\u00e4rke med en premiummugg p\u00e5 500 ml i \u00e5tervunnen aluminium.<\/li>\n<li>L\u00e4tt, h\u00e5llbar och har en elegant, gl\u00e4nsande silverfinish.<\/li>\n<li>GRS-certifierad f\u00f6r att garantera h\u00e5llbara, \u00e5tervunna material.<\/li>\n<li>Perfekt f\u00f6r milj\u00f6medvetna evenemang, f\u00f6retagspresenter och festivaler.<\/li>\n<\/ul>","protected":false},"featured_media":6593,"comment_status":"closed","ping_status":"closed","template":"","meta":[],"product_brand":[],"product_cat":[111],"product_tag":[],"class_list":{"0":"post-5195","1":"product","2":"type-product","3":"status-publish","4":"has-post-thumbnail","6":"product_cat-reusable-event-cups","8":"first","9":"instock","10":"shipping-taxable","11":"purchasable","12":"product-type-simple"},"_links":{"self":[{"href":"https:\/\/displayproducts.eu\/sv\/wp-json\/wp\/v2\/product\/5195","targetHints":{"allow":["GET"]}}],"collection":[{"href":"https:\/\/displayproducts.eu\/sv\/wp-json\/wp\/v2\/product"}],"about":[{"href":"https:\/\/displayproducts.eu\/sv\/wp-json\/wp\/v2\/types\/product"}],"replies":[{"embeddable":true,"href":"https:\/\/displayproducts.eu\/sv\/wp-json\/wp\/v2\/comments?post=5195"}],"wp:featuredmedia":[{"embeddable":true,"href":"https:\/\/displayproducts.eu\/sv\/wp-json\/wp\/v2\/media\/6593"}],"wp:attachment":[{"href":"https:\/\/displayproducts.eu\/sv\/wp-json\/wp\/v2\/media?parent=5195"}],"wp:term":[{"taxonomy":"product_brand","embeddable":true,"href":"https:\/\/displayproducts.eu\/sv\/wp-json\/wp\/v2\/product_brand?post=5195"},{"taxonomy":"product_cat","embeddable":true,"href":"https:\/\/displayproducts.eu\/sv\/wp-json\/wp\/v2\/product_cat?post=5195"},{"taxonomy":"product_tag","embeddable":true,"href":"https:\/\/displayproducts.eu\/sv\/wp-json\/wp\/v2\/product_tag?post=5195"}],"curies":[{"name":"wp","href":"https:\/\/api.w.org\/{rel}","templated":true}]}}