{"id":5183,"date":"2025-10-20T22:05:04","date_gmt":"2025-10-20T19:05:04","guid":{"rendered":"https:\/\/wristbandfactory.eu\/?post_type=product&#038;p=5183"},"modified":"2026-04-01T21:52:35","modified_gmt":"2026-04-01T18:52:35","slug":"reusable-event-cups-solid-frosted-finish-550ml","status":"publish","type":"product","link":"https:\/\/displayproducts.eu\/sv\/p\/reusable-event-cups-solid-frosted-finish-550ml\/","title":{"rendered":"\u00c5teranv\u00e4ndbara evenemangsmuggar (helf\u00e4rgade och frostade) 550 ml"},"content":{"rendered":"<p data-path-to-node=\"8\">F\u00f6rh\u00f6j ditt evenemangs estetik med v\u00e5ra \u00e5teranv\u00e4ndbara muggar p\u00e5 550 ml, tillg\u00e4ngliga i tre distinkta premiumutf\u00f6randen. Denna mugg \u00e4r den perfekta l\u00f6sningen f\u00f6r evenemangsarrang\u00f6rer, f\u00f6retag och lokaler som beh\u00f6ver varum\u00e4rkesbyggande som g\u00e5r ut\u00f6ver bara en logotyp.<\/p>\n<p data-path-to-node=\"9\">V\u00e4lj den finish som b\u00e4st matchar din varum\u00e4rkesidentitet:<\/p>\n<ul data-path-to-node=\"10\">\n<li>\n<p data-path-to-node=\"10,0,0\"><b>Fast vitt:<\/b> Erbjuder en ren, klassisk och v\u00e4l synlig arbetsyta f\u00f6r ditt varum\u00e4rke.<\/p>\n<\/li>\n<li>\n<p data-path-to-node=\"10,1,0\"><b>Helsvart:<\/b> Ger ett f\u00f6rstklassigt utseende med h\u00f6g kontrast, perfekt f\u00f6r VIP-evenemang och sofistikerad varum\u00e4rkesbyggande.<\/p>\n<\/li>\n<li>\n<p data-path-to-node=\"10,2,0\"><b>Transparent frostad:<\/b> Ger ett modernt, elegant och stilfullt utseende.<\/p>\n<\/li>\n<\/ul>\n<p data-path-to-node=\"11\">Tillverkade av slitstark, t\u00e5lig och l\u00e4tt polypropen (PP) \u00e4r dessa muggar utformade f\u00f6r upprepad anv\u00e4ndning p\u00e5 festivaler, konserter och f\u00f6retagsevenemang. De \u00e4r l\u00e4tta att diska och fungerar som ett h\u00e5llbart alternativ till eng\u00e5ngsglas.<\/p>\n<p data-path-to-node=\"12\">Den stora kapaciteten p\u00e5 550 ml \u00e4r perfekt f\u00f6r servering av alla typer av drycker, medan den stora ytan ger en utm\u00e4rkt duk f\u00f6r ditt personliga tryck. Denna kopp minskar inte bara svinn utan fungerar ocks\u00e5 som en souvenir att ta med hem, vilket f\u00f6rl\u00e4nger din varum\u00e4rkesexponering l\u00e5ngt efter evenemanget.<\/p>\n<p data-path-to-node=\"13\"><b>Viktiga funktioner:<\/b><\/p>\n<ul data-path-to-node=\"14\">\n<li>\n<p data-path-to-node=\"14,0,0\"><b>Premium-finishalternativ:<\/b> Finns i helvit, helsvart eller frostad transparent finish.<\/p>\n<\/li>\n<li>\n<p data-path-to-node=\"14,1,0\"><b>Stor kapacitet p\u00e5 550 ml:<\/b> Idealisk, m\u00e5ngsidig storlek f\u00f6r festivaler, arenor och konferenser.<\/p>\n<\/li>\n<li>\n<p data-path-to-node=\"14,2,0\"><b>Slitstarkt PP-material:<\/b> Slitstark, l\u00e4tt och brottbest\u00e4ndig polypropen utformad f\u00f6r \u00e5teranv\u00e4ndning.<\/p>\n<\/li>\n<li>\n<p data-path-to-node=\"14,3,0\"><b>H\u00e5llbar l\u00f6sning:<\/b> Ett \u00e5teranv\u00e4ndbart och tv\u00e4ttbart alternativ till eng\u00e5ngsmuggar f\u00f6r evenemang.<\/p>\n<\/li>\n<li>\n<p data-path-to-node=\"14,4,0\"><b>Stort varum\u00e4rkesomr\u00e5de:<\/b> Gott om utrymme f\u00f6r specialtryck, f\u00f6rst\u00e4rkt av den unika finishen.<\/p>\n<\/li>\n<\/ul>","protected":false},"excerpt":{"rendered":"<ul>\n<li>\n<p data-path-to-node=\"7,0,0\">V\u00e4lj din finish: Finns i helvitt, helsvart eller transparent frostad finish.<\/p>\n<\/li>\n<li>\n<p data-path-to-node=\"7,1,0\">Perfekt f\u00f6r premiumvarum\u00e4rkesbyggande p\u00e5 f\u00f6retagsevenemang, festivaler och arenor.<\/p>\n<\/li>\n<li>\n<p data-path-to-node=\"7,2,0\">Slitstarkt, l\u00e4tt och l\u00e4tttv\u00e4ttat \u00e5teranv\u00e4ndbart PP-material.<\/p>\n<\/li>\n<li>\n<p data-path-to-node=\"7,3,0\">Stor kapacitet p\u00e5 550 ml f\u00f6r servering av ett brett utbud av drycker.<\/p>\n<\/li>\n<li><\/li>\n<\/ul>","protected":false},"featured_media":6624,"comment_status":"closed","ping_status":"closed","template":"","meta":[],"product_brand":[],"product_cat":[111],"product_tag":[],"class_list":{"0":"post-5183","1":"product","2":"type-product","3":"status-publish","4":"has-post-thumbnail","6":"product_cat-reusable-event-cups","8":"first","9":"instock","10":"shipping-taxable","11":"purchasable","12":"product-type-simple"},"_links":{"self":[{"href":"https:\/\/displayproducts.eu\/sv\/wp-json\/wp\/v2\/product\/5183","targetHints":{"allow":["GET"]}}],"collection":[{"href":"https:\/\/displayproducts.eu\/sv\/wp-json\/wp\/v2\/product"}],"about":[{"href":"https:\/\/displayproducts.eu\/sv\/wp-json\/wp\/v2\/types\/product"}],"replies":[{"embeddable":true,"href":"https:\/\/displayproducts.eu\/sv\/wp-json\/wp\/v2\/comments?post=5183"}],"wp:featuredmedia":[{"embeddable":true,"href":"https:\/\/displayproducts.eu\/sv\/wp-json\/wp\/v2\/media\/6624"}],"wp:attachment":[{"href":"https:\/\/displayproducts.eu\/sv\/wp-json\/wp\/v2\/media?parent=5183"}],"wp:term":[{"taxonomy":"product_brand","embeddable":true,"href":"https:\/\/displayproducts.eu\/sv\/wp-json\/wp\/v2\/product_brand?post=5183"},{"taxonomy":"product_cat","embeddable":true,"href":"https:\/\/displayproducts.eu\/sv\/wp-json\/wp\/v2\/product_cat?post=5183"},{"taxonomy":"product_tag","embeddable":true,"href":"https:\/\/displayproducts.eu\/sv\/wp-json\/wp\/v2\/product_tag?post=5183"}],"curies":[{"name":"wp","href":"https:\/\/api.w.org\/{rel}","templated":true}]}}